{"id":581,"date":"2025-10-09T11:16:23","date_gmt":"2025-10-09T09:16:23","guid":{"rendered":"https:\/\/mirolab.cat\/politica-de-privacidad\/"},"modified":"2026-02-08T15:38:16","modified_gmt":"2026-02-08T14:38:16","slug":"politica-de-privacidad","status":"publish","type":"page","link":"https:\/\/mirolab.cat\/es\/politica-de-privacidad\/","title":{"rendered":"Pol\u00edtica de privacidad"},"content":{"rendered":"<p>[et_pb_section fb_built=\u00bb1&#8243; _builder_version=\u00bb4.27.5&#8243; _module_preset=\u00bbdefault\u00bb background_enable_color=\u00bboff\u00bb background_enable_image=\u00bboff\u00bb parallax=\u00bbon\u00bb parallax_method=\u00bboff\u00bb background_blend=\u00bbmultiply\u00bb custom_padding=\u00bb90px||96px||false|false\u00bb global_colors_info=\u00bb{}\u00bb][et_pb_row column_structure=\u00bb2_5,3_5&#8243; _builder_version=\u00bb4.27.4&#8243; _module_preset=\u00bbdefault\u00bb global_colors_info=\u00bb{}\u00bb][et_pb_column type=\u00bb2_5&#8243; _builder_version=\u00bb4.27.4&#8243; _module_preset=\u00bbdefault\u00bb global_colors_info=\u00bb{}\u00bb][et_pb_image src=\u00bbhttps:\/\/mirolab.cat\/wp-content\/uploads\/2025\/10\/Mirolab_icono.webp\u00bb alt=\u00bbMir\u00f3Lab icono\u00bb title_text=\u00bbMir\u00f3Lab icono\u00bb align=\u00bbcenter\u00bb src_last_edited=\u00bboff|phone\u00bb _builder_version=\u00bb4.27.4&#8243; _module_preset=\u00bbdefault\u00bb max_width=\u00bb160px\u00bb sticky_position=\u00bbtop\u00bb sticky_offset_top=\u00bb30px\u00bb sticky_limit_bottom=\u00bbsection\u00bb scroll_rotating_enable=\u00bbon\u00bb scroll_rotating=\u00bb0|50|50|100|0\u00b0|180\u00b0|360\u00b0\u00bb sticky_position_tablet=\u00bbtop\u00bb sticky_position_phone=\u00bbnone\u00bb sticky_position_last_edited=\u00bbon|desktop\u00bb global_colors_info=\u00bb{}\u00bb][\/et_pb_image][et_pb_text _builder_version=\u00bb4.27.5&#8243; _module_preset=\u00bbdefault\u00bb header_font=\u00bb||||||||\u00bb header_3_font=\u00bb|||on|||||\u00bb header_3_text_align=\u00bbcenter\u00bb header_3_font_size=\u00bb27px\u00bb sticky_limit_bottom=\u00bbsection\u00bb global_colors_info=\u00bb{}\u00bb]<\/p>\n<h3><strong>MIR\u00f3lab<\/strong><\/h3>\n<p>[\/et_pb_text][\/et_pb_column][et_pb_column type=\u00bb3_5&#8243; _builder_version=\u00bb4.27.4&#8243; _module_preset=\u00bbdefault\u00bb global_colors_info=\u00bb{}\u00bb][et_pb_text _builder_version=\u00bb4.27.5&#8243; _module_preset=\u00bbdefault\u00bb header_font=\u00bb|||on|||||\u00bb header_text_align=\u00bbleft\u00bb header_font_size=\u00bb35px\u00bb header_line_height=\u00bb1.2em\u00bb header_3_font=\u00bb||||||||\u00bb custom_margin=\u00bb||||false|false\u00bb sticky_limit_bottom=\u00bbsection\u00bb hover_enabled=\u00bb0&#8243; global_colors_info=\u00bb{}\u00bb sticky_enabled=\u00bb0&#8243;]<\/p>\n<h1>Pol\u00edtica de privacidad<\/h1>\n<p>[\/et_pb_text][et_pb_text _builder_version=\u00bb4.27.5&#8243; _module_preset=\u00bbdefault\u00bb text_font=\u00bb|300|||||||\u00bb link_text_color=\u00bb#AA9A7D\u00bb header_2_font=\u00bb|300||on|||||\u00bb header_2_font_size=\u00bb18px\u00bb header_2_line_height=\u00bb1.1em\u00bb header_3_font_size=\u00bb18px\u00bb header_3_line_height=\u00bb1.1em\u00bb header_4_line_height=\u00bb1.1em\u00bb custom_margin=\u00bb0px||||false|false\u00bb custom_padding=\u00bb0px||||false|false\u00bb hover_enabled=\u00bb0&#8243; text_font_size_tablet=\u00bb18px\u00bb text_font_size_phone=\u00bb16px\u00bb text_font_size_last_edited=\u00bbon|phone\u00bb custom_css_free_form=\u00bbh2, h3 {||  margin-top:20px;||}\u00bb global_colors_info=\u00bb{}\u00bb sticky_enabled=\u00bb0&#8243;]<\/p>\n<h2>1. Quien es el responsable del tratamiento de sus datos?<\/h2>\n<p><strong>Identitat:<\/strong> Associaci\u00f3 Esportiva Central<br \/><strong>NIF:<\/strong> G-62074950<br \/><strong>Dir. postal:<\/strong> C\/ Enten\u00e7a 63, 08015 Barcelona<br \/><strong>Contacte:<\/strong> <a href=\"mailto:hola@mirolab.cat\">hola@mirolab.cat<\/a> \u2014 934 234 350<\/p>\n<h2>2. Con que finalidad tratamos sus datos personales?<\/h2>\n<h3>Para contactar con el responsable y recibr informaci\u00f3n:<\/h3>\n<p>En <strong>MIROLAB<\/strong> tratamos la informaci\u00f3n qu nos facilitan las personas interesadas en contactar con nosotros por v\u00eda postal, electr\u00f3nica o telef\u00f3nica, con la finalidad de responder sus consultas y poder informarle por v\u00eda postal, telef\u00f3nica o electr\u00f3nica sobre nuestros productos, servicios, novedades y eventos de <strong>MIROLAB<\/strong>. No se toman decesiones automatizadas sobre la base de esta informaci\u00f3n.<\/p>\n<h3>Para solicitar o contratar nuestros servicios: <\/h3>\n<p><strong>MIR\u00d3LAB<\/strong> tambi\u00e9n podr\u00e1s tratar la informaci\u00f3n sobre las personas interesadas en alguno de los servicios ofrecidos por el responsable con la finalidad de gestionar la prestaci\u00f3n de servicios solicitados.<\/p>\n<h3>Para inscribirse en nuestra bolsa de trabajo<\/h3>\n<p>En <strong>MIROLAB<\/strong> tratamos la informaci\u00f3n que nos facilitan las personas interesadas con la finalidad de poder gestionar su registro y su solicitud, as\u00ed como la gesti\u00f3n de su candidatura en la bolsa de trabajo de la plataforma.<\/p>\n<h2>3. Por cuanto tiempo conservaremos los datos?<\/h2>\n<h3>Para la finalidad de contactar con el responsable y recibir informaci\u00f3n: <\/h3>\n<p>Los datos personales proporcionados se conservaran hasta que se solicite la supresi\u00f3n o el u\u00a1interesado revoque el consentimiento. Para revocar su consentimiento puede presentar la solicitud en la cuenta de correo: <a href=\"mailto:hola@mirolab.cat\">hola@mirolab.cat<\/a><\/p>\n<h3>Para la finalidad de solicitar o contratar nuestros servicios:<\/h3>\n<p>En el supuesto de contratar el interesado o usuario los servicios ofertados per el responsable, los datos personales se conservaran mientras se mantenga la relaci\u00f3ncontractual con <strong>MIROLAB<\/strong> y posteriormente hasta cumplir con obligaciones legales de conservaci\u00f3n sobre la base de normativa vigente.<\/p>\n<h3>Para la finalidad de gesti\u00f3n de bolsa de trabajo<\/h3>\n<p>Los datos personales proporcionados se conservaran hasta que solicite la baja del servicio de la bolsa de trabajo o revoque el consentimiento. Posteriormente los datos se podr\u00e1n mantener bloqueados solamente para cumplir con obligaciones legales de conservaci\u00f3n para posibles responsabilidades en el tratamiento de las personas. Para revocar su consentimiento puede presentar la solicitud en la cuenta de correo: <a href=\"mailto:hola@mirolab.cat\">hola@mirolab.cat<\/a><\/p>\n<h2>4. C\u00faal es la legitimaci\u00f3n para el tratamiento de sus datos?<\/h2>\n<p>La base jur\u00eddica para el trato de sus datos para la finalidad de poder respomder<\/p>\n<p>La base jur\u00eddica para el tratamiento de sus datos para la finalidad de poder prestar los servicios contratados con MIR\u00d3LAB, es la ejecuci\u00f3n del contrato.<\/p>\n<p>La base jur\u00eddica para que <strong>MIR\u00d3LAB<\/strong> trate sus datos con la finalidad de gestionar su solicitud de inscripci\u00f3n en la bolsa de trabajo, es el consentimiento del interesado.<\/p>\n<h2>5. Cuales son sus derechos cuando nos facilita su datos?<\/h2>\n<ul>\n<li>Cualquier persona tiene derecho a obtener informaci\u00f3n sobre si en MIR\u00d3LAB estamos tratando los datos personales que les conciernen o no. <\/li>\n<li>Las personas interesadas tienen derecho a acceder a sus datos personales, as\u00ed como a solicitar la rectificaci\u00f3 de los datos inexactos o, en su caso, solicitar la supresi\u00f3n cuando, entre otros motivos, los datos ya no sean necesarios para lo que han sido recogidos.<\/li>\n<li>En determinadas circunstancias, los interesados podr\u00e1n solicitar la limitaci\u00f3n del tratamiento de los datos, y en este casounicamente los conservaremos para el ejercicio o la defensa de reclamaciones.<\/li>\n<li>En determinadas circunstancias y por motivos relacionados con su situaci\u00f3n particular, los interesados podr\u00e1n oponerse al tratamiento de sus datos. <strong>MIR\u00d3LAB<\/strong> dejar\u00f1a de tratar sus datos, excepto por motivos imperiosos, o el ejercicio de la defensa o posibles reclamaciones.<\/li>\n<li>Los interesados podr\u00e1n solicitar la portabilidad de sus datos en soporte automatizado a otro responsable. <\/li>\n<li>En el momento de la cancelaci\u00f3n de los datos, unicamente los conservaremos bloqueados, para el cumplimiento de las obligaciones legales.<\/li>\n<\/ul>\n<p>Puede consultar m\u00e1s informaci\u00f3n sobre sus derechos o presentar una reclamaci\u00f3n delante de l\u2019Ag\u00e8ncia Espanyola de Protecci\u00f3 de Dades a <a href=\"https:\/\/www.agpd.es\/\" target=\"_blank\" rel=\"noopener noreferrer\">www.agpd.es<\/a>. Para ejercer los derechos de acceso, rectificaci\u00f3n, supresi\u00f3n, oposici\u00f3n, portabilidad de los datos, limitaci\u00f3n del tratamiento o solicitar la revocaci\u00f3n del consentimiento prestado, puede dirigirser a  <strong>MIR\u00d3LAB<\/strong> enviando un correo electr\u00f2nico a <a href=\"mailto:hola@mirolab.cat\">hola@mirolab.cat<\/a>.<\/p>\n<h2>6. Como hemos obtenido sus datos?<\/h2>\n<p>Les datos personales que tratamos en <strong>MIR\u00d3LAB<\/strong> proceden del propio interesado<\/p>\n<h2>7. Les categorias de datos que se tratan son:<\/h2>\n<ul>\n<li>Datos de identificaci\u00f3n<\/li>\n<li>C\u00f3digos o claves de identificaci\u00f3n<\/li>\n<li>Direcciones postales o eletr\u00f3nicas y tel\u00e9fono.<\/li>\n<li>Datos profesionales i\/o acad\u00e9micos (solo para la gesti\u00f3n de la bolsa de trabajo)<\/li>\n<li>Datos econ\u00f3micos y financieros (solo para la contrataci\u00f3n de servicios)<\/li>\n<\/ul>\n<h2>8. Como garantizamos la sefuridad de sus datos?<\/h2>\n<p>Adoptamos las medidas necesarias para evitar su alteraci\u00f3n, tratamiento o acceso no autorizado, teniendo en cuneta en todo momento el estado de la tecnolog\u00eda.<\/p>\n<p>[\/et_pb_text][\/et_pb_column][\/et_pb_row][\/et_pb_section]<\/p>\n","protected":false},"excerpt":{"rendered":"<p>MIR\u00f3labPol\u00edtica de privacidad1. Quien es el responsable del tratamiento de sus datos? Identitat: Associaci\u00f3 Esportiva CentralNIF: G-62074950Dir. postal: C\/ Enten\u00e7a 63, 08015 BarcelonaContacte: hola@mirolab.cat \u2014 934 234 350 2. Con que finalidad tratamos sus datos personales? Para contactar con el responsable y recibr informaci\u00f3n: En MIROLAB tratamos la informaci\u00f3n qu nos facilitan las personas interesadas [&hellip;]<\/p>\n","protected":false},"author":1,"featured_media":0,"parent":0,"menu_order":0,"comment_status":"closed","ping_status":"closed","template":"","meta":{"_acf_changed":false,"_et_pb_use_builder":"on","_et_pb_old_content":"","_et_gb_content_width":"","footnotes":""},"class_list":["post-581","page","type-page","status-publish","hentry"],"acf":[],"yoast_head":"<!-- This site is optimized with the Yoast SEO plugin v26.3 - https:\/\/yoast.com\/wordpress\/plugins\/seo\/ -->\n<title>Pol\u00edtica de privacidad - MiroLab Barcelona<\/title>\n<meta name=\"robots\" content=\"index, follow, max-snippet:-1, max-image-preview:large, max-video-preview:-1\" \/>\n<link rel=\"canonical\" href=\"https:\/\/mirolab.cat\/es\/politica-de-privacidad\/\" \/>\n<meta property=\"og:locale\" content=\"es_ES\" \/>\n<meta property=\"og:type\" content=\"article\" \/>\n<meta property=\"og:title\" content=\"Pol\u00edtica de privacidad - MiroLab Barcelona\" \/>\n<meta property=\"og:description\" content=\"MIR\u00f3labPol\u00edtica de privacidad1. Quien es el responsable del tratamiento de sus datos? Identitat: Associaci\u00f3 Esportiva CentralNIF: G-62074950Dir. postal: C\/ Enten\u00e7a 63, 08015 BarcelonaContacte: hola@mirolab.cat \u2014 934 234 350 2. Con que finalidad tratamos sus datos personales? Para contactar con el responsable y recibr informaci\u00f3n: En MIROLAB tratamos la informaci\u00f3n qu nos facilitan las personas interesadas [&hellip;]\" \/>\n<meta property=\"og:url\" content=\"https:\/\/mirolab.cat\/es\/politica-de-privacidad\/\" \/>\n<meta property=\"og:site_name\" content=\"MiroLab Barcelona\" \/>\n<meta property=\"article:modified_time\" content=\"2026-02-08T14:38:16+00:00\" \/>\n<meta name=\"twitter:card\" content=\"summary_large_image\" \/>\n<meta name=\"twitter:label1\" content=\"Tiempo de lectura\" \/>\n\t<meta name=\"twitter:data1\" content=\"6 minutos\" \/>\n<script type=\"application\/ld+json\" class=\"yoast-schema-graph\">{\"@context\":\"https:\/\/schema.org\",\"@graph\":[{\"@type\":\"WebPage\",\"@id\":\"https:\/\/mirolab.cat\/es\/politica-de-privacidad\/\",\"url\":\"https:\/\/mirolab.cat\/es\/politica-de-privacidad\/\",\"name\":\"Pol\u00edtica de privacidad - MiroLab Barcelona\",\"isPartOf\":{\"@id\":\"https:\/\/mirolab.cat\/es\/#website\"},\"datePublished\":\"2025-10-09T09:16:23+00:00\",\"dateModified\":\"2026-02-08T14:38:16+00:00\",\"breadcrumb\":{\"@id\":\"https:\/\/mirolab.cat\/es\/politica-de-privacidad\/#breadcrumb\"},\"inLanguage\":\"es\",\"potentialAction\":[{\"@type\":\"ReadAction\",\"target\":[\"https:\/\/mirolab.cat\/es\/politica-de-privacidad\/\"]}]},{\"@type\":\"BreadcrumbList\",\"@id\":\"https:\/\/mirolab.cat\/es\/politica-de-privacidad\/#breadcrumb\",\"itemListElement\":[{\"@type\":\"ListItem\",\"position\":1,\"name\":\"Inici\",\"item\":\"https:\/\/mirolab.cat\/es\/mirolab-barcelona-innova-lab-sports\/\"},{\"@type\":\"ListItem\",\"position\":2,\"name\":\"Pol\u00edtica de privacidad\"}]},{\"@type\":\"WebSite\",\"@id\":\"https:\/\/mirolab.cat\/es\/#website\",\"url\":\"https:\/\/mirolab.cat\/es\/\",\"name\":\"MiroLab Barcelona\",\"description\":\"Rendiment i salut basats en dades.\",\"potentialAction\":[{\"@type\":\"SearchAction\",\"target\":{\"@type\":\"EntryPoint\",\"urlTemplate\":\"https:\/\/mirolab.cat\/es\/?s={search_term_string}\"},\"query-input\":{\"@type\":\"PropertyValueSpecification\",\"valueRequired\":true,\"valueName\":\"search_term_string\"}}],\"inLanguage\":\"es\"}]}<\/script>\n<!-- \/ Yoast SEO plugin. -->","yoast_head_json":{"title":"Pol\u00edtica de privacidad - MiroLab Barcelona","robots":{"index":"index","follow":"follow","max-snippet":"max-snippet:-1","max-image-preview":"max-image-preview:large","max-video-preview":"max-video-preview:-1"},"canonical":"https:\/\/mirolab.cat\/es\/politica-de-privacidad\/","og_locale":"es_ES","og_type":"article","og_title":"Pol\u00edtica de privacidad - MiroLab Barcelona","og_description":"MIR\u00f3labPol\u00edtica de privacidad1. Quien es el responsable del tratamiento de sus datos? Identitat: Associaci\u00f3 Esportiva CentralNIF: G-62074950Dir. postal: C\/ Enten\u00e7a 63, 08015 BarcelonaContacte: hola@mirolab.cat \u2014 934 234 350 2. Con que finalidad tratamos sus datos personales? Para contactar con el responsable y recibr informaci\u00f3n: En MIROLAB tratamos la informaci\u00f3n qu nos facilitan las personas interesadas [&hellip;]","og_url":"https:\/\/mirolab.cat\/es\/politica-de-privacidad\/","og_site_name":"MiroLab Barcelona","article_modified_time":"2026-02-08T14:38:16+00:00","twitter_card":"summary_large_image","twitter_misc":{"Tiempo de lectura":"6 minutos"},"schema":{"@context":"https:\/\/schema.org","@graph":[{"@type":"WebPage","@id":"https:\/\/mirolab.cat\/es\/politica-de-privacidad\/","url":"https:\/\/mirolab.cat\/es\/politica-de-privacidad\/","name":"Pol\u00edtica de privacidad - MiroLab Barcelona","isPartOf":{"@id":"https:\/\/mirolab.cat\/es\/#website"},"datePublished":"2025-10-09T09:16:23+00:00","dateModified":"2026-02-08T14:38:16+00:00","breadcrumb":{"@id":"https:\/\/mirolab.cat\/es\/politica-de-privacidad\/#breadcrumb"},"inLanguage":"es","potentialAction":[{"@type":"ReadAction","target":["https:\/\/mirolab.cat\/es\/politica-de-privacidad\/"]}]},{"@type":"BreadcrumbList","@id":"https:\/\/mirolab.cat\/es\/politica-de-privacidad\/#breadcrumb","itemListElement":[{"@type":"ListItem","position":1,"name":"Inici","item":"https:\/\/mirolab.cat\/es\/mirolab-barcelona-innova-lab-sports\/"},{"@type":"ListItem","position":2,"name":"Pol\u00edtica de privacidad"}]},{"@type":"WebSite","@id":"https:\/\/mirolab.cat\/es\/#website","url":"https:\/\/mirolab.cat\/es\/","name":"MiroLab Barcelona","description":"Rendiment i salut basats en dades.","potentialAction":[{"@type":"SearchAction","target":{"@type":"EntryPoint","urlTemplate":"https:\/\/mirolab.cat\/es\/?s={search_term_string}"},"query-input":{"@type":"PropertyValueSpecification","valueRequired":true,"valueName":"search_term_string"}}],"inLanguage":"es"}]}},"_links":{"self":[{"href":"https:\/\/mirolab.cat\/es\/wp-json\/wp\/v2\/pages\/581","targetHints":{"allow":["GET"]}}],"collection":[{"href":"https:\/\/mirolab.cat\/es\/wp-json\/wp\/v2\/pages"}],"about":[{"href":"https:\/\/mirolab.cat\/es\/wp-json\/wp\/v2\/types\/page"}],"author":[{"embeddable":true,"href":"https:\/\/mirolab.cat\/es\/wp-json\/wp\/v2\/users\/1"}],"replies":[{"embeddable":true,"href":"https:\/\/mirolab.cat\/es\/wp-json\/wp\/v2\/comments?post=581"}],"version-history":[{"count":9,"href":"https:\/\/mirolab.cat\/es\/wp-json\/wp\/v2\/pages\/581\/revisions"}],"predecessor-version":[{"id":1830,"href":"https:\/\/mirolab.cat\/es\/wp-json\/wp\/v2\/pages\/581\/revisions\/1830"}],"wp:attachment":[{"href":"https:\/\/mirolab.cat\/es\/wp-json\/wp\/v2\/media?parent=581"}],"curies":[{"name":"wp","href":"https:\/\/api.w.org\/{rel}","templated":true}]}}