{"id":519,"date":"2025-11-08T19:34:29","date_gmt":"2025-11-08T18:34:29","guid":{"rendered":"https:\/\/mirolab.cat\/metabolic-flex\/"},"modified":"2026-02-09T12:07:53","modified_gmt":"2026-02-09T11:07:53","slug":"metabolic-flex","status":"publish","type":"page","link":"https:\/\/mirolab.cat\/es\/metabolic-flex\/","title":{"rendered":"Metab\u00f3lico Flex"},"content":{"rendered":"<p>[et_pb_section fb_built=\u00bb1&#8243; module_class=\u00bbmlab-mobile-hero\u00bb _builder_version=\u00bb4.27.5&#8243; _module_preset=\u00bbdefault\u00bb background_enable_color=\u00bboff\u00bb background_enable_image=\u00bboff\u00bb parallax=\u00bbon\u00bb background_blend=\u00bboverlay\u00bb custom_padding=\u00bb||0px||false|false\u00bb background_last_edited=\u00bboff|desktop\u00bb background_image_phone=\u00bbhttps:\/\/mirolab.cat\/wp-content\/uploads\/2026\/01\/img_myCouch_mb.webp\u00bb background_enable_image_phone=\u00bbon\u00bb global_colors_info=\u00bb{}\u00bb da_is_popup=\u00bboff\u00bb da_exit_intent=\u00bboff\u00bb da_has_close=\u00bbon\u00bb da_alt_close=\u00bboff\u00bb da_dark_close=\u00bboff\u00bb da_not_modal=\u00bbon\u00bb da_is_singular=\u00bboff\u00bb da_with_loader=\u00bboff\u00bb da_has_shadow=\u00bbon\u00bb da_disable_devices=\u00bboff|off|off\u00bb][et_pb_row custom_padding_last_edited=\u00bboff|phone\u00bb module_class=\u00bbmlab-hero-content\u00bb _builder_version=\u00bb4.27.5&#8243; _module_preset=\u00bbdefault\u00bb z_index=\u00bb0&#8243; width=\u00bb90%\u00bb max_width=\u00bb90%\u00bb custom_margin=\u00bb||||false|false\u00bb custom_margin_tablet=\u00bb|auto||auto|false|false\u00bb custom_margin_phone=\u00bb||||false|false\u00bb custom_margin_last_edited=\u00bboff|tablet\u00bb custom_padding=\u00bb0px||0px||false|false\u00bb custom_padding_tablet=\u00bb60px||110px||false|false\u00bb custom_padding_phone=\u00bb60px||110px||false|false\u00bb sticky_limit_bottom=\u00bbbody\u00bb global_colors_info=\u00bb{}\u00bb][et_pb_column type=\u00bb4_4&#8243; _builder_version=\u00bb4.27.4&#8243; _module_preset=\u00bbdefault\u00bb global_colors_info=\u00bb{}\u00bb][et_pb_image src=\u00bbhttps:\/\/mirolab.cat\/wp-content\/uploads\/2025\/10\/Mirolab_icono.webp\u00bb alt=\u00bbMir\u00f3Lab icono\u00bb title_text=\u00bbMir\u00f3Lab icono\u00bb align=\u00bbcenter\u00bb _builder_version=\u00bb4.27.5&#8243; _module_preset=\u00bbdefault\u00bb max_width=\u00bb70px\u00bb custom_margin=\u00bb||31px|||\u00bb scroll_rotating_enable=\u00bbon\u00bb scroll_rotating=\u00bb0|43|47|100|90|0|180\u00b0\u00bb global_colors_info=\u00bb{}\u00bb][\/et_pb_image][et_pb_text _builder_version=\u00bb4.27.5&#8243; _module_preset=\u00bbdefault\u00bb header_font=\u00bb|||on|||||\u00bb header_text_color=\u00bb#37322E\u00bb header_font_size=\u00bb50px\u00bb text_orientation=\u00bbcenter\u00bb custom_margin=\u00bb||0px|||\u00bb custom_padding=\u00bb||22px|||\u00bb animation_style=\u00bbslide\u00bb animation_duration=\u00bb1300ms\u00bb animation_intensity_slide=\u00bb10%\u00bb header_font_size_tablet=\u00bb60px\u00bb header_font_size_phone=\u00bb40px\u00bb header_font_size_last_edited=\u00bbon|phone\u00bb header_2_font_tablet=\u00bbUrbanist|100||on|||||\u00bb header_2_font_phone=\u00bbUrbanist|500||on|||||\u00bb header_2_font_last_edited=\u00bboff|desktop\u00bb header_2_font_size_tablet=\u00bb30px\u00bb header_2_font_size_phone=\u00bb18px\u00bb header_2_font_size_last_edited=\u00bboff|desktop\u00bb global_colors_info=\u00bb{}\u00bb]<\/p>\n<h1>Metabolic flex<\/h1>\n<p>[\/et_pb_text][\/et_pb_column][\/et_pb_row][et_pb_row custom_padding_last_edited=\u00bboff|desktop\u00bb module_class=\u00bbmlab-hero-image\u00bb _builder_version=\u00bb4.27.5&#8243; _module_preset=\u00bbdefault\u00bb z_index=\u00bb0&#8243; width_tablet=\u00bb\u00bb width_phone=\u00bb100%\u00bb width_last_edited=\u00bbon|phone\u00bb custom_margin=\u00bb||||false|false\u00bb custom_margin_tablet=\u00bb|auto||auto|false|false\u00bb custom_margin_phone=\u00bb||||false|false\u00bb custom_margin_last_edited=\u00bboff|tablet\u00bb custom_padding=\u00bb0px||0px||false|false\u00bb custom_padding_tablet=\u00bb60px||110px||false|false\u00bb custom_padding_phone=\u00bb60px||110px||false|false\u00bb sticky_limit_bottom=\u00bbbody\u00bb global_colors_info=\u00bb{}\u00bb][et_pb_column type=\u00bb4_4&#8243; _builder_version=\u00bb4.27.4&#8243; _module_preset=\u00bbdefault\u00bb global_colors_info=\u00bb{}\u00bb][et_pb_image src=\u00bbhttps:\/\/mirolab.cat\/wp-content\/uploads\/2026\/01\/flor_metabolic.webp\u00bb alt=\u00bbMetabolic Flex Mir\u00f3Lab\u00bb title_text=\u00bbMetabolic Flex Mir\u00f3Lab\u00bb align=\u00bbcenter\u00bb _builder_version=\u00bb4.27.5&#8243; _module_preset=\u00bbdefault\u00bb max_width=\u00bb460px\u00bb custom_padding=\u00bb||||false|false\u00bb global_colors_info=\u00bb{}\u00bb][\/et_pb_image][\/et_pb_column][\/et_pb_row][\/et_pb_section][et_pb_section fb_built=\u00bb1&#8243; _builder_version=\u00bb4.27.5&#8243; custom_padding=\u00bb||||true|false\u00bb global_colors_info=\u00bb{}\u00bb da_is_popup=\u00bboff\u00bb da_exit_intent=\u00bboff\u00bb da_has_close=\u00bbon\u00bb da_alt_close=\u00bboff\u00bb da_dark_close=\u00bboff\u00bb da_not_modal=\u00bbon\u00bb da_is_singular=\u00bboff\u00bb da_with_loader=\u00bboff\u00bb da_has_shadow=\u00bbon\u00bb da_disable_devices=\u00bboff|off|off\u00bb][et_pb_row _builder_version=\u00bb4.27.5&#8243; _module_preset=\u00bbdefault\u00bb background_enable_color=\u00bboff\u00bb width_last_edited=\u00bboff|desktop\u00bb module_alignment=\u00bbcenter\u00bb animation_direction=\u00bbbottom\u00bb global_colors_info=\u00bb{}\u00bb max_width__hover_enabled=\u00bboff|desktop\u00bb][et_pb_column type=\u00bb4_4&#8243; _builder_version=\u00bb4.27.5&#8243; _module_preset=\u00bbdefault\u00bb custom_padding=\u00bb||||true|true\u00bb global_colors_info=\u00bb{}\u00bb][et_pb_text _builder_version=\u00bb4.27.5&#8243; _module_preset=\u00bbdefault\u00bb text_text_color=\u00bb#37322E\u00bb text_line_height=\u00bb1.6em\u00bb ul_font_size=\u00bb15px\u00bb ul_line_height=\u00bb1.6em\u00bb header_2_font_size=\u00bb36px\u00bb header_2_line_height=\u00bb1.3em\u00bb text_orientation=\u00bbcenter\u00bb max_width=\u00bb700px\u00bb module_alignment=\u00bbcenter\u00bb custom_margin=\u00bb||10px||false|false\u00bb animation_style=\u00bbslide\u00bb animation_direction=\u00bbbottom\u00bb animation_duration=\u00bb1250ms\u00bb animation_delay=\u00bb300ms\u00bb animation_intensity_slide=\u00bb23%\u00bb header_2_font_size_tablet=\u00bb36px\u00bb header_2_font_size_phone=\u00bb28px\u00bb header_2_font_size_last_edited=\u00bbon|phone\u00bb global_colors_info=\u00bb{}\u00bb]<\/p>\n<h2>Capacidad de tu cuerpo<br \/>para utilizar energ\u00eda eficiente<\/h2>\n<p>Aqu\u00ed analizamos la capacidad de tu metabolismo para alternar entre grasas y carbohidratos segun la intensidad del ejercicio. La flexibilidad metab\u00f3lica es clave para evitar fatiga, mejorar el rendimiento y optimizar la alimentaci\u00f3n. <\/p>\n<p>[\/et_pb_text][et_pb_button button_url=\u00bb#contacto\u00bb button_text=\u00bbContacto\u00bb button_alignment=\u00bbcenter\u00bb _builder_version=\u00bb4.27.5&#8243; _module_preset=\u00bbdefault\u00bb custom_margin=\u00bb||||false|false\u00bb animation_style=\u00bbslide\u00bb animation_duration=\u00bb1150ms\u00bb animation_intensity_slide=\u00bb11%\u00bb locked=\u00bboff\u00bb global_colors_info=\u00bb{}\u00bb][\/et_pb_button][\/et_pb_column][\/et_pb_row][et_pb_row column_structure=\u00bb1_3,1_3,1_3&#8243; use_custom_gutter=\u00bbon\u00bb gutter_width=\u00bb2&#8243; make_equal=\u00bbon\u00bb _builder_version=\u00bb4.27.5&#8243; _module_preset=\u00bbdefault\u00bb background_enable_color=\u00bboff\u00bb width=\u00bb90%\u00bb width_last_edited=\u00bboff|desktop\u00bb max_width=\u00bb1280px\u00bb module_alignment=\u00bbcenter\u00bb custom_margin=\u00bb|361px||auto||\u00bb custom_padding=\u00bb60px||60px||false|false\u00bb animation_direction=\u00bbbottom\u00bb global_colors_info=\u00bb{}\u00bb max_width__hover_enabled=\u00bboff|desktop\u00bb][et_pb_column type=\u00bb1_3&#8243; _builder_version=\u00bb4.27.5&#8243; _module_preset=\u00bbdefault\u00bb background_color=\u00bb#f2eee6&#8243; custom_padding=\u00bb20px|20px|20px|20px|true|true\u00bb animation_style=\u00bbslide\u00bb animation_direction=\u00bbbottom\u00bb animation_duration=\u00bb1200ms\u00bb animation_intensity_slide=\u00bb11%\u00bb scroll_blur=\u00bb0|43|67|100|8px|0px|0px\u00bb border_radii=\u00bbon|20px|20px|20px|20px\u00bb border_width_all=\u00bb1px\u00bb border_color_all=\u00bb#37322E\u00bb box_shadow_style=\u00bbpreset3&#8243; global_colors_info=\u00bb{}\u00bb][et_pb_image src=\u00bbhttps:\/\/mirolab.cat\/wp-content\/uploads\/2026\/01\/ico_aporta.webp\u00bb title_text=\u00bbico_aporta\u00bb align=\u00bbcenter\u00bb _builder_version=\u00bb4.27.5&#8243; _module_preset=\u00bbdefault\u00bb max_width=\u00bb35px\u00bb custom_margin=\u00bb10px||25px||false|false\u00bb global_colors_info=\u00bb{}\u00bb][\/et_pb_image][dsm_text_divider header=\u00bb\u00bfQu\u00e9 evaluamos?\u00bb color=\u00bb#37322E\u00bb _builder_version=\u00bb4.27.5&#8243; _module_preset=\u00bbdefault\u00bb header_font_size=\u00bb28px\u00bb custom_margin=\u00bb||25px||false|false\u00bb global_colors_info=\u00bb{}\u00bb][\/dsm_text_divider][et_pb_text disabled_on=\u00bboff|off|off\u00bb _builder_version=\u00bb4.27.5&#8243; _module_preset=\u00bbdefault\u00bb header_3_font_size=\u00bb32px\u00bb text_orientation=\u00bbcenter\u00bb max_width=\u00bb280px\u00bb max_width_tablet=\u00bb600px\u00bb max_width_phone=\u00bb280px\u00bb max_width_last_edited=\u00bbon|phone\u00bb module_alignment=\u00bbcenter\u00bb custom_margin=\u00bb||10px||false|false\u00bb animation_style=\u00bbslide\u00bb animation_direction=\u00bbbottom\u00bb animation_duration=\u00bb1250ms\u00bb animation_delay=\u00bb300ms\u00bb animation_intensity_slide=\u00bb23%\u00bb global_colors_info=\u00bb{}\u00bb]<\/p>\n<p>Preferencia energ\u00e9tica segun intensidad<\/p>\n<p>[\/et_pb_text][et_pb_text disabled_on=\u00bboff|off|off\u00bb _builder_version=\u00bb4.27.5&#8243; _module_preset=\u00bbdefault\u00bb header_3_font_size=\u00bb32px\u00bb text_orientation=\u00bbcenter\u00bb max_width=\u00bb280px\u00bb max_width_tablet=\u00bb600px\u00bb max_width_phone=\u00bb280px\u00bb max_width_last_edited=\u00bbon|phone\u00bb module_alignment=\u00bbcenter\u00bb custom_margin=\u00bb||10px||false|false\u00bb animation_style=\u00bbslide\u00bb animation_direction=\u00bbbottom\u00bb animation_duration=\u00bb1250ms\u00bb animation_delay=\u00bb300ms\u00bb animation_intensity_slide=\u00bb23%\u00bb global_colors_info=\u00bb{}\u00bb]<\/p>\n<p>Patrones de quema de grasas vs carbohidratos.<\/p>\n<p>[\/et_pb_text][et_pb_text disabled_on=\u00bboff|off|off\u00bb _builder_version=\u00bb4.27.5&#8243; _module_preset=\u00bbdefault\u00bb header_3_font_size=\u00bb32px\u00bb text_orientation=\u00bbcenter\u00bb max_width=\u00bb280px\u00bb max_width_tablet=\u00bb600px\u00bb max_width_phone=\u00bb280px\u00bb max_width_last_edited=\u00bbon|phone\u00bb module_alignment=\u00bbcenter\u00bb custom_margin=\u00bb||10px||false|false\u00bb custom_padding=\u00bb||||false|false\u00bb animation_style=\u00bbslide\u00bb animation_direction=\u00bbbottom\u00bb animation_duration=\u00bb1250ms\u00bb animation_delay=\u00bb300ms\u00bb animation_intensity_slide=\u00bb23%\u00bb global_colors_info=\u00bb{}\u00bb]<\/p>\n<p>Zonas de eficiencia metab\u00f3lica<\/p>\n<p>[\/et_pb_text][\/et_pb_column][et_pb_column type=\u00bb1_3&#8243; _builder_version=\u00bb4.27.5&#8243; _module_preset=\u00bbdefault\u00bb background_color=\u00bb#f2eee6&#8243; custom_padding=\u00bb20px|20px|20px|20px|true|true\u00bb animation_style=\u00bbslide\u00bb animation_direction=\u00bbbottom\u00bb animation_duration=\u00bb1200ms\u00bb animation_intensity_slide=\u00bb11%\u00bb border_radii=\u00bbon|20px|20px|20px|20px\u00bb border_width_all=\u00bb1px\u00bb border_color_all=\u00bb#37322E\u00bb box_shadow_style=\u00bbpreset3&#8243; global_colors_info=\u00bb{}\u00bb][et_pb_image src=\u00bbhttps:\/\/mirolab.cat\/wp-content\/uploads\/2026\/01\/ico_avaluem.webp\u00bb title_text=\u00bbico_avaluem\u00bb align=\u00bbcenter\u00bb _builder_version=\u00bb4.27.5&#8243; _module_preset=\u00bbdefault\u00bb max_width=\u00bb35px\u00bb custom_margin=\u00bb10px||25px||false|false\u00bb global_colors_info=\u00bb{}\u00bb][\/et_pb_image][dsm_text_divider header=\u00bbQu\u00e9 te aporta?\u00bb color=\u00bb#37322E\u00bb _builder_version=\u00bb4.27.5&#8243; _module_preset=\u00bbdefault\u00bb header_font_size=\u00bb28px\u00bb custom_margin=\u00bb||25px||false|false\u00bb global_colors_info=\u00bb{}\u00bb][\/dsm_text_divider][et_pb_text disabled_on=\u00bboff|off|off\u00bb _builder_version=\u00bb4.27.5&#8243; _module_preset=\u00bbdefault\u00bb header_3_font_size=\u00bb32px\u00bb text_orientation=\u00bbcenter\u00bb max_width=\u00bb280px\u00bb max_width_tablet=\u00bb600px\u00bb max_width_phone=\u00bb280px\u00bb max_width_last_edited=\u00bbon|phone\u00bb module_alignment=\u00bbcenter\u00bb custom_margin=\u00bb||10px||false|false\u00bb animation_style=\u00bbslide\u00bb animation_direction=\u00bbbottom\u00bb animation_duration=\u00bb1250ms\u00bb animation_delay=\u00bb300ms\u00bb animation_intensity_slide=\u00bb23%\u00bb global_colors_info=\u00bb{}\u00bb]<\/p>\n<p>El perfil de combustibles utilizados durante el esfuerzo.<\/p>\n<p>[\/et_pb_text][et_pb_text disabled_on=\u00bboff|off|off\u00bb _builder_version=\u00bb4.27.5&#8243; _module_preset=\u00bbdefault\u00bb header_3_font_size=\u00bb32px\u00bb text_orientation=\u00bbcenter\u00bb max_width=\u00bb280px\u00bb max_width_tablet=\u00bb600px\u00bb max_width_phone=\u00bb280px\u00bb max_width_last_edited=\u00bbon|phone\u00bb module_alignment=\u00bbcenter\u00bb custom_margin=\u00bb||10px||false|false\u00bb animation_style=\u00bbslide\u00bb animation_direction=\u00bbbottom\u00bb animation_duration=\u00bb1250ms\u00bb animation_delay=\u00bb300ms\u00bb animation_intensity_slide=\u00bb23%\u00bb global_colors_info=\u00bb{}\u00bb]<\/p>\n<p>Informaci\u00f3n \u00fatil para personalizar la dieta y el entrenamiento. <\/p>\n<p>[\/et_pb_text][et_pb_text disabled_on=\u00bboff|off|off\u00bb _builder_version=\u00bb4.27.5&#8243; _module_preset=\u00bbdefault\u00bb header_3_font_size=\u00bb32px\u00bb text_orientation=\u00bbcenter\u00bb max_width=\u00bb280px\u00bb max_width_tablet=\u00bb600px\u00bb max_width_phone=\u00bb280px\u00bb max_width_last_edited=\u00bbon|phone\u00bb module_alignment=\u00bbcenter\u00bb custom_margin=\u00bb||10px||false|false\u00bb animation_style=\u00bbslide\u00bb animation_direction=\u00bbbottom\u00bb animation_duration=\u00bb1250ms\u00bb animation_delay=\u00bb300ms\u00bb animation_intensity_slide=\u00bb23%\u00bb global_colors_info=\u00bb{}\u00bb]<\/p>\n<p>Indicador claro de salud metab\u00f3lica y rendimiento.<\/p>\n<p>[\/et_pb_text][\/et_pb_column][et_pb_column type=\u00bb1_3&#8243; _builder_version=\u00bb4.27.5&#8243; _module_preset=\u00bbdefault\u00bb background_color=\u00bb#f2eee6&#8243; custom_padding=\u00bb20px|20px|20px|20px|true|true\u00bb animation_style=\u00bbslide\u00bb animation_direction=\u00bbbottom\u00bb animation_duration=\u00bb1200ms\u00bb animation_intensity_slide=\u00bb11%\u00bb border_radii=\u00bbon|20px|20px|20px|20px\u00bb border_width_all=\u00bb1px\u00bb border_color_all=\u00bb#37322E\u00bb box_shadow_style=\u00bbpreset3&#8243; global_colors_info=\u00bb{}\u00bb][et_pb_image src=\u00bbhttps:\/\/mirolab.cat\/wp-content\/uploads\/2026\/01\/ico_preus.webp\u00bb title_text=\u00bbico_preus\u00bb align=\u00bbcenter\u00bb _builder_version=\u00bb4.27.5&#8243; _module_preset=\u00bbdefault\u00bb max_width=\u00bb35px\u00bb custom_margin=\u00bb10px||25px||false|false\u00bb global_colors_info=\u00bb{}\u00bb][\/et_pb_image][dsm_text_divider header=\u00bbPrecios\u00bb color=\u00bb#37322E\u00bb _builder_version=\u00bb4.27.5&#8243; _module_preset=\u00bbdefault\u00bb header_font_size=\u00bb28px\u00bb custom_margin=\u00bb||25px||false|false\u00bb global_colors_info=\u00bb{}\u00bb][\/dsm_text_divider][et_pb_text disabled_on=\u00bboff|off|off\u00bb _builder_version=\u00bb4.27.5&#8243; _module_preset=\u00bbdefault\u00bb header_3_font_size=\u00bb32px\u00bb text_orientation=\u00bbcenter\u00bb max_width=\u00bb280px\u00bb max_width_tablet=\u00bb600px\u00bb max_width_phone=\u00bb280px\u00bb max_width_last_edited=\u00bbon|phone\u00bb module_alignment=\u00bbcenter\u00bb custom_margin=\u00bb||10px||false|false\u00bb animation_style=\u00bbslide\u00bb animation_direction=\u00bbbottom\u00bb animation_duration=\u00bb1250ms\u00bb animation_delay=\u00bb300ms\u00bb animation_intensity_slide=\u00bb23%\u00bb global_colors_info=\u00bb{}\u00bb]<\/p>\n<p><strong>Precio prueba individual:<\/strong> 120 \u20ac<\/p>\n<p>Si desea ampliar la lectura de sus indicadores corporales, combine dos pruebas y acceda a m\u00e1s informaci\u00f3n que le dar\u00e1 la posibilidad de mayor precisi\u00f3n. <strong>Precio PACK 2 pruebas:<\/strong> 200 \u20ac<\/p>\n<p>[\/et_pb_text][\/et_pb_column][\/et_pb_row][et_pb_row column_structure=\u00bb1_2,1_2&#8243; use_custom_gutter=\u00bbon\u00bb gutter_width=\u00bb2&#8243; make_equal=\u00bbon\u00bb _builder_version=\u00bb4.27.5&#8243; _module_preset=\u00bbdefault\u00bb max_width=\u00bb1280px\u00bb locked=\u00bboff\u00bb global_colors_info=\u00bb{}\u00bb][et_pb_column type=\u00bb1_2&#8243; _builder_version=\u00bb4.27.5&#8243; _module_preset=\u00bbdefault\u00bb global_colors_info=\u00bb{}\u00bb][et_pb_image src=\u00bbhttps:\/\/mirolab.cat\/wp-content\/uploads\/2026\/01\/MetabolicFlex.webp\u00bb alt=\u00bbMetabolic Flex Mir\u00f3Lab\u00bb title_text=\u00bbMetabolic Flex Mir\u00f3Lab\u00bb show_in_lightbox=\u00bbon\u00bb _builder_version=\u00bb4.27.5&#8243; _module_preset=\u00bbdefault\u00bb animation_style=\u00bbslide\u00bb animation_direction=\u00bbbottom\u00bb animation_duration=\u00bb1200ms\u00bb animation_delay=\u00bb50ms\u00bb animation_intensity_slide=\u00bb10%\u00bb filter_brightness_last_edited=\u00bboff|desktop\u00bb global_colors_info=\u00bb{}\u00bb transform_styles__hover_enabled=\u00bbon|desktop\u00bb transform_scale__hover_enabled=\u00bbon|desktop\u00bb transform_translate__hover_enabled=\u00bbon|hover\u00bb transform_rotate__hover_enabled=\u00bbon|desktop\u00bb transform_skew__hover_enabled=\u00bbon|desktop\u00bb transform_origin__hover_enabled=\u00bbon|desktop\u00bb transform_scale__hover=\u00bb103%|103%\u00bb filter_brightness__hover_enabled=\u00bbon|hover\u00bb filter_brightness__hover=\u00bb140%\u00bb][\/et_pb_image][\/et_pb_column][et_pb_column type=\u00bb1_2&#8243; _builder_version=\u00bb4.27.5&#8243; _module_preset=\u00bbdefault\u00bb global_colors_info=\u00bb{}\u00bb][et_pb_image src=\u00bbhttps:\/\/mirolab.cat\/wp-content\/uploads\/2026\/01\/MetabolicFlex_02.webp\u00bb alt=\u00bbMetabolic Flex Mir\u00f3Lab\u00bb title_text=\u00bbMetabolic Flex Mir\u00f3Lab\u00bb show_in_lightbox=\u00bbon\u00bb _builder_version=\u00bb4.27.5&#8243; _module_preset=\u00bbdefault\u00bb animation_style=\u00bbslide\u00bb animation_direction=\u00bbbottom\u00bb animation_duration=\u00bb1200ms\u00bb animation_delay=\u00bb300ms\u00bb animation_intensity_slide=\u00bb14%\u00bb global_colors_info=\u00bb{}\u00bb transform_styles__hover_enabled=\u00bbon|hover\u00bb transform_scale__hover_enabled=\u00bbon|hover\u00bb transform_translate__hover_enabled=\u00bbon|desktop\u00bb transform_rotate__hover_enabled=\u00bbon|desktop\u00bb transform_skew__hover_enabled=\u00bbon|desktop\u00bb transform_origin__hover_enabled=\u00bbon|desktop\u00bb transform_scale__hover=\u00bb104%|104%\u00bb filter_brightness__hover_enabled=\u00bbon|hover\u00bb filter_brightness__hover=\u00bb140%\u00bb][\/et_pb_image][\/et_pb_column][\/et_pb_row][\/et_pb_section]<\/p>\n","protected":false},"excerpt":{"rendered":"<p>Metabolic flexCapacidad de tu cuerpopara utilizar energ\u00eda eficiente Aqu\u00ed analizamos la capacidad de tu metabolismo para alternar entre grasas y carbohidratos segun la intensidad del ejercicio. La flexibilidad metab\u00f3lica es clave para evitar fatiga, mejorar el rendimiento y optimizar la alimentaci\u00f3n. <div class=\"et_pb_module dsm_text_divider dsm_text_divider_0\">\n\t\t\t\t\n\t\t\t\t\n\t\t\t\t\n\t\t\t\t\n\t\t\t\t\n\t\t\t\t\n\t\t\t\t<div class=\"et_pb_module_inner\">\n\t\t\t\t\t<div class=\"dsm-text-divider-wrapper dsm-text-divider-align-center et_pb_bg_layout_light\">\n\t\t\t\t\n\t\t\t\t\n\t\t\t\t<div class=\"dsm-text-divider-before dsm-divider\"><\/div>\n\t\t\t\t<h3 class=\"dsm-text-divider-header et_pb_module_header\"><span>\u00bfQu\u00e9 evaluamos?<\/span><\/h3>\n\t\t\t\t<div class=\"dsm-text-divider-after dsm-divider\"><\/div>\n\t\t\t<\/div>\n\t\t\t\t<\/div>\n\t\t\t<\/div>Preferencia energ\u00e9tica segun intensidadPatrones de quema [&hellip;]<\/p>\n","protected":false},"author":1,"featured_media":0,"parent":0,"menu_order":0,"comment_status":"closed","ping_status":"closed","template":"","meta":{"_acf_changed":false,"_et_pb_use_builder":"on","_et_pb_old_content":"","_et_gb_content_width":"","footnotes":""},"class_list":["post-519","page","type-page","status-publish","hentry"],"acf":[],"yoast_head":"<!-- This site is optimized with the Yoast SEO plugin v26.3 - https:\/\/yoast.com\/wordpress\/plugins\/seo\/ -->\n<title>Metab\u00f3lico Flex - MiroLab Barcelona<\/title>\n<meta name=\"robots\" content=\"index, follow, max-snippet:-1, max-image-preview:large, max-video-preview:-1\" \/>\n<link rel=\"canonical\" href=\"https:\/\/mirolab.cat\/es\/metabolic-flex\/\" \/>\n<meta property=\"og:locale\" content=\"es_ES\" \/>\n<meta property=\"og:type\" content=\"article\" \/>\n<meta property=\"og:title\" content=\"Metab\u00f3lico Flex - MiroLab Barcelona\" \/>\n<meta property=\"og:description\" content=\"Metabolic flexCapacidad de tu cuerpopara utilizar energ\u00eda eficiente Aqu\u00ed analizamos la capacidad de tu metabolismo para alternar entre grasas y carbohidratos segun la intensidad del ejercicio. La flexibilidad metab\u00f3lica es clave para evitar fatiga, mejorar el rendimiento y optimizar la alimentaci\u00f3n. Preferencia energ\u00e9tica segun intensidadPatrones de quema [&hellip;]\" \/>\n<meta property=\"og:url\" content=\"https:\/\/mirolab.cat\/es\/metabolic-flex\/\" \/>\n<meta property=\"og:site_name\" content=\"MiroLab Barcelona\" \/>\n<meta property=\"article:modified_time\" content=\"2026-02-09T11:07:53+00:00\" \/>\n<meta name=\"twitter:card\" content=\"summary_large_image\" \/>\n<meta name=\"twitter:label1\" content=\"Tiempo de lectura\" \/>\n\t<meta name=\"twitter:data1\" content=\"10 minutos\" \/>\n<script type=\"application\/ld+json\" class=\"yoast-schema-graph\">{\"@context\":\"https:\/\/schema.org\",\"@graph\":[{\"@type\":\"WebPage\",\"@id\":\"https:\/\/mirolab.cat\/es\/metabolic-flex\/\",\"url\":\"https:\/\/mirolab.cat\/es\/metabolic-flex\/\",\"name\":\"Metab\u00f3lico Flex - MiroLab Barcelona\",\"isPartOf\":{\"@id\":\"https:\/\/mirolab.cat\/es\/#website\"},\"datePublished\":\"2025-11-08T18:34:29+00:00\",\"dateModified\":\"2026-02-09T11:07:53+00:00\",\"breadcrumb\":{\"@id\":\"https:\/\/mirolab.cat\/es\/metabolic-flex\/#breadcrumb\"},\"inLanguage\":\"es\",\"potentialAction\":[{\"@type\":\"ReadAction\",\"target\":[\"https:\/\/mirolab.cat\/es\/metabolic-flex\/\"]}]},{\"@type\":\"BreadcrumbList\",\"@id\":\"https:\/\/mirolab.cat\/es\/metabolic-flex\/#breadcrumb\",\"itemListElement\":[{\"@type\":\"ListItem\",\"position\":1,\"name\":\"Inici\",\"item\":\"https:\/\/mirolab.cat\/es\/mirolab-barcelona-innova-lab-sports\/\"},{\"@type\":\"ListItem\",\"position\":2,\"name\":\"Metab\u00f3lico Flex\"}]},{\"@type\":\"WebSite\",\"@id\":\"https:\/\/mirolab.cat\/es\/#website\",\"url\":\"https:\/\/mirolab.cat\/es\/\",\"name\":\"MiroLab Barcelona\",\"description\":\"Rendiment i salut basats en dades.\",\"potentialAction\":[{\"@type\":\"SearchAction\",\"target\":{\"@type\":\"EntryPoint\",\"urlTemplate\":\"https:\/\/mirolab.cat\/es\/?s={search_term_string}\"},\"query-input\":{\"@type\":\"PropertyValueSpecification\",\"valueRequired\":true,\"valueName\":\"search_term_string\"}}],\"inLanguage\":\"es\"}]}<\/script>\n<!-- \/ Yoast SEO plugin. -->","yoast_head_json":{"title":"Metab\u00f3lico Flex - MiroLab Barcelona","robots":{"index":"index","follow":"follow","max-snippet":"max-snippet:-1","max-image-preview":"max-image-preview:large","max-video-preview":"max-video-preview:-1"},"canonical":"https:\/\/mirolab.cat\/es\/metabolic-flex\/","og_locale":"es_ES","og_type":"article","og_title":"Metab\u00f3lico Flex - MiroLab Barcelona","og_description":"Metabolic flexCapacidad de tu cuerpopara utilizar energ\u00eda eficiente Aqu\u00ed analizamos la capacidad de tu metabolismo para alternar entre grasas y carbohidratos segun la intensidad del ejercicio. La flexibilidad metab\u00f3lica es clave para evitar fatiga, mejorar el rendimiento y optimizar la alimentaci\u00f3n. Preferencia energ\u00e9tica segun intensidadPatrones de quema [&hellip;]","og_url":"https:\/\/mirolab.cat\/es\/metabolic-flex\/","og_site_name":"MiroLab Barcelona","article_modified_time":"2026-02-09T11:07:53+00:00","twitter_card":"summary_large_image","twitter_misc":{"Tiempo de lectura":"10 minutos"},"schema":{"@context":"https:\/\/schema.org","@graph":[{"@type":"WebPage","@id":"https:\/\/mirolab.cat\/es\/metabolic-flex\/","url":"https:\/\/mirolab.cat\/es\/metabolic-flex\/","name":"Metab\u00f3lico Flex - MiroLab Barcelona","isPartOf":{"@id":"https:\/\/mirolab.cat\/es\/#website"},"datePublished":"2025-11-08T18:34:29+00:00","dateModified":"2026-02-09T11:07:53+00:00","breadcrumb":{"@id":"https:\/\/mirolab.cat\/es\/metabolic-flex\/#breadcrumb"},"inLanguage":"es","potentialAction":[{"@type":"ReadAction","target":["https:\/\/mirolab.cat\/es\/metabolic-flex\/"]}]},{"@type":"BreadcrumbList","@id":"https:\/\/mirolab.cat\/es\/metabolic-flex\/#breadcrumb","itemListElement":[{"@type":"ListItem","position":1,"name":"Inici","item":"https:\/\/mirolab.cat\/es\/mirolab-barcelona-innova-lab-sports\/"},{"@type":"ListItem","position":2,"name":"Metab\u00f3lico Flex"}]},{"@type":"WebSite","@id":"https:\/\/mirolab.cat\/es\/#website","url":"https:\/\/mirolab.cat\/es\/","name":"MiroLab Barcelona","description":"Rendiment i salut basats en dades.","potentialAction":[{"@type":"SearchAction","target":{"@type":"EntryPoint","urlTemplate":"https:\/\/mirolab.cat\/es\/?s={search_term_string}"},"query-input":{"@type":"PropertyValueSpecification","valueRequired":true,"valueName":"search_term_string"}}],"inLanguage":"es"}]}},"_links":{"self":[{"href":"https:\/\/mirolab.cat\/es\/wp-json\/wp\/v2\/pages\/519","targetHints":{"allow":["GET"]}}],"collection":[{"href":"https:\/\/mirolab.cat\/es\/wp-json\/wp\/v2\/pages"}],"about":[{"href":"https:\/\/mirolab.cat\/es\/wp-json\/wp\/v2\/types\/page"}],"author":[{"embeddable":true,"href":"https:\/\/mirolab.cat\/es\/wp-json\/wp\/v2\/users\/1"}],"replies":[{"embeddable":true,"href":"https:\/\/mirolab.cat\/es\/wp-json\/wp\/v2\/comments?post=519"}],"version-history":[{"count":12,"href":"https:\/\/mirolab.cat\/es\/wp-json\/wp\/v2\/pages\/519\/revisions"}],"predecessor-version":[{"id":1995,"href":"https:\/\/mirolab.cat\/es\/wp-json\/wp\/v2\/pages\/519\/revisions\/1995"}],"wp:attachment":[{"href":"https:\/\/mirolab.cat\/es\/wp-json\/wp\/v2\/media?parent=519"}],"curies":[{"name":"wp","href":"https:\/\/api.w.org\/{rel}","templated":true}]}}