{"id":485,"date":"2025-12-11T15:03:22","date_gmt":"2025-12-11T14:03:22","guid":{"rendered":"https:\/\/mirolab.cat\/condiciones-de-contratacion-venta-y-devoluciones-del-mirolab\/"},"modified":"2026-02-07T17:55:28","modified_gmt":"2026-02-07T16:55:28","slug":"condiciones-de-contratacion-venta-y-devoluciones-del-mirolab","status":"publish","type":"page","link":"https:\/\/mirolab.cat\/es\/condiciones-de-contratacion-venta-y-devoluciones-del-mirolab\/","title":{"rendered":"Condiciones de contrataci\u00f3n, venta y devoluciones del MIR\u00d3LAB"},"content":{"rendered":"<p>[et_pb_section fb_built=\u00bb1&#8243; _builder_version=\u00bb4.27.5&#8243; _module_preset=\u00bbdefault\u00bb background_enable_color=\u00bboff\u00bb background_enable_image=\u00bboff\u00bb parallax=\u00bbon\u00bb parallax_method=\u00bboff\u00bb background_blend=\u00bbmultiply\u00bb custom_padding=\u00bb90px||96px||false|false\u00bb global_colors_info=\u00bb{}\u00bb][et_pb_row column_structure=\u00bb2_5,3_5&#8243; _builder_version=\u00bb4.27.4&#8243; _module_preset=\u00bbdefault\u00bb global_colors_info=\u00bb{}\u00bb][et_pb_column type=\u00bb2_5&#8243; _builder_version=\u00bb4.27.4&#8243; _module_preset=\u00bbdefault\u00bb global_colors_info=\u00bb{}\u00bb][et_pb_image src=\u00bbhttps:\/\/mirolab.cat\/wp-content\/uploads\/2025\/10\/Mirolab_icono.webp\u00bb alt=\u00bbIcono de Mir\u00f3Lab\u00bb title_text=\u00bbIcono de Mir\u00f3Lab\u00bb align=\u00bbcenter\u00bb src_last_edited=\u00bboff|phone\u00bb _builder_version=\u00bb4.27.4&#8243; _module_preset=\u00bbdefault\u00bb max_width=\u00bb160px\u00bb sticky_position=\u00bbtop\u00bb sticky_offset_top=\u00bb30px\u00bb sticky_limit_bottom=\u00bbsection\u00bb scroll_rotating_enable=\u00bbon\u00bb scroll_rotating=\u00bb0|50|50|100|0\u00b0|180\u00b0|360\u00b0\u00bb sticky_position_tablet=\u00bbtop\u00bb sticky_position_phone=\u00bbnone\u00bb sticky_position_last_edited=\u00bbon|desktop\u00bb global_colors_info=\u00bb{}\u00bb][\/et_pb_image][et_pb_text _builder_version=\u00bb4.27.5&#8243; _module_preset=\u00bbdefault\u00bb link_text_color=\u00bb#F8F1EC\u00bb header_font=\u00bb||||||||\u00bb header_3_font=\u00bb|||on|||||\u00bb header_3_text_align=\u00bbcenter\u00bb header_3_font_size=\u00bb27px\u00bb sticky_limit_bottom=\u00bbsection\u00bb hover_enabled=\u00bb0&#8243; global_colors_info=\u00bb{}\u00bb sticky_enabled=\u00bb0&#8243;]<\/p>\n<h3><strong>MIR\u00d3LAB<\/strong><\/h3>\n<p>[\/et_pb_text][\/et_pb_column][et_pb_column type=\u00bb3_5&#8243; _builder_version=\u00bb4.27.4&#8243; _module_preset=\u00bbdefault\u00bb global_colors_info=\u00bb{}\u00bb][et_pb_text _builder_version=\u00bb4.27.5&#8243; _module_preset=\u00bbdefault\u00bb link_text_color=\u00bb#F8F1EC\u00bb header_font=\u00bb|||on|||||\u00bb header_text_align=\u00bbleft\u00bb header_font_size=\u00bb35px\u00bb header_line_height=\u00bb1.2em\u00bb header_3_font=\u00bb||||||||\u00bb custom_margin=\u00bb||0px||false|false\u00bb sticky_limit_bottom=\u00bbsection\u00bb hover_enabled=\u00bb0&#8243; global_colors_info=\u00bb{}\u00bb sticky_enabled=\u00bb0&#8243;]<\/p>\n<h1>Condicions de contractaci\u00f3, venda i devolucions<\/h1>\n<p>[\/et_pb_text][et_pb_text ol_position=\u00bboutside\u00bb ol_item_indent=\u00bb30px\u00bb _builder_version=\u00bb4.27.5&#8243; _module_preset=\u00bbdefault\u00bb text_font=\u00bb|300|||||||\u00bb link_text_color=\u00bb#AA9A7D\u00bb ol_line_height=\u00bb1.2em\u00bb header_2_font=\u00bb|300||on|||||\u00bb header_2_font_size=\u00bb18px\u00bb header_2_line_height=\u00bb1.2em\u00bb header_3_font_size=\u00bb18px\u00bb custom_margin=\u00bb||||false|false\u00bb custom_padding=\u00bb0px||||false|false\u00bb hover_enabled=\u00bb0&#8243; text_font_size_tablet=\u00bb18px\u00bb text_font_size_phone=\u00bb16px\u00bb text_font_size_last_edited=\u00bbon|phone\u00bb custom_css_free_form=\u00bbh2, h3{||  margin-top:20px;||}||strong{||  font-weight: 500;||}\u00bb global_colors_info=\u00bb{}\u00bb sticky_enabled=\u00bb0&#8243;]<\/p>\n<h2>Parts contractants<\/h2>\n<p>Les presents Condicions Generals s\u2019estableixen entre:<\/p>\n<ol>\n<li><strong>ASOCIACI\u00d3 ESPORTIVA CENTRAL<\/strong>, gestora de <strong>MIR\u00d3LAB<\/strong> (<strong>C\/ d\u2019Enten\u00e7a 63<\/strong>, 08015 Barcelona, <a href=\"mailto:hola@mirolab.cat\">hola@mirolab.cat<\/a>, 934 234 350), amb domicili fiscal a C\/ Diputaci\u00f3 17, 08015 Barcelona, CIF G62074950 (d\u2019ara endavant, <strong>MIR\u00d3LAB<\/strong>).<\/li>\n<li>La persona f\u00edsica que realitzi una sol\u00b7licitud de contractaci\u00f3 (d\u2019ara endavant, el <strong>CLIENT<\/strong>).<\/li>\n<\/ol>\n<h2>Objecte i abast<\/h2>\n<p>Aquestes condicions regulen la contractaci\u00f3 en l\u00ednia per inscriure\u2019s com a client de <strong>MIR\u00d3LAB<\/strong>, aix\u00ed com la compra o reserva de serveis a trav\u00e9s d\u2019aquesta web.<br \/>L\u2019acceptaci\u00f3 pr\u00e8via d\u2019aquestes condicions i de la <a href=\"\/politica-de-privacitat\" target=\"_blank\" rel=\"noopener\">pol\u00edtica de privacitat<\/a> \u00e9s indispensable per completar el proc\u00e9s.<\/p>\n<p>Les condicions vigents s\u00f3n les publicades al web en cada moment; l\u2019usuari pot accedir-hi, desar-les i imprimir-les lliurement.<\/p>\n<h2>Informaci\u00f3 sobre la contractaci\u00f3 en l\u00ednia de l\u2019alta<\/h2>\n<p>Poden contractar l\u2019alta en l\u00ednia \u00fanicament les persones majors d\u2019edat amb capacitat suficient per celebrar contractes. <strong>MIR\u00d3LAB<\/strong> es reserva la facultat de verificar-ho i d\u2019exigir l\u2019autoritzaci\u00f3 dels progenitors o tutors en cas de menors.<\/p>\n<p>La durada de la contractaci\u00f3 cobreix el per\u00edode satisfet pel rebut i es prorroga successivament, llevat de baixa del client segons el que preveuen aquestes condicions.<\/p>\n<p>El pagament de la quota \u00e9s amb periodicitat mensual. Les compres o reserves al web es paguen amb targeta VISA o MasterCard. Els rebuts posteriors al primer pagament es domiciliaran al compte IBAN facilitat.<\/p>\n<p>Un cop efectuada l\u2019alta en l\u00ednia, el client haur\u00e0 de passar per recepci\u00f3 del centre per completar els tr\u00e0mits (configuraci\u00f3 d\u2019acc\u00e9s, lliurament de polsera, signatura de SEPA, etc.).<\/p>\n<h2>Qui pot contractar, comprar o reservar? Declaracions i responsabilitats<\/h2>\n<p>La contractaci\u00f3 en l\u00ednia s\u2019adre\u00e7a a consumidors finals residents a Espanya, per al consum propi o de persones degudament autoritzades (conforme al Reial decret legislatiu 1\/2007).<br \/>Es prohibeix la revenda o cessi\u00f3 dels serveis contractats. La posici\u00f3 contractual d\u2019alta en l\u00ednia no pot ser cedida a tercers sense consentiment previ de <strong>MIR\u00d3LAB<\/strong>.<\/p>\n<ul>\n<li>El client contracta lliurement i informat de les condicions.<\/li>\n<li>Declara ser major d\u2019edat i amb capacitat jur\u00eddica suficient.<\/li>\n<li>Assumeix, sota la seva responsabilitat, que el seu estat f\u00edsic i de salut \u00e9s apte per a activitats f\u00edsiques i\/o esportives.<\/li>\n<li>Accepta complir les condicions; l\u2019incompliment pot comportar la baixa com a client.<\/li>\n<li>Accepta que l\u2019acc\u00e9s i \u00fas del web es fan sota la seva responsabilitat.<\/li>\n<\/ul>\n<h2>Com contractar l\u2019alta en l\u00ednia<\/h2>\n<p>Cal omplir el formulari d\u2019alta amb dades veraces i actualitzades. La facilitaci\u00f3 de dades falses o err\u00f2nies pot comportar la resoluci\u00f3 del contracte. L\u2019acc\u00e9s i l\u2019\u00fas del web s\u00f3n lliures i gratu\u00efts.<\/p>\n<p>Les dades personals recollides durant el proc\u00e9s s\u2019ajusten al RGPD i a la LOPDGDD; vegeu l\u2019apartat \u201cInformaci\u00f3 de protecci\u00f3 de dades (RGPD)\u201d i la <a href=\"\/politica-de-privacitat\" target=\"_blank\" rel=\"noopener\">pol\u00edtica de privacitat<\/a>.<\/p>\n<h2>Dret de desistiment<\/h2>\n<p>Un cop rebuda la confirmaci\u00f3 d\u2019alta per correu electr\u00f2nic, el client pot desistir sense necessitat de justificaci\u00f3 en el termini de <strong>catorze (14) dies naturals<\/strong>.<\/p>\n<p>Per exercir-lo, cal enviar una comunicaci\u00f3 inequ\u00edvoca amb l\u2019assumpte \u00abDesistiment del contracte d\u2019alta on-line com a client\u00bb a:<br \/><a href=\"mailto:hola@mirolab.cat\">hola@mirolab.cat<\/a>, indicant dades del contracte i dels contractants. Tamb\u00e9 es pot utilitzar el model de formulari seg\u00fcent (no obligatori).<\/p>\n<p>El desistiment no comporta penalitzaci\u00f3; el client assumeix les despeses generades pel seu compte. No hi ha dret a desistir si, dins el termini de 14 dies, el client ha comen\u00e7at a utilitzar els serveis del centre.<\/p>\n<h3>Model de formulari de desistiment<\/h3>\n<p><em>Nom\u00e9s s\u2019ha d\u2019emplenar i enviar si es vol desistir del contracte.<\/em><\/p>\n<p>A l\u2019atenci\u00f3 de <strong>MIROLAB<\/strong> (<strong>C\/ d\u2019Enten\u00e7a 63<\/strong>, 08015 Barcelona, <a href=\"mailto:hola@mirolab.cat\">hola@mirolab.cat<\/a>, 934 234 350), en el qual em vaig donar d\u2019alta com a client mitjan\u00e7ant la contractaci\u00f3 en l\u00ednia.<\/p>\n<p>Jo, __________________________________, amb DNI ____________, domicili a la ciutat de ____________, carrer _________________________, n\u00fam. ___, pis __, porta __,<br \/>per la present comunico que desisteixo del meu contracte de prestaci\u00f3 de serveis subscrit el dia ___\/___\/____, en virtut del qual em vaig inscriure com a client de <strong>MIROLAB<\/strong> indicat a l\u2019encap\u00e7alament d\u2019aquest document.<\/p>\n<p>Ciutat: _____________, a ___ de __________ de 20___<br \/>Signatura: ______________________<\/p>\n<h2>Admissi\u00f3 com a abonat<\/h2>\n<p>ASOCIACI\u00d3 ESPORTIVA CENTRAL es reserva el dret d\u2019admissi\u00f3 de sol\u00b7licituds d\u2019adhesi\u00f3 com a abonat. L\u2019alta ser\u00e0 vigent quan s\u2019hagin satisfet els pagaments i requeriments administratius. Es lliurar\u00e0 polsera individual i intransferible per accedir a les instal\u00b7lacions. La condici\u00f3 d\u2019abonat \u00e9s personal i intransferible.<\/p>\n<h2>Delimitaci\u00f3 de responsabilitats<\/h2>\n<p><strong>MIROLAB<\/strong>, el seu director i el seu personal no seran responsables de lesions o defuncions ocorregudes a les instal\u00b7lacions llevat de casos de neglig\u00e8ncia o omissi\u00f3 imputable directament al centre o al seu personal.<\/p>\n<h2>Inscripci\u00f3 inicial i quotes d\u2019abonat<\/h2>\n<ul>\n<li>Pagament d\u2019una <strong>inscripci\u00f3 inicial<\/strong> en ser acceptada l\u2019alta.<\/li>\n<li>Pagament de la <strong>quota mensual<\/strong> escollida mitjan\u00e7ant domiciliaci\u00f3 banc\u00e0ria, independentment de l\u2019\u00fas efectiu de les instal\u00b7lacions.<\/li>\n<li>Els canvis en imports s\u2019anunciaran al web i a les tarifes, amb antelaci\u00f3 m\u00ednima de 10 dies (per\u00edode ordinari: gener), i amb l\u2019aprovaci\u00f3 de l\u2019<em>Institut Barcelona Esports<\/em>.<\/li>\n<li>Els canvis de modalitat s\u2019aplicaran en v\u00e8ncer el per\u00edode corresponent.<\/li>\n<li>Els canvis administratius s\u2019han de comunicar a recepci\u00f3 <strong>abans del dia 25<\/strong> del mes corresponent.<\/li>\n<\/ul>\n<h2>Cancel\u00b7lacions<\/h2>\n<ul>\n<li>El Director pot cancel\u00b7lar la condici\u00f3 d\u2019abonat per incompliments greus o reiterats de la normativa, amb efecte immediat i sense dret a reemborsament.<\/li>\n<li>En cas d\u2019impagament d\u2019una quota, la cancel\u00b7laci\u00f3 ser\u00e0 efectiva <strong>60 dies<\/strong> despr\u00e9s del venciment.<\/li>\n<\/ul>\n<h3>Quota de manteniment (interrupcions)<\/h3>\n<p>Es pot interrompre temporalment el pagament per accident o malaltia. Per\u00edode m\u00ednim: <strong>2 mesos<\/strong>. Cal certificat m\u00e8dic i sol\u00b7licitud amb <strong>6 dies<\/strong> d\u2019antelaci\u00f3.<\/p>\n<h2>\u00das de les instal\u00b7lacions<\/h2>\n<p>Les activitats i serveis inclosos depenen de la modalitat de quota. Alguns serveis complementaris poden tenir cost addicional. Consulta el Departament d\u2019Atenci\u00f3 a l\u2019Usuari.<\/p>\n<h2>General<\/h2>\n<ul>\n<li>La facilitaci\u00f3 d\u2019informaci\u00f3 fraudulenta o err\u00f2nia pot comportar les accions oportunes per part del centre.<\/li>\n<li>En cas d\u2019impagaments, el centre pot exercir accions per al cobrament del deute, directament o per tercers habilitats.<\/li>\n<li>L\u2019abonat respon del pagament de quotes encara que es vari\u00efn condicions, horaris o serveis.<\/li>\n<li>El Reglament intern i la normativa d\u2019\u00fas s\u00f3n d\u2019obligat compliment.<\/li>\n<li>El centre pot variar, afegir o cancel\u00b7lar serveis o activitats.<\/li>\n<\/ul>\n<h2>Horaris d\u2019\u00fas<\/h2>\n<p>Els horaris de les instal\u00b7lacions estan disponibles per als abonats i poden modificar-se segons les necessitats del complex. La Direcci\u00f3 informar\u00e0 degudament dels canvis.<\/p>\n<h2>Informaci\u00f3 de protecci\u00f3 de dades (RGPD)<\/h2>\n<h3>Responsable del tractament<\/h3>\n<p><strong>ASOCIACI\u00d3 ESPORTIVA CENTRAL<\/strong> (gestora de <strong>MIROLAB<\/strong>)<br \/>C\/ Diputaci\u00f3 17, 08015 Barcelona \u2014 CIF G62074950<br \/>Centre\/atenci\u00f3: C\/ d\u2019Enten\u00e7a 63, 08015 Barcelona \u2014 <a href=\"mailto:hola@mirolab.cat\">hola@mirolab.cat<\/a> \u2014 934 234 350<br \/>Delegat\/da de Protecci\u00f3 de Dades (si escau): <em>no designat; contacte a trav\u00e9s del correu anterior<\/em>.<\/p>\n<h3>Finalitats del tractament<\/h3>\n<ul>\n<li><strong>Gesti\u00f3 de l\u2019alta i relaci\u00f3 contractual<\/strong> (inscripci\u00f3, quotes, acc\u00e9s a instal\u00b7lacions i serveis).<\/li>\n<li><strong>Gesti\u00f3 de compres i reserves<\/strong> efectuades al web.<\/li>\n<li><strong>Gesti\u00f3 administrativa, comptable i fiscal<\/strong>.<\/li>\n<li><strong>Comunicacions operatives<\/strong> (avisos de servei, canvis d\u2019horaris, incid\u00e8ncies).<\/li>\n<li><strong>Comunicacions comercials<\/strong> (nom\u00e9s amb consentiment) sobre productes, serveis i esdeveniments de <strong>MIR\u00d3LAB<\/strong>.<\/li>\n<li><strong>Seguretat<\/strong> de persones, b\u00e9ns i instal\u00b7lacions (p. ex., control d\u2019accessos i, si n\u2019hi ha, videovigil\u00e0ncia degudament senyalitzada).<\/li>\n<\/ul>\n<h3>Base jur\u00eddica<\/h3>\n<ul>\n<li><strong>Execuci\u00f3 d\u2019un contracte<\/strong> (art. 6.1.b RGPD): tr\u00e0mits d\u2019alta, prestaci\u00f3 de serveis, cobrament de quotes\/reserves.<\/li>\n<li><strong>Obligaci\u00f3 legal<\/strong> (art. 6.1.c RGPD): obligacions comptables i fiscals.<\/li>\n<li><strong>Consentiment<\/strong> (art. 6.1.a RGPD): enviament de comunicacions comercials i \u00fas de dades no necess\u00e0ries per al contracte.<\/li>\n<li><strong>Inter\u00e8s leg\u00edtim<\/strong> (art. 6.1.f RGPD): seguretat i prevenci\u00f3 del frau; millora de serveis i experi\u00e8ncia d\u2019usuari, amb impacte m\u00ednim sobre la privacitat.<\/li>\n<\/ul>\n<h3>Categories de dades<\/h3>\n<ul>\n<li>Dades identificatives i de contacte (nom, cognoms, DNI, email, tel\u00e8fon).<\/li>\n<li>Dades econ\u00f2miques i de pagament (IBAN, passarel\u00b7la de pagament).<\/li>\n<li>Dades de transaccions i \u00fas de serveis (altes, quotes, reserves, accessos).<\/li>\n<li>Si escau i sempre amb la teva aportaci\u00f3 volunt\u00e0ria: dades de salut estrictament necess\u00e0ries per a la <em>aptitud esportiva<\/em> o justificaci\u00f3 d\u2019interrupcions (certificats m\u00e8dics). Aquestes es tractaran amb mesures refor\u00e7ades, base de l\u2019art. 9.2 RGPD (consentiment expl\u00edcit o fins de medicina\/prevenci\u00f3).<\/li>\n<\/ul>\n<h3>Destinataris<\/h3>\n<ul>\n<li>Entitats financeres i passarel\u00b7les de pagament per a la domiciliaci\u00f3 de quotes i cobraments.<\/li>\n<li>Enc\u00e0rrecs de tractament (prove\u00efdors tecnol\u00f2gics, gestories, log\u00edstica), amb contracte conforme a l\u2019art. 28 RGPD.<\/li>\n<li>Administracions i \u00f2rgans p\u00fablics competents, quan existeixi obligaci\u00f3 legal.<\/li>\n<\/ul>\n<h3>Transfer\u00e8ncies internacionals<\/h3>\n<p>No es preveuen transfer\u00e8ncies internacionals de dades. Si per motius t\u00e8cnics algun encarregat utilitz\u00e9s servidors fora de l\u2019EEE, es garantiran <strong>cl\u00e0usules contractuals tipus<\/strong> o mecanismes d\u2019adequaci\u00f3 equivalents (arts. 44 i seg\u00fcents RGPD).<\/p>\n<h3>Terminis de conservaci\u00f3<\/h3>\n<ul>\n<li>Dades de client: mentre duri la relaci\u00f3 i, un cop finalitzada, durant <strong>terminis legals<\/strong> (p. ex., 6 anys en mat\u00e8ria comptable\/mercantil; els estrictament necessaris en mat\u00e8ria fiscal).<\/li>\n<li>Dades per a comunicacions comercials: fins a <strong>revocaci\u00f3 del consentiment<\/strong> i\/o oposici\u00f3.<\/li>\n<li>Dades de salut aportades: pel temps imprescindible per a la finalitat m\u00e8dica\/justificativa i despr\u00e9s <strong>bloqueig i supressi\u00f3<\/strong>.<\/li>\n<\/ul>\n<h3>Drets de les persones interessades<\/h3>\n<p>Pots exercir els teus drets d\u2019<strong>acc\u00e9s<\/strong>, <strong>rectificaci\u00f3<\/strong>, <strong>supressi\u00f3<\/strong>, <strong>oposici\u00f3<\/strong>, <strong>limitaci\u00f3<\/strong> del tractament i <strong>portabilitat<\/strong>, aix\u00ed com a <strong>no ser objecte de decisions automatitzades<\/strong> i a <strong>retirar el consentiment<\/strong> en qualsevol moment.<\/p>\n<p>Per exercir-los, escriu a <a href=\"mailto:hola@mirolab.cat\">hola@mirolab.cat<\/a> indicant l\u2019objecte de la sol\u00b7licitud i acreditant la teva identitat.<\/p>\n<p>Si consideres vulnerats els teus drets, pots presentar una reclamaci\u00f3 davant l\u2019<strong>Ag\u00e8ncia Espanyola de Protecci\u00f3 de Dades (AEPD)<\/strong> (<a href=\"https:\/\/www.aepd.es\" target=\"_blank\" rel=\"noopener\">www.aepd.es<\/a>).<\/p>\n<h3>Comunicacions comercials<\/h3>\n<p>L\u2019enviament d\u2019informaci\u00f3 sobre productes, serveis i esdeveniments de <strong>MIROLAB<\/strong> es basa en el <strong>consentiment<\/strong> de l\u2019usuari.<br \/>Pots retirar-lo en qualsevol moment (p. ex., mitjan\u00e7ant l\u2019enlla\u00e7 de baixa o escrivint a <a href=\"mailto:hola@mirolab.cat\">hola@mirolab.cat<\/a>).<\/p>\n<h3>Cookies<\/h3>\n<p>L\u2019\u00fas de cookies i tecnologies similars es regeix per la nostra <a href=\"\/politica-de-cookies\" target=\"_blank\" rel=\"noopener\">pol\u00edtica de cookies<\/a>, on s\u2019explica el tipus de cookies, finalitats, base jur\u00eddica del consentiment i com gestionar-les.<\/p>\n<h3>Actualitzacions<\/h3>\n<p><strong>MIROL\u00d3B<\/strong> podr\u00e0 actualitzar aquesta informaci\u00f3 de privacitat per complir requisits legals o t\u00e8cnics. Es recomana revisar-la peri\u00f2dicament.<\/p>\n<p>[\/et_pb_text][\/et_pb_column][\/et_pb_row][\/et_pb_section]<\/p>\n","protected":false},"excerpt":{"rendered":"<p>MIR\u00d3LABCondicions de contractaci\u00f3, venda i devolucionsParts contractants Les presents Condicions Generals s\u2019estableixen entre: ASOCIACI\u00d3 ESPORTIVA CENTRAL, gestora de MIR\u00d3LAB (C\/ d\u2019Enten\u00e7a 63, 08015 Barcelona, hola@mirolab.cat, 934 234 350), amb domicili fiscal a C\/ Diputaci\u00f3 17, 08015 Barcelona, CIF G62074950 (d\u2019ara endavant, MIR\u00d3LAB). La persona f\u00edsica que realitzi una sol\u00b7licitud de contractaci\u00f3 (d\u2019ara endavant, el CLIENT). [&hellip;]<\/p>\n","protected":false},"author":1,"featured_media":0,"parent":0,"menu_order":0,"comment_status":"closed","ping_status":"closed","template":"","meta":{"_acf_changed":false,"_et_pb_use_builder":"on","_et_pb_old_content":"","_et_gb_content_width":"","footnotes":""},"class_list":["post-485","page","type-page","status-publish","hentry"],"acf":[],"yoast_head":"<!-- This site is optimized with the Yoast SEO plugin v26.3 - https:\/\/yoast.com\/wordpress\/plugins\/seo\/ -->\n<title>Condiciones de contrataci\u00f3n, venta y devoluciones del MIR\u00d3LAB - MiroLab Barcelona<\/title>\n<meta name=\"robots\" content=\"index, follow, max-snippet:-1, max-image-preview:large, max-video-preview:-1\" \/>\n<link rel=\"canonical\" href=\"https:\/\/mirolab.cat\/es\/condiciones-de-contratacion-venta-y-devoluciones-del-mirolab\/\" \/>\n<meta property=\"og:locale\" content=\"es_ES\" \/>\n<meta property=\"og:type\" content=\"article\" \/>\n<meta property=\"og:title\" content=\"Condiciones de contrataci\u00f3n, venta y devoluciones del MIR\u00d3LAB - MiroLab Barcelona\" \/>\n<meta property=\"og:description\" content=\"MIR\u00d3LABCondicions de contractaci\u00f3, venda i devolucionsParts contractants Les presents Condicions Generals s\u2019estableixen entre: ASOCIACI\u00d3 ESPORTIVA CENTRAL, gestora de MIR\u00d3LAB (C\/ d\u2019Enten\u00e7a 63, 08015 Barcelona, hola@mirolab.cat, 934 234 350), amb domicili fiscal a C\/ Diputaci\u00f3 17, 08015 Barcelona, CIF G62074950 (d\u2019ara endavant, MIR\u00d3LAB). La persona f\u00edsica que realitzi una sol\u00b7licitud de contractaci\u00f3 (d\u2019ara endavant, el CLIENT). [&hellip;]\" \/>\n<meta property=\"og:url\" content=\"https:\/\/mirolab.cat\/es\/condiciones-de-contratacion-venta-y-devoluciones-del-mirolab\/\" \/>\n<meta property=\"og:site_name\" content=\"MiroLab Barcelona\" \/>\n<meta property=\"article:modified_time\" content=\"2026-02-07T16:55:28+00:00\" \/>\n<meta name=\"twitter:card\" content=\"summary_large_image\" \/>\n<meta name=\"twitter:label1\" content=\"Tiempo de lectura\" \/>\n\t<meta name=\"twitter:data1\" content=\"10 minutos\" \/>\n<script type=\"application\/ld+json\" class=\"yoast-schema-graph\">{\"@context\":\"https:\/\/schema.org\",\"@graph\":[{\"@type\":\"WebPage\",\"@id\":\"https:\/\/mirolab.cat\/es\/condiciones-de-contratacion-venta-y-devoluciones-del-mirolab\/\",\"url\":\"https:\/\/mirolab.cat\/es\/condiciones-de-contratacion-venta-y-devoluciones-del-mirolab\/\",\"name\":\"Condiciones de contrataci\u00f3n, venta y devoluciones del MIR\u00d3LAB - MiroLab Barcelona\",\"isPartOf\":{\"@id\":\"https:\/\/mirolab.cat\/es\/#website\"},\"datePublished\":\"2025-12-11T14:03:22+00:00\",\"dateModified\":\"2026-02-07T16:55:28+00:00\",\"breadcrumb\":{\"@id\":\"https:\/\/mirolab.cat\/es\/condiciones-de-contratacion-venta-y-devoluciones-del-mirolab\/#breadcrumb\"},\"inLanguage\":\"es\",\"potentialAction\":[{\"@type\":\"ReadAction\",\"target\":[\"https:\/\/mirolab.cat\/es\/condiciones-de-contratacion-venta-y-devoluciones-del-mirolab\/\"]}]},{\"@type\":\"BreadcrumbList\",\"@id\":\"https:\/\/mirolab.cat\/es\/condiciones-de-contratacion-venta-y-devoluciones-del-mirolab\/#breadcrumb\",\"itemListElement\":[{\"@type\":\"ListItem\",\"position\":1,\"name\":\"Inici\",\"item\":\"https:\/\/mirolab.cat\/es\/mirolab-barcelona-innova-lab-sports\/\"},{\"@type\":\"ListItem\",\"position\":2,\"name\":\"Condiciones de contrataci\u00f3n, venta y devoluciones del MIR\u00d3LAB\"}]},{\"@type\":\"WebSite\",\"@id\":\"https:\/\/mirolab.cat\/es\/#website\",\"url\":\"https:\/\/mirolab.cat\/es\/\",\"name\":\"MiroLab Barcelona\",\"description\":\"Rendiment i salut basats en dades.\",\"potentialAction\":[{\"@type\":\"SearchAction\",\"target\":{\"@type\":\"EntryPoint\",\"urlTemplate\":\"https:\/\/mirolab.cat\/es\/?s={search_term_string}\"},\"query-input\":{\"@type\":\"PropertyValueSpecification\",\"valueRequired\":true,\"valueName\":\"search_term_string\"}}],\"inLanguage\":\"es\"}]}<\/script>\n<!-- \/ Yoast SEO plugin. -->","yoast_head_json":{"title":"Condiciones de contrataci\u00f3n, venta y devoluciones del MIR\u00d3LAB - MiroLab Barcelona","robots":{"index":"index","follow":"follow","max-snippet":"max-snippet:-1","max-image-preview":"max-image-preview:large","max-video-preview":"max-video-preview:-1"},"canonical":"https:\/\/mirolab.cat\/es\/condiciones-de-contratacion-venta-y-devoluciones-del-mirolab\/","og_locale":"es_ES","og_type":"article","og_title":"Condiciones de contrataci\u00f3n, venta y devoluciones del MIR\u00d3LAB - MiroLab Barcelona","og_description":"MIR\u00d3LABCondicions de contractaci\u00f3, venda i devolucionsParts contractants Les presents Condicions Generals s\u2019estableixen entre: ASOCIACI\u00d3 ESPORTIVA CENTRAL, gestora de MIR\u00d3LAB (C\/ d\u2019Enten\u00e7a 63, 08015 Barcelona, hola@mirolab.cat, 934 234 350), amb domicili fiscal a C\/ Diputaci\u00f3 17, 08015 Barcelona, CIF G62074950 (d\u2019ara endavant, MIR\u00d3LAB). La persona f\u00edsica que realitzi una sol\u00b7licitud de contractaci\u00f3 (d\u2019ara endavant, el CLIENT). [&hellip;]","og_url":"https:\/\/mirolab.cat\/es\/condiciones-de-contratacion-venta-y-devoluciones-del-mirolab\/","og_site_name":"MiroLab Barcelona","article_modified_time":"2026-02-07T16:55:28+00:00","twitter_card":"summary_large_image","twitter_misc":{"Tiempo de lectura":"10 minutos"},"schema":{"@context":"https:\/\/schema.org","@graph":[{"@type":"WebPage","@id":"https:\/\/mirolab.cat\/es\/condiciones-de-contratacion-venta-y-devoluciones-del-mirolab\/","url":"https:\/\/mirolab.cat\/es\/condiciones-de-contratacion-venta-y-devoluciones-del-mirolab\/","name":"Condiciones de contrataci\u00f3n, venta y devoluciones del MIR\u00d3LAB - MiroLab Barcelona","isPartOf":{"@id":"https:\/\/mirolab.cat\/es\/#website"},"datePublished":"2025-12-11T14:03:22+00:00","dateModified":"2026-02-07T16:55:28+00:00","breadcrumb":{"@id":"https:\/\/mirolab.cat\/es\/condiciones-de-contratacion-venta-y-devoluciones-del-mirolab\/#breadcrumb"},"inLanguage":"es","potentialAction":[{"@type":"ReadAction","target":["https:\/\/mirolab.cat\/es\/condiciones-de-contratacion-venta-y-devoluciones-del-mirolab\/"]}]},{"@type":"BreadcrumbList","@id":"https:\/\/mirolab.cat\/es\/condiciones-de-contratacion-venta-y-devoluciones-del-mirolab\/#breadcrumb","itemListElement":[{"@type":"ListItem","position":1,"name":"Inici","item":"https:\/\/mirolab.cat\/es\/mirolab-barcelona-innova-lab-sports\/"},{"@type":"ListItem","position":2,"name":"Condiciones de contrataci\u00f3n, venta y devoluciones del MIR\u00d3LAB"}]},{"@type":"WebSite","@id":"https:\/\/mirolab.cat\/es\/#website","url":"https:\/\/mirolab.cat\/es\/","name":"MiroLab Barcelona","description":"Rendiment i salut basats en dades.","potentialAction":[{"@type":"SearchAction","target":{"@type":"EntryPoint","urlTemplate":"https:\/\/mirolab.cat\/es\/?s={search_term_string}"},"query-input":{"@type":"PropertyValueSpecification","valueRequired":true,"valueName":"search_term_string"}}],"inLanguage":"es"}]}},"_links":{"self":[{"href":"https:\/\/mirolab.cat\/es\/wp-json\/wp\/v2\/pages\/485","targetHints":{"allow":["GET"]}}],"collection":[{"href":"https:\/\/mirolab.cat\/es\/wp-json\/wp\/v2\/pages"}],"about":[{"href":"https:\/\/mirolab.cat\/es\/wp-json\/wp\/v2\/types\/page"}],"author":[{"embeddable":true,"href":"https:\/\/mirolab.cat\/es\/wp-json\/wp\/v2\/users\/1"}],"replies":[{"embeddable":true,"href":"https:\/\/mirolab.cat\/es\/wp-json\/wp\/v2\/comments?post=485"}],"version-history":[{"count":5,"href":"https:\/\/mirolab.cat\/es\/wp-json\/wp\/v2\/pages\/485\/revisions"}],"predecessor-version":[{"id":1742,"href":"https:\/\/mirolab.cat\/es\/wp-json\/wp\/v2\/pages\/485\/revisions\/1742"}],"wp:attachment":[{"href":"https:\/\/mirolab.cat\/es\/wp-json\/wp\/v2\/media?parent=485"}],"curies":[{"name":"wp","href":"https:\/\/api.w.org\/{rel}","templated":true}]}}