{"id":479,"date":"2025-12-11T14:15:24","date_gmt":"2025-12-11T13:15:24","guid":{"rendered":"https:\/\/mirolab.cat\/aviso-legal\/"},"modified":"2026-02-08T19:18:05","modified_gmt":"2026-02-08T18:18:05","slug":"aviso-legal","status":"publish","type":"page","link":"https:\/\/mirolab.cat\/es\/aviso-legal\/","title":{"rendered":"Aviso legal"},"content":{"rendered":"<p>[et_pb_section fb_built=\u00bb1&#8243; _builder_version=\u00bb4.27.5&#8243; _module_preset=\u00bbdefault\u00bb background_enable_color=\u00bboff\u00bb background_enable_image=\u00bboff\u00bb parallax=\u00bbon\u00bb parallax_method=\u00bboff\u00bb background_blend=\u00bbmultiply\u00bb custom_padding=\u00bb90px||96px||false|false\u00bb hover_enabled=\u00bb0&#8243; global_colors_info=\u00bb{}\u00bb sticky_enabled=\u00bb0&#8243;][et_pb_row column_structure=\u00bb2_5,3_5&#8243; _builder_version=\u00bb4.27.5&#8243; _module_preset=\u00bbdefault\u00bb custom_margin=\u00bb0px||||false|false\u00bb custom_padding=\u00bb0px||||false|false\u00bb global_colors_info=\u00bb{}\u00bb][et_pb_column type=\u00bb2_5&#8243; _builder_version=\u00bb4.27.4&#8243; _module_preset=\u00bbdefault\u00bb global_colors_info=\u00bb{}\u00bb][et_pb_image src=\u00bbhttps:\/\/mirolab.cat\/wp-content\/uploads\/2025\/10\/Mirolab_icono.webp\u00bb alt=\u00bbMir\u00f3Lab icono\u00bb title_text=\u00bbMir\u00f3Lab icono\u00bb align=\u00bbcenter\u00bb src_last_edited=\u00bboff|phone\u00bb _builder_version=\u00bb4.27.4&#8243; _module_preset=\u00bbdefault\u00bb max_width=\u00bb160px\u00bb sticky_position=\u00bbtop\u00bb sticky_offset_top=\u00bb30px\u00bb sticky_limit_bottom=\u00bbsection\u00bb scroll_rotating_enable=\u00bbon\u00bb scroll_rotating=\u00bb0|50|50|100|0\u00b0|180\u00b0|360\u00b0\u00bb sticky_position_tablet=\u00bbtop\u00bb sticky_position_phone=\u00bbnone\u00bb sticky_position_last_edited=\u00bbon|desktop\u00bb global_colors_info=\u00bb{}\u00bb][\/et_pb_image][et_pb_text _builder_version=\u00bb4.27.5&#8243; _module_preset=\u00bbdefault\u00bb header_font=\u00bb||||||||\u00bb header_3_font=\u00bb|||on|||||\u00bb header_3_text_align=\u00bbcenter\u00bb header_3_font_size=\u00bb27px\u00bb sticky_limit_bottom=\u00bbsection\u00bb global_colors_info=\u00bb{}\u00bb]<\/p>\n<h3><strong>MIR\u00f3lab<\/strong><\/h3>\n<p>[\/et_pb_text][\/et_pb_column][et_pb_column type=\u00bb3_5&#8243; _builder_version=\u00bb4.27.4&#8243; _module_preset=\u00bbdefault\u00bb global_colors_info=\u00bb{}\u00bb][et_pb_text _builder_version=\u00bb4.27.5&#8243; _module_preset=\u00bbdefault\u00bb header_font=\u00bb|||on|||||\u00bb header_text_align=\u00bbleft\u00bb header_font_size=\u00bb35px\u00bb header_line_height=\u00bb1.2em\u00bb header_3_font=\u00bb||||||||\u00bb custom_margin=\u00bb||0px||false|false\u00bb sticky_limit_bottom=\u00bbsection\u00bb global_colors_info=\u00bb{}\u00bb]<\/p>\n<h1>AVISO LEGAL<\/h1>\n<p>[\/et_pb_text][et_pb_text _builder_version=\u00bb4.27.5&#8243; _module_preset=\u00bbdefault\u00bb text_font=\u00bb|300|||||||\u00bb link_text_color=\u00bb#AA9A7D\u00bb header_2_font=\u00bb|300||on|||||\u00bb header_2_font_size=\u00bb22px\u00bb custom_margin=\u00bb0px||||false|false\u00bb custom_padding=\u00bb0px||||false|false\u00bb text_font_size_tablet=\u00bb18px\u00bb text_font_size_phone=\u00bb16px\u00bb text_font_size_last_edited=\u00bbon|phone\u00bb global_colors_info=\u00bb{}\u00bb]<\/p>\n<h2>Informaci\u00f3n general<\/h2>\n<p>En complimiento de lo que se dispone en el art\u00edculo 10 de la Ley 34\/2002, del 11 de Julio, de Servicios de la Sociedad de la Informaci\u00f3n y Comercio Electr\u00f3nico (LSSICE), ponemos a lsu disposici\u00f3n la \u201cinformaci\u00f3n general\u201d, que comprende los datos identificativos de la entidad titular de este sitio web:<\/p>\n<p><strong>Identidad:<\/strong> MIR\u00d3LAB<br \/><strong>NIF:<\/strong> G-62074950<br \/><strong>Dir. postal:<\/strong> C\/ d\u2019Enten\u00e7a 67 (08015 Barcelona)<br \/><strong>Contacte:<\/strong> <a href=\"mailto:hola@mirolab.cat\">hola@mirolab.cat<\/a> \u2014 934 234 350<\/p>\n<p>MIROLAB, sociedad inscrita en el Registro Mercantil de Barcelona en el Tomo \u2026, folio \u2026, hoja n\u00famero \u2026, inscripci\u00f3n \u2026<\/p>\n<p>Estos lugares de Internet denominados de ahora en adelante \u201cSITIO\u201d), ofrecen servicios e informaciones de los centros gestionados per <strong>MIR\u00d3LAB<\/strong>, del propio <strong>MIR\u00d3LAB<\/strong> y eventos deportivos que organiza.<\/p>\n<p>Todos los servicios son prestados a tu persona y acedes al SITIO y a elos a trav\u00e9s de Internet mediante el uso del dispositivo y sistema operativo de tu propia elecci\u00f3n: ordenador fijo o port\u00e1til, tel\u00e9fono m\u00f3vil, tablet, consola y otros dispositivos disponibles el mercado. <\/p>\n<h4>1. Derechos de propiedad intelectual e industrial<\/h4>\n<p>Todos los contenidos que incorpora o muestra nuestro SITIO, incluyendo logotipos, marcas comerciales, textos, gr\u00e1ficos, fotograf\u00edas, im\u00e1genes en movimiento, sonido e ilustraciones, son propiedad de <strong>MIR\u00d3LAB<\/strong> y est\u00e1n protegidos por los derechos de autor de la legislaci\u00f3n espa\u00f1ola y otras leyes.<\/p>\n<p>La reproducci\u00f3n, distribuci\u00f3n o comunicaci\u00f3n p\u00fablica del SITIO, de cualquiera de sus partes o del Programario, es contrario a la Ley de Propiedad intelectual espa\u00f1ola y puede implicar sanciones civiles y penales.<\/p>\n<p>La descarga y reproducci\u00f3n digital de otros contenidos del SITIO o de partes de este, solamente estan permitidos para uso personal, no comercial, salvo que se acuerde otra finalidad con <strong>MIR\u00d3LAB<\/strong>.<\/p>\n<h4>2. Exclusi\u00f3n de responsabilidad<\/h4>\n<p>La informaci\u00f3n y servicios en el SITIO se proporcionan sin garant\u00eda expresa o impl\u00edcita de exactitud o integridad. . <strong>MIR\u00d3LAB<\/strong> tambi\u00e9n tiene el derecho de modificar, supender o retirar los contenidos o servicios de cualquiera de los productos descritos en el SITIO en cualquier momento y sin previo aviso.<\/p>\n<p>En caso que consideres que en el SITIO existe cualquier contenido il\u00edcito o que infringe derechos, contenidos sujetos a derechos de autor que no han estado autorizados para comunicar, falsas atribuciones de autor\u00eda, o que atenta contra el honor y la intimidad de las personas o infracciones de marcas protegidas, entre otras, puedes informar: <a href=\"mailto:hola@mirolab.cat\">hola@mirolab.cat<\/a><\/p>\n<p>En el escrito habr\u00e1 de constar la referencia \u201cContenidoss infractores o il\u00edcitos\u201d y contener la seguiente informaci\u00f3n:<\/p>\n<ul>\n<li>Nombre, apellidos, DNI y los datos del contacto<\/li>\n<li>El contenido o contenidos del sitio que consideres infractor de derechos o il\u00edcito<\/li>\n<li>El motico por el cual consideres que este contenido es il\u00edcito, as\u00ed como los derechos infringidos y que es responsable<\/li>\n<li>Una declaraci\u00f3n en la que te haces responsable de la veracidad de esta comunicaci\u00f3n<\/li>\n<\/ul>\n<p><strong>MIR\u00d3LAB<\/strong> no se hace responsable de les comunicaciones entre <strong>MIR\u00d3LAB<\/strong> y tu persona. Adem\u00e1s, si se establecen v\u00ednculos en un sitio web de tercero, <strong>MIR\u00d3LAB<\/strong> tampoco se hace responsable del contenido de estas p\u00e1gines web de terceros.<\/p>\n<p><strong>MIR\u00d3LAB<\/strong> no puede, en ning\u00fan caso, ser responsable por da\u00f1os y perjuicios de cualquier uso del SITIO, incluyendo errores de funcionamiento o p\u00e9rdidas similares.<\/p>\n<h4>3. Las comunicaciones del usuario<\/h4>\n<p>Todos los materiales, informaciones u otras comunicaciones facilitadas y\/o publicadas por tu perosnas en el sitio se consideraran no confidenciales y no excluvivas. <strong>MIR\u00d3LAB<\/strong> puede utilizar estos materiales, informaci\u00f3n, etc, de forma gratuita, incluso para la concesi\u00f3n de la licencia de explotaci\u00f3n de los mismos, a\u00fan con el respeto a tu privacidad. Para m\u00e1s detalles, consulta el apartado 5.<\/p>\n<h4>4. Mal uso<\/h4>\n<p>No se puede usar el sitio para publicar o transmitir cualquier materia que sea o pueda ser ilegal, amenazador, enga\u00f1oso, subversivo, difamatorio, obsceno, abusivo, discriminatorio o que pueda dar lugar a responsabilidad civil o violar cualquier ley.<\/p>\n<p>Tambi\u00e9n se prohibe utilizar el sitio para anunciar o realizar cualquier actividad comercial. <\/p>\n<h4>5. Varios<\/h4>\n<p>Nos reservamos el derecho a revisar estos t\u00e9rminos y condiciones en cualquier momento. Es posible que quieras visitar periodicamente esta p\u00e1gina para estar al d\u00eda de posibles actualizaciones. <\/p>\n<p><strong>MIR\u00d3LAB<\/strong> se reserva el derecho a su propia discreci\u00f3n y sin previo aviso, para eliminar la informaci\u00f3n del sitio y para suspender el sitio.<\/p>\n<h4>6. Nulidad<\/h4>\n<p>Si una parte de estos t\u00e9rminos y condiciones fuese considerada ilegal o no v\u00e1lida y, por tanto, no exigible, esto no afectar\u00e1 la validez y el cumplimiento del resto de los t\u00e9rminos y condiciones.<\/p>\n<p>[\/et_pb_text][\/et_pb_column][\/et_pb_row][\/et_pb_section]<\/p>\n","protected":false},"excerpt":{"rendered":"<p>MIR\u00f3labAVISO LEGALInformaci\u00f3n general En complimiento de lo que se dispone en el art\u00edculo 10 de la Ley 34\/2002, del 11 de Julio, de Servicios de la Sociedad de la Informaci\u00f3n y Comercio Electr\u00f3nico (LSSICE), ponemos a lsu disposici\u00f3n la \u201cinformaci\u00f3n general\u201d, que comprende los datos identificativos de la entidad titular de este sitio web: Identidad: [&hellip;]<\/p>\n","protected":false},"author":1,"featured_media":0,"parent":0,"menu_order":0,"comment_status":"closed","ping_status":"closed","template":"","meta":{"_acf_changed":false,"_et_pb_use_builder":"on","_et_pb_old_content":"","_et_gb_content_width":"","footnotes":""},"class_list":["post-479","page","type-page","status-publish","hentry"],"acf":[],"yoast_head":"<!-- This site is optimized with the Yoast SEO plugin v26.3 - https:\/\/yoast.com\/wordpress\/plugins\/seo\/ -->\n<title>Aviso legal - MiroLab Barcelona<\/title>\n<meta name=\"robots\" content=\"index, follow, max-snippet:-1, max-image-preview:large, max-video-preview:-1\" \/>\n<link rel=\"canonical\" href=\"https:\/\/mirolab.cat\/es\/aviso-legal\/\" \/>\n<meta property=\"og:locale\" content=\"es_ES\" \/>\n<meta property=\"og:type\" content=\"article\" \/>\n<meta property=\"og:title\" content=\"Aviso legal - MiroLab Barcelona\" \/>\n<meta property=\"og:description\" content=\"MIR\u00f3labAVISO LEGALInformaci\u00f3n general En complimiento de lo que se dispone en el art\u00edculo 10 de la Ley 34\/2002, del 11 de Julio, de Servicios de la Sociedad de la Informaci\u00f3n y Comercio Electr\u00f3nico (LSSICE), ponemos a lsu disposici\u00f3n la \u201cinformaci\u00f3n general\u201d, que comprende los datos identificativos de la entidad titular de este sitio web: Identidad: [&hellip;]\" \/>\n<meta property=\"og:url\" content=\"https:\/\/mirolab.cat\/es\/aviso-legal\/\" \/>\n<meta property=\"og:site_name\" content=\"MiroLab Barcelona\" \/>\n<meta property=\"article:modified_time\" content=\"2026-02-08T18:18:05+00:00\" \/>\n<meta name=\"twitter:card\" content=\"summary_large_image\" \/>\n<meta name=\"twitter:label1\" content=\"Tiempo de lectura\" \/>\n\t<meta name=\"twitter:data1\" content=\"5 minutos\" \/>\n<script type=\"application\/ld+json\" class=\"yoast-schema-graph\">{\"@context\":\"https:\/\/schema.org\",\"@graph\":[{\"@type\":\"WebPage\",\"@id\":\"https:\/\/mirolab.cat\/es\/aviso-legal\/\",\"url\":\"https:\/\/mirolab.cat\/es\/aviso-legal\/\",\"name\":\"Aviso legal - MiroLab Barcelona\",\"isPartOf\":{\"@id\":\"https:\/\/mirolab.cat\/es\/#website\"},\"datePublished\":\"2025-12-11T13:15:24+00:00\",\"dateModified\":\"2026-02-08T18:18:05+00:00\",\"breadcrumb\":{\"@id\":\"https:\/\/mirolab.cat\/es\/aviso-legal\/#breadcrumb\"},\"inLanguage\":\"es\",\"potentialAction\":[{\"@type\":\"ReadAction\",\"target\":[\"https:\/\/mirolab.cat\/es\/aviso-legal\/\"]}]},{\"@type\":\"BreadcrumbList\",\"@id\":\"https:\/\/mirolab.cat\/es\/aviso-legal\/#breadcrumb\",\"itemListElement\":[{\"@type\":\"ListItem\",\"position\":1,\"name\":\"Inici\",\"item\":\"https:\/\/mirolab.cat\/es\/mirolab-barcelona-innova-lab-sports\/\"},{\"@type\":\"ListItem\",\"position\":2,\"name\":\"Aviso legal\"}]},{\"@type\":\"WebSite\",\"@id\":\"https:\/\/mirolab.cat\/es\/#website\",\"url\":\"https:\/\/mirolab.cat\/es\/\",\"name\":\"MiroLab Barcelona\",\"description\":\"Rendiment i salut basats en dades.\",\"potentialAction\":[{\"@type\":\"SearchAction\",\"target\":{\"@type\":\"EntryPoint\",\"urlTemplate\":\"https:\/\/mirolab.cat\/es\/?s={search_term_string}\"},\"query-input\":{\"@type\":\"PropertyValueSpecification\",\"valueRequired\":true,\"valueName\":\"search_term_string\"}}],\"inLanguage\":\"es\"}]}<\/script>\n<!-- \/ Yoast SEO plugin. -->","yoast_head_json":{"title":"Aviso legal - MiroLab Barcelona","robots":{"index":"index","follow":"follow","max-snippet":"max-snippet:-1","max-image-preview":"max-image-preview:large","max-video-preview":"max-video-preview:-1"},"canonical":"https:\/\/mirolab.cat\/es\/aviso-legal\/","og_locale":"es_ES","og_type":"article","og_title":"Aviso legal - MiroLab Barcelona","og_description":"MIR\u00f3labAVISO LEGALInformaci\u00f3n general En complimiento de lo que se dispone en el art\u00edculo 10 de la Ley 34\/2002, del 11 de Julio, de Servicios de la Sociedad de la Informaci\u00f3n y Comercio Electr\u00f3nico (LSSICE), ponemos a lsu disposici\u00f3n la \u201cinformaci\u00f3n general\u201d, que comprende los datos identificativos de la entidad titular de este sitio web: Identidad: [&hellip;]","og_url":"https:\/\/mirolab.cat\/es\/aviso-legal\/","og_site_name":"MiroLab Barcelona","article_modified_time":"2026-02-08T18:18:05+00:00","twitter_card":"summary_large_image","twitter_misc":{"Tiempo de lectura":"5 minutos"},"schema":{"@context":"https:\/\/schema.org","@graph":[{"@type":"WebPage","@id":"https:\/\/mirolab.cat\/es\/aviso-legal\/","url":"https:\/\/mirolab.cat\/es\/aviso-legal\/","name":"Aviso legal - MiroLab Barcelona","isPartOf":{"@id":"https:\/\/mirolab.cat\/es\/#website"},"datePublished":"2025-12-11T13:15:24+00:00","dateModified":"2026-02-08T18:18:05+00:00","breadcrumb":{"@id":"https:\/\/mirolab.cat\/es\/aviso-legal\/#breadcrumb"},"inLanguage":"es","potentialAction":[{"@type":"ReadAction","target":["https:\/\/mirolab.cat\/es\/aviso-legal\/"]}]},{"@type":"BreadcrumbList","@id":"https:\/\/mirolab.cat\/es\/aviso-legal\/#breadcrumb","itemListElement":[{"@type":"ListItem","position":1,"name":"Inici","item":"https:\/\/mirolab.cat\/es\/mirolab-barcelona-innova-lab-sports\/"},{"@type":"ListItem","position":2,"name":"Aviso legal"}]},{"@type":"WebSite","@id":"https:\/\/mirolab.cat\/es\/#website","url":"https:\/\/mirolab.cat\/es\/","name":"MiroLab Barcelona","description":"Rendiment i salut basats en dades.","potentialAction":[{"@type":"SearchAction","target":{"@type":"EntryPoint","urlTemplate":"https:\/\/mirolab.cat\/es\/?s={search_term_string}"},"query-input":{"@type":"PropertyValueSpecification","valueRequired":true,"valueName":"search_term_string"}}],"inLanguage":"es"}]}},"_links":{"self":[{"href":"https:\/\/mirolab.cat\/es\/wp-json\/wp\/v2\/pages\/479","targetHints":{"allow":["GET"]}}],"collection":[{"href":"https:\/\/mirolab.cat\/es\/wp-json\/wp\/v2\/pages"}],"about":[{"href":"https:\/\/mirolab.cat\/es\/wp-json\/wp\/v2\/types\/page"}],"author":[{"embeddable":true,"href":"https:\/\/mirolab.cat\/es\/wp-json\/wp\/v2\/users\/1"}],"replies":[{"embeddable":true,"href":"https:\/\/mirolab.cat\/es\/wp-json\/wp\/v2\/comments?post=479"}],"version-history":[{"count":9,"href":"https:\/\/mirolab.cat\/es\/wp-json\/wp\/v2\/pages\/479\/revisions"}],"predecessor-version":[{"id":1833,"href":"https:\/\/mirolab.cat\/es\/wp-json\/wp\/v2\/pages\/479\/revisions\/1833"}],"wp:attachment":[{"href":"https:\/\/mirolab.cat\/es\/wp-json\/wp\/v2\/media?parent=479"}],"curies":[{"name":"wp","href":"https:\/\/api.w.org\/{rel}","templated":true}]}}