{"id":467,"date":"2025-12-11T10:46:50","date_gmt":"2025-12-11T09:46:50","guid":{"rendered":"https:\/\/mirolab.cat\/eres-una-universidad\/"},"modified":"2026-02-09T11:30:43","modified_gmt":"2026-02-09T10:30:43","slug":"universidades","status":"publish","type":"page","link":"https:\/\/mirolab.cat\/es\/universidades\/","title":{"rendered":"\u00bfEres una Universidad?"},"content":{"rendered":"<p>[et_pb_section fb_built=\u00bb1&#8243; _builder_version=\u00bb4.27.5&#8243; _module_preset=\u00bbdefault\u00bb background_color=\u00bbrgba(0,0,0,0.77)\u00bb background_image=\u00bbhttps:\/\/mirolab.cat\/wp-content\/uploads\/2026\/01\/fondo.webp\u00bb background_blend=\u00bboverlay\u00bb min_height=\u00bb100vh\u00bb custom_padding=\u00bb||0px||false|false\u00bb background_last_edited=\u00bboff|phone\u00bb background_enable_image_phone=\u00bboff\u00bb global_colors_info=\u00bb{}\u00bb da_is_popup=\u00bboff\u00bb da_exit_intent=\u00bboff\u00bb da_has_close=\u00bbon\u00bb da_alt_close=\u00bboff\u00bb da_dark_close=\u00bboff\u00bb da_not_modal=\u00bbon\u00bb da_is_singular=\u00bboff\u00bb da_with_loader=\u00bboff\u00bb da_has_shadow=\u00bbon\u00bb da_disable_devices=\u00bboff|off|off\u00bb][et_pb_row module_class=\u00bbfila-central\u00bb _builder_version=\u00bb4.27.4&#8243; _module_preset=\u00bbdefault\u00bb z_index=\u00bb0&#8243; width=\u00bb90%\u00bb max_width=\u00bb90%\u00bb custom_margin=\u00bb15vh|auto||auto|false|false\u00bb custom_margin_tablet=\u00bb15vh|auto||auto|false|false\u00bb custom_margin_phone=\u00bb7vh||||false|false\u00bb custom_margin_last_edited=\u00bbon|phone\u00bb custom_padding=\u00bb0px||55px||false|false\u00bb sticky_limit_bottom=\u00bbbody\u00bb global_colors_info=\u00bb{}\u00bb][et_pb_column type=\u00bb4_4&#8243; _builder_version=\u00bb4.27.4&#8243; _module_preset=\u00bbdefault\u00bb global_colors_info=\u00bb{}\u00bb][et_pb_image src=\u00bbhttps:\/\/mirolab.cat\/wp-content\/uploads\/2025\/10\/Mirolab_icono.webp\u00bb alt=\u00bbMir\u00f3Lab icono\u00bb title_text=\u00bbMir\u00f3Lab icono\u00bb align=\u00bbcenter\u00bb _builder_version=\u00bb4.27.4&#8243; _module_preset=\u00bbdefault\u00bb max_width=\u00bb90px\u00bb scroll_rotating_enable=\u00bbon\u00bb scroll_rotating=\u00bb0|43|47|100|90|0|180\u00b0\u00bb global_colors_info=\u00bb{}\u00bb][\/et_pb_image][et_pb_text _builder_version=\u00bb4.27.5&#8243; _module_preset=\u00bbdefault\u00bb header_font=\u00bb|||on|||||\u00bb header_text_color=\u00bb#FFFFFF\u00bb header_font_size=\u00bb50px\u00bb header_line_height=\u00bb1.1em\u00bb header_2_text_color=\u00bb#FFFFFF\u00bb header_2_font_size=\u00bb30px\u00bb text_orientation=\u00bbcenter\u00bb animation_style=\u00bbslide\u00bb animation_duration=\u00bb1300ms\u00bb animation_intensity_slide=\u00bb10%\u00bb header_font_size_tablet=\u00bb60px\u00bb header_font_size_phone=\u00bb40px\u00bb header_font_size_last_edited=\u00bbon|phone\u00bb header_2_font_tablet=\u00bbUrbanist|100||on|||||\u00bb header_2_font_phone=\u00bbUrbanist|500||on|||||\u00bb header_2_font_last_edited=\u00bboff|desktop\u00bb header_2_font_size_tablet=\u00bb30px\u00bb header_2_font_size_phone=\u00bb18px\u00bb header_2_font_size_last_edited=\u00bbon|phone\u00bb global_colors_info=\u00bb{}\u00bb]<\/p>\n<h1>Universidades en MIR\u00d3LAB<\/h1>\n<h2>Tecnolog\u00eda al servicio de la investigaci\u00f3n<\/h2>\n<p>[\/et_pb_text][\/et_pb_column][\/et_pb_row][\/et_pb_section][et_pb_section fb_built=\u00bb1&#8243; _builder_version=\u00bb4.27.5&#8243; _module_preset=\u00bbdefault\u00bb background_enable_color=\u00bboff\u00bb background_enable_image=\u00bboff\u00bb parallax=\u00bbon\u00bb parallax_method=\u00bboff\u00bb background_blend=\u00bbmultiply\u00bb custom_padding=\u00bb||||false|false\u00bb global_colors_info=\u00bb{}\u00bb da_is_popup=\u00bboff\u00bb da_exit_intent=\u00bboff\u00bb da_has_close=\u00bbon\u00bb da_alt_close=\u00bboff\u00bb da_dark_close=\u00bboff\u00bb da_not_modal=\u00bbon\u00bb da_is_singular=\u00bboff\u00bb da_with_loader=\u00bboff\u00bb da_has_shadow=\u00bbon\u00bb da_disable_devices=\u00bboff|off|off\u00bb][et_pb_row column_structure=\u00bb2_5,3_5&#8243; _builder_version=\u00bb4.27.5&#8243; _module_preset=\u00bbdefault\u00bb global_colors_info=\u00bb{}\u00bb][et_pb_column type=\u00bb2_5&#8243; _builder_version=\u00bb4.27.5&#8243; _module_preset=\u00bbdefault\u00bb global_colors_info=\u00bb{}\u00bb][et_pb_text _builder_version=\u00bb4.27.5&#8243; _module_preset=\u00bbdefault\u00bb text_font=\u00bb|300|||||||\u00bb text_text_color=\u00bb#F8F1EC\u00bb text_font_size=\u00bb18px\u00bb header_2_font=\u00bb|300||on|||||\u00bb header_2_font_size=\u00bb30px\u00bb header_2_line_height=\u00bb1.3em\u00bb animation_style=\u00bbslide\u00bb animation_direction=\u00bbbottom\u00bb animation_duration=\u00bb1150ms\u00bb animation_intensity_slide=\u00bb11%\u00bb text_font_size_tablet=\u00bb18px\u00bb text_font_size_phone=\u00bb16px\u00bb text_font_size_last_edited=\u00bbon|phone\u00bb header_2_font_size_tablet=\u00bb30px\u00bb header_2_font_size_phone=\u00bb20px\u00bb header_2_font_size_last_edited=\u00bbon|phone\u00bb global_colors_info=\u00bb{}\u00bb]<\/p>\n<h2>Investigaci\u00f3n que mide y transforma la vida real<\/h2>\n<p>[\/et_pb_text][\/et_pb_column][et_pb_column type=\u00bb3_5&#8243; _builder_version=\u00bb4.27.5&#8243; _module_preset=\u00bbdefault\u00bb global_colors_info=\u00bb{}\u00bb][et_pb_text _builder_version=\u00bb4.27.5&#8243; _module_preset=\u00bbdefault\u00bb text_font=\u00bb|300|||||||\u00bb header_2_font=\u00bb|300||on|||||\u00bb header_2_text_color=\u00bb#F8F1EC\u00bb header_2_font_size=\u00bb30px\u00bb header_2_line_height=\u00bb1.1em\u00bb animation_style=\u00bbslide\u00bb animation_direction=\u00bbbottom\u00bb animation_duration=\u00bb1250ms\u00bb animation_delay=\u00bb200ms\u00bb animation_intensity_slide=\u00bb11%\u00bb text_font_size_tablet=\u00bb18px\u00bb text_font_size_phone=\u00bb16px\u00bb text_font_size_last_edited=\u00bboff|desktop\u00bb global_colors_info=\u00bb{}\u00bb]<\/p>\n<p>En MIR\u00d3LAB la investigaci\u00f3n no es un concepto abstracto, es una pr\u00e1ctica cotidiana que convive con el entrenamiento, la tecnolog\u00eda, la personalizaci\u00f3n y el contacto directo con las personas. Trabajamos con universidades, doctorandos y equipos de investigaci\u00f3n que comparten nuestra misma visi\u00f3n: convertir Barcelona en un referente global de salud funcional, longevidad y ciencia aplicada. <\/p>\n<p>Somos un espacio p\u00fablico de innovaci\u00f3n, integrado con el CEM Joan Mir\u00f3, que lleva la investigaci\u00f3n fuera de los laboratorios convencionales y la incorpora en el contexto real de las personas: sus h\u00e1bitos, sus necesidades y su manera de vivir. Esta conexi\u00f3n entre la ciencia y la realidad es lo que nos diferencia.  <\/p>\n<p>[\/et_pb_text][\/et_pb_column][\/et_pb_row][et_pb_row column_structure=\u00bb2_5,3_5&#8243; _builder_version=\u00bb4.27.4&#8243; _module_preset=\u00bbdefault\u00bb global_colors_info=\u00bb{}\u00bb][et_pb_column type=\u00bb2_5&#8243; _builder_version=\u00bb4.27.4&#8243; _module_preset=\u00bbdefault\u00bb global_colors_info=\u00bb{}\u00bb][et_pb_text _builder_version=\u00bb4.27.5&#8243; _module_preset=\u00bbdefault\u00bb text_font=\u00bb|300|||||||\u00bb text_text_color=\u00bb#F8F1EC\u00bb text_font_size=\u00bb18px\u00bb header_2_font=\u00bb|300||on|||||\u00bb header_2_font_size=\u00bb30px\u00bb header_2_line_height=\u00bb1.3em\u00bb animation_style=\u00bbslide\u00bb animation_direction=\u00bbbottom\u00bb animation_duration=\u00bb1150ms\u00bb animation_intensity_slide=\u00bb11%\u00bb text_font_size_tablet=\u00bb18px\u00bb text_font_size_phone=\u00bb16px\u00bb text_font_size_last_edited=\u00bbon|phone\u00bb header_2_font_size_tablet=\u00bb30px\u00bb header_2_font_size_phone=\u00bb20px\u00bb header_2_font_size_last_edited=\u00bbon|phone\u00bb global_colors_info=\u00bb{}\u00bb]<\/p>\n<h2>Un laboratorio vivo de investigaci\u00f3n aplicada<\/h2>\n<p>[\/et_pb_text][\/et_pb_column][et_pb_column type=\u00bb3_5&#8243; _builder_version=\u00bb4.27.4&#8243; _module_preset=\u00bbdefault\u00bb global_colors_info=\u00bb{}\u00bb][et_pb_text _builder_version=\u00bb4.27.5&#8243; _module_preset=\u00bbdefault\u00bb text_font=\u00bb|300|||||||\u00bb header_2_font=\u00bb|300||on|||||\u00bb header_2_text_color=\u00bb#F8F1EC\u00bb header_2_font_size=\u00bb30px\u00bb header_2_line_height=\u00bb1.1em\u00bb animation_style=\u00bbslide\u00bb animation_direction=\u00bbbottom\u00bb animation_duration=\u00bb1250ms\u00bb animation_delay=\u00bb200ms\u00bb animation_intensity_slide=\u00bb11%\u00bb global_colors_info=\u00bb{}\u00bb]<\/p>\n<p>Las universidades encuentran en MIR\u00d3LAB un terreno ideal para desarrollar estudios, validar protocolos y trabajar con poblaciones diversas. Somos un espacio que recoge los datos de manera sistem\u00e1tica y rigurosa, a trav\u00f1es de pruebas avanzadas y un sistema tecnol\u00f3gico propio para el an\u00e1lisis y la interpretaci\u00f3n de resultados. <\/p>\n<p>\u00c1mbitos de colaboraci\u00f3n<\/p>\n<ul>\n<li>Prescripci\u00f3n personalizada de ejercicio, nutrici\u00f3n y herramientas para el sistema nervioso aut\u00f3nomo.<\/li>\n<li>Impacto del entrenamiento funcionalen la salud metab\u00f3lica, nerviosa y hormonal.<\/li>\n<li>Diferencias de g\u00e9nero en la respuesta al ejercicio y la regulaci\u00f3n energ\u00e9tica.<\/li>\n<li>Adherencia, motivaci\u00f3n y cambio de h\u00e1bitos.<\/li>\n<li>Recogida y an\u00e1lisis de los datos con AI para generar indicadores de salud funcional. <\/li>\n<li>Validaci\u00f3n de protocolos escalables para implementar en otros CEMs de la ciudad. <\/li>\n<\/ul>\n<p>[\/et_pb_text][\/et_pb_column][\/et_pb_row][et_pb_row column_structure=\u00bb2_5,3_5&#8243; _builder_version=\u00bb4.27.4&#8243; _module_preset=\u00bbdefault\u00bb global_colors_info=\u00bb{}\u00bb][et_pb_column type=\u00bb2_5&#8243; _builder_version=\u00bb4.27.4&#8243; _module_preset=\u00bbdefault\u00bb global_colors_info=\u00bb{}\u00bb][et_pb_text _builder_version=\u00bb4.27.5&#8243; _module_preset=\u00bbdefault\u00bb text_font=\u00bb|300|||||||\u00bb text_text_color=\u00bb#F8F1EC\u00bb text_font_size=\u00bb18px\u00bb header_2_font=\u00bb|300||on|||||\u00bb header_2_font_size=\u00bb30px\u00bb header_2_line_height=\u00bb1.3em\u00bb animation_style=\u00bbslide\u00bb animation_direction=\u00bbbottom\u00bb animation_duration=\u00bb1150ms\u00bb animation_intensity_slide=\u00bb11%\u00bb text_font_size_tablet=\u00bb18px\u00bb text_font_size_phone=\u00bb16px\u00bb text_font_size_last_edited=\u00bbon|phone\u00bb header_2_font_size_tablet=\u00bb30px\u00bb header_2_font_size_phone=\u00bb20px\u00bb header_2_font_size_last_edited=\u00bbon|phone\u00bb global_colors_info=\u00bb{}\u00bb]<\/p>\n<h2>Espacio para doctorandos e investigadores<\/h2>\n<p>[\/et_pb_text][\/et_pb_column][et_pb_column type=\u00bb3_5&#8243; _builder_version=\u00bb4.27.4&#8243; _module_preset=\u00bbdefault\u00bb global_colors_info=\u00bb{}\u00bb][et_pb_text _builder_version=\u00bb4.27.5&#8243; _module_preset=\u00bbdefault\u00bb text_font=\u00bb|300|||||||\u00bb header_2_font=\u00bb|300||on|||||\u00bb header_2_text_color=\u00bb#F8F1EC\u00bb header_2_font_size=\u00bb30px\u00bb header_2_line_height=\u00bb1.1em\u00bb animation_style=\u00bbslide\u00bb animation_direction=\u00bbbottom\u00bb animation_duration=\u00bb1250ms\u00bb animation_delay=\u00bb200ms\u00bb animation_intensity_slide=\u00bb11%\u00bb global_colors_info=\u00bb{}\u00bb]<\/p>\n<p>MIR\u00d3LAB tambi\u00e9n es sede de pr\u00e1cticas e investigaci\u00f3n universitaria. Ofrecemos un entorno ideal para que estudiantes y doctorandos puedan: <\/p>\n<ul>\n<li>Realizar investigaci\u00f3n aplicada<\/li>\n<li>Desarrollar tesis, TFG yTFM<\/li>\n<li>Participar en estudios reales con datos de calidad<\/li>\n<li>Trabajar al costado de un equipo multidisciplinario<\/li>\n<li>Transferir conocimiento a proyectos sociales y municipales<\/li>\n<\/ul>\n<p>Nuestra misi\u00f3n es explandir la ciencia a toda la ciudadania y convertir-la en un valor pr\u00e1ctico, creando puentes reales entre las universidades, cl\u00fasters y preofessionales para que Barcelona evolucione hacina un modelo de salud m\u00e1s innovador y sostenible.<\/p>\n<p>[\/et_pb_text][\/et_pb_column][\/et_pb_row][et_pb_row column_structure=\u00bb2_5,3_5&#8243; _builder_version=\u00bb4.27.4&#8243; _module_preset=\u00bbdefault\u00bb global_colors_info=\u00bb{}\u00bb][et_pb_column type=\u00bb2_5&#8243; _builder_version=\u00bb4.27.4&#8243; _module_preset=\u00bbdefault\u00bb global_colors_info=\u00bb{}\u00bb][et_pb_text _builder_version=\u00bb4.27.5&#8243; _module_preset=\u00bbdefault\u00bb text_font=\u00bb|300|||||||\u00bb text_text_color=\u00bb#F8F1EC\u00bb text_font_size=\u00bb18px\u00bb header_2_font=\u00bb|300||on|||||\u00bb header_2_font_size=\u00bb30px\u00bb header_2_line_height=\u00bb1.3em\u00bb animation_style=\u00bbslide\u00bb animation_direction=\u00bbbottom\u00bb animation_duration=\u00bb1150ms\u00bb animation_intensity_slide=\u00bb11%\u00bb text_font_size_tablet=\u00bb18px\u00bb text_font_size_phone=\u00bb16px\u00bb text_font_size_last_edited=\u00bbon|phone\u00bb header_2_font_size_tablet=\u00bb30px\u00bb header_2_font_size_phone=\u00bb20px\u00bb header_2_font_size_last_edited=\u00bbon|phone\u00bb global_colors_info=\u00bb{}\u00bb]<\/p>\n<h2>Metodologia y tecnolog\u00eda al servicio de la investigaci\u00f3n<\/h2>\n<p>[\/et_pb_text][\/et_pb_column][et_pb_column type=\u00bb3_5&#8243; _builder_version=\u00bb4.27.4&#8243; _module_preset=\u00bbdefault\u00bb global_colors_info=\u00bb{}\u00bb][et_pb_text _builder_version=\u00bb4.27.5&#8243; _module_preset=\u00bbdefault\u00bb text_font=\u00bb|300|||||||\u00bb header_2_font=\u00bb|300||on|||||\u00bb header_2_text_color=\u00bb#F8F1EC\u00bb header_2_font_size=\u00bb30px\u00bb header_2_line_height=\u00bb1.1em\u00bb animation_style=\u00bbslide\u00bb animation_direction=\u00bbbottom\u00bb animation_duration=\u00bb1250ms\u00bb animation_delay=\u00bb200ms\u00bb animation_intensity_slide=\u00bb11%\u00bb global_colors_info=\u00bb{}\u00bb]<\/p>\n<p>MIR\u00d3LAB dispone de un sistema propio de recogida y an\u00e1lisis de datos, as\u00ed como herramientas de valoraci\u00f3n como:<\/p>\n<ul>\n<li>Pruebas de gases (VO2 max, FATmax, METABOLIC flex)<\/li>\n<li>An\u00e1lisis de composici\u00f3n corporal<\/li>\n<li>Tests de fuerza y funcionalidad<\/li>\n<li>Indicadores del sistema nervioso<\/li>\n<li>Seguimiento digital y estructurado de cada persona<\/li>\n<\/ul>\n<p>Si desean sumarse a un ecosistema que transforma la investigaci\u00f1o y tiene un impato significativo, les invitamos a visitarnos y colaborar con nosotros. Encontraran un entorno vivo, datos de calidad y un equipo dispuesto a hacer avanzar el conocmiento.  <\/p>\n<p>[\/et_pb_text][\/et_pb_column][\/et_pb_row][\/et_pb_section]<\/p>\n","protected":false},"excerpt":{"rendered":"<p>Universidades en MIR\u00d3LAB Tecnolog\u00eda al servicio de la investigaci\u00f3nInvestigaci\u00f3n que mide y transforma la vida realEn MIR\u00d3LAB la investigaci\u00f3n no es un concepto abstracto, es una pr\u00e1ctica cotidiana que convive con el entrenamiento, la tecnolog\u00eda, la personalizaci\u00f3n y el contacto directo con las personas. Trabajamos con universidades, doctorandos y equipos de investigaci\u00f3n que comparten nuestra [&hellip;]<\/p>\n","protected":false},"author":1,"featured_media":0,"parent":0,"menu_order":0,"comment_status":"closed","ping_status":"closed","template":"","meta":{"_acf_changed":false,"_et_pb_use_builder":"on","_et_pb_old_content":"","_et_gb_content_width":"","footnotes":""},"class_list":["post-467","page","type-page","status-publish","hentry"],"acf":[],"yoast_head":"<!-- This site is optimized with the Yoast SEO plugin v26.3 - https:\/\/yoast.com\/wordpress\/plugins\/seo\/ -->\n<title>\u00bfEres una Universidad? - MiroLab Barcelona<\/title>\n<meta name=\"robots\" content=\"index, follow, max-snippet:-1, max-image-preview:large, max-video-preview:-1\" \/>\n<link rel=\"canonical\" href=\"https:\/\/mirolab.cat\/es\/universidades\/\" \/>\n<meta property=\"og:locale\" content=\"es_ES\" \/>\n<meta property=\"og:type\" content=\"article\" \/>\n<meta property=\"og:title\" content=\"\u00bfEres una Universidad? - MiroLab Barcelona\" \/>\n<meta property=\"og:description\" content=\"Universidades en MIR\u00d3LAB Tecnolog\u00eda al servicio de la investigaci\u00f3nInvestigaci\u00f3n que mide y transforma la vida realEn MIR\u00d3LAB la investigaci\u00f3n no es un concepto abstracto, es una pr\u00e1ctica cotidiana que convive con el entrenamiento, la tecnolog\u00eda, la personalizaci\u00f3n y el contacto directo con las personas. Trabajamos con universidades, doctorandos y equipos de investigaci\u00f3n que comparten nuestra [&hellip;]\" \/>\n<meta property=\"og:url\" content=\"https:\/\/mirolab.cat\/es\/universidades\/\" \/>\n<meta property=\"og:site_name\" content=\"MiroLab Barcelona\" \/>\n<meta property=\"article:modified_time\" content=\"2026-02-09T10:30:43+00:00\" \/>\n<meta name=\"twitter:card\" content=\"summary_large_image\" \/>\n<meta name=\"twitter:label1\" content=\"Tiempo de lectura\" \/>\n\t<meta name=\"twitter:data1\" content=\"8 minutos\" \/>\n<script type=\"application\/ld+json\" class=\"yoast-schema-graph\">{\"@context\":\"https:\/\/schema.org\",\"@graph\":[{\"@type\":\"WebPage\",\"@id\":\"https:\/\/mirolab.cat\/es\/universidades\/\",\"url\":\"https:\/\/mirolab.cat\/es\/universidades\/\",\"name\":\"\u00bfEres una Universidad? - MiroLab Barcelona\",\"isPartOf\":{\"@id\":\"https:\/\/mirolab.cat\/es\/#website\"},\"datePublished\":\"2025-12-11T09:46:50+00:00\",\"dateModified\":\"2026-02-09T10:30:43+00:00\",\"breadcrumb\":{\"@id\":\"https:\/\/mirolab.cat\/es\/universidades\/#breadcrumb\"},\"inLanguage\":\"es\",\"potentialAction\":[{\"@type\":\"ReadAction\",\"target\":[\"https:\/\/mirolab.cat\/es\/universidades\/\"]}]},{\"@type\":\"BreadcrumbList\",\"@id\":\"https:\/\/mirolab.cat\/es\/universidades\/#breadcrumb\",\"itemListElement\":[{\"@type\":\"ListItem\",\"position\":1,\"name\":\"Inici\",\"item\":\"https:\/\/mirolab.cat\/es\/mirolab-barcelona-innova-lab-sports\/\"},{\"@type\":\"ListItem\",\"position\":2,\"name\":\"\u00bfEres una Universidad?\"}]},{\"@type\":\"WebSite\",\"@id\":\"https:\/\/mirolab.cat\/es\/#website\",\"url\":\"https:\/\/mirolab.cat\/es\/\",\"name\":\"MiroLab Barcelona\",\"description\":\"Rendiment i salut basats en dades.\",\"potentialAction\":[{\"@type\":\"SearchAction\",\"target\":{\"@type\":\"EntryPoint\",\"urlTemplate\":\"https:\/\/mirolab.cat\/es\/?s={search_term_string}\"},\"query-input\":{\"@type\":\"PropertyValueSpecification\",\"valueRequired\":true,\"valueName\":\"search_term_string\"}}],\"inLanguage\":\"es\"}]}<\/script>\n<!-- \/ Yoast SEO plugin. -->","yoast_head_json":{"title":"\u00bfEres una Universidad? - MiroLab Barcelona","robots":{"index":"index","follow":"follow","max-snippet":"max-snippet:-1","max-image-preview":"max-image-preview:large","max-video-preview":"max-video-preview:-1"},"canonical":"https:\/\/mirolab.cat\/es\/universidades\/","og_locale":"es_ES","og_type":"article","og_title":"\u00bfEres una Universidad? - MiroLab Barcelona","og_description":"Universidades en MIR\u00d3LAB Tecnolog\u00eda al servicio de la investigaci\u00f3nInvestigaci\u00f3n que mide y transforma la vida realEn MIR\u00d3LAB la investigaci\u00f3n no es un concepto abstracto, es una pr\u00e1ctica cotidiana que convive con el entrenamiento, la tecnolog\u00eda, la personalizaci\u00f3n y el contacto directo con las personas. Trabajamos con universidades, doctorandos y equipos de investigaci\u00f3n que comparten nuestra [&hellip;]","og_url":"https:\/\/mirolab.cat\/es\/universidades\/","og_site_name":"MiroLab Barcelona","article_modified_time":"2026-02-09T10:30:43+00:00","twitter_card":"summary_large_image","twitter_misc":{"Tiempo de lectura":"8 minutos"},"schema":{"@context":"https:\/\/schema.org","@graph":[{"@type":"WebPage","@id":"https:\/\/mirolab.cat\/es\/universidades\/","url":"https:\/\/mirolab.cat\/es\/universidades\/","name":"\u00bfEres una Universidad? - MiroLab Barcelona","isPartOf":{"@id":"https:\/\/mirolab.cat\/es\/#website"},"datePublished":"2025-12-11T09:46:50+00:00","dateModified":"2026-02-09T10:30:43+00:00","breadcrumb":{"@id":"https:\/\/mirolab.cat\/es\/universidades\/#breadcrumb"},"inLanguage":"es","potentialAction":[{"@type":"ReadAction","target":["https:\/\/mirolab.cat\/es\/universidades\/"]}]},{"@type":"BreadcrumbList","@id":"https:\/\/mirolab.cat\/es\/universidades\/#breadcrumb","itemListElement":[{"@type":"ListItem","position":1,"name":"Inici","item":"https:\/\/mirolab.cat\/es\/mirolab-barcelona-innova-lab-sports\/"},{"@type":"ListItem","position":2,"name":"\u00bfEres una Universidad?"}]},{"@type":"WebSite","@id":"https:\/\/mirolab.cat\/es\/#website","url":"https:\/\/mirolab.cat\/es\/","name":"MiroLab Barcelona","description":"Rendiment i salut basats en dades.","potentialAction":[{"@type":"SearchAction","target":{"@type":"EntryPoint","urlTemplate":"https:\/\/mirolab.cat\/es\/?s={search_term_string}"},"query-input":{"@type":"PropertyValueSpecification","valueRequired":true,"valueName":"search_term_string"}}],"inLanguage":"es"}]}},"_links":{"self":[{"href":"https:\/\/mirolab.cat\/es\/wp-json\/wp\/v2\/pages\/467","targetHints":{"allow":["GET"]}}],"collection":[{"href":"https:\/\/mirolab.cat\/es\/wp-json\/wp\/v2\/pages"}],"about":[{"href":"https:\/\/mirolab.cat\/es\/wp-json\/wp\/v2\/types\/page"}],"author":[{"embeddable":true,"href":"https:\/\/mirolab.cat\/es\/wp-json\/wp\/v2\/users\/1"}],"replies":[{"embeddable":true,"href":"https:\/\/mirolab.cat\/es\/wp-json\/wp\/v2\/comments?post=467"}],"version-history":[{"count":10,"href":"https:\/\/mirolab.cat\/es\/wp-json\/wp\/v2\/pages\/467\/revisions"}],"predecessor-version":[{"id":1751,"href":"https:\/\/mirolab.cat\/es\/wp-json\/wp\/v2\/pages\/467\/revisions\/1751"}],"wp:attachment":[{"href":"https:\/\/mirolab.cat\/es\/wp-json\/wp\/v2\/media?parent=467"}],"curies":[{"name":"wp","href":"https:\/\/api.w.org\/{rel}","templated":true}]}}