{"id":432,"date":"2025-11-08T20:39:15","date_gmt":"2025-11-08T19:39:15","guid":{"rendered":"https:\/\/mirolab.cat\/mirolab-barcelona-innova-lab-sports\/"},"modified":"2026-03-06T08:30:15","modified_gmt":"2026-03-06T07:30:15","slug":"mirolab-barcelona-innova-lab-sports","status":"publish","type":"page","link":"https:\/\/mirolab.cat\/es\/","title":{"rendered":"MiroLab Barcelona Innova Lab Sports"},"content":{"rendered":"<p>[et_pb_section fb_built=\u00bb1&#8243; _builder_version=\u00bb4.27.5&#8243; _module_preset=\u00bbdefault\u00bb custom_padding=\u00bb0px||0px||false|false\u00bb da_disable_devices=\u00bboff|off|off\u00bb global_colors_info=\u00bb{}\u00bb da_is_popup=\u00bboff\u00bb da_exit_intent=\u00bboff\u00bb da_has_close=\u00bbon\u00bb da_alt_close=\u00bboff\u00bb da_dark_close=\u00bboff\u00bb da_not_modal=\u00bbon\u00bb da_is_singular=\u00bboff\u00bb da_with_loader=\u00bboff\u00bb da_has_shadow=\u00bbon\u00bb][et_pb_row _builder_version=\u00bb4.27.5&#8243; _module_preset=\u00bbdefault\u00bb width=\u00bb100%\u00bb max_width=\u00bb100%\u00bb custom_padding=\u00bb0px||0px||false|false\u00bb global_colors_info=\u00bb{}\u00bb][et_pb_column type=\u00bb4_4&#8243; _builder_version=\u00bb4.27.5&#8243; _module_preset=\u00bbdefault\u00bb global_colors_info=\u00bb{}\u00bb][et_pb_code disabled_on=\u00bbon|off|off\u00bb _builder_version=\u00bb4.27.5&#8243; _module_preset=\u00bbdefault\u00bb custom_margin=\u00bb-30px||||false|false\u00bb custom_padding=\u00bb0px||0px||false|false\u00bb hover_enabled=\u00bb0&#8243; global_colors_info=\u00bb{}\u00bb sticky_enabled=\u00bb0&#8243;]<iframe <!-- [et_pb_line_break_holder] -->src=\u00bbhttps:\/\/player.vimeo.com\/video\/1164014056?h=909f8f710f&#038;autoplay=1&#038;loop=1&#038;muted=1&#038;controls=0&#038;background=1&#038;autopause=0&#8243;<!-- [et_pb_line_break_holder] -->width=\u00bb1920&#8243; <!-- [et_pb_line_break_holder] -->height=\u00bb1080&#8243; <!-- [et_pb_line_break_holder] -->frameborder=\u00bb0&#8243; <!-- [et_pb_line_break_holder] -->allow=\u00bbautoplay; fullscreen; picture-in-picture\u00bb<!-- [et_pb_line_break_holder] -->referrerpolicy=\u00bbstrict-origin-when-cross-origin\u00bb<!-- [et_pb_line_break_holder] -->title=\u00bbIntro_miroLab_ok\u00bb><!-- [et_pb_line_break_holder] --><\/iframe>[\/et_pb_code][et_pb_code disabled_on=\u00bboff|on|on\u00bb admin_label=\u00bbCode phone\u00bb _builder_version=\u00bb4.27.5&#8243; _module_preset=\u00bbdefault\u00bb custom_margin=\u00bb-22px||||false|false\u00bb custom_padding=\u00bb0px||0px||false|false\u00bb hover_enabled=\u00bb0&#8243; global_colors_info=\u00bb{}\u00bb sticky_enabled=\u00bb0&#8243;]<!-- [et_pb_line_break_holder] --><\/p>\n<div class=\"video-hero-mb\"><!-- [et_pb_line_break_holder] -->  <iframe <!-- [et_pb_line_break_holder] -->    src=\u00bbhttps:\/\/player.vimeo.com\/video\/1164013415?h=77916914ed&#038;background=1&#038;autopause=0&#8243;<!-- [et_pb_line_break_holder] -->    frameborder=\u00bb0&#8243;<!-- [et_pb_line_break_holder] -->    allow=\u00bbautoplay; fullscreen; picture-in-picture\u00bb<!-- [et_pb_line_break_holder] -->    allowfullscreen><!-- [et_pb_line_break_holder] -->  <\/iframe><!-- [et_pb_line_break_holder] --><\/div>\n<p>[\/et_pb_code][\/et_pb_column][\/et_pb_row][\/et_pb_section][et_pb_section fb_built=\u00bb1&#8243; _builder_version=\u00bb4.27.5&#8243; _module_preset=\u00bbdefault\u00bb background_color=\u00bb#FFFFFF\u00bb background_enable_image=\u00bboff\u00bb parallax=\u00bbon\u00bb parallax_method=\u00bboff\u00bb background_blend=\u00bbmultiply\u00bb custom_padding=\u00bb60px||60px||false|false\u00bb da_disable_devices=\u00bboff|off|off\u00bb global_colors_info=\u00bb{}\u00bb da_is_popup=\u00bboff\u00bb da_exit_intent=\u00bboff\u00bb da_has_close=\u00bbon\u00bb da_alt_close=\u00bboff\u00bb da_dark_close=\u00bboff\u00bb da_not_modal=\u00bbon\u00bb da_is_singular=\u00bboff\u00bb da_with_loader=\u00bboff\u00bb da_has_shadow=\u00bbon\u00bb][et_pb_row _builder_version=\u00bb4.27.4&#8243; _module_preset=\u00bbdefault\u00bb custom_padding=\u00bb31px||31px||true|\u00bb global_colors_info=\u00bb{}\u00bb][et_pb_column type=\u00bb4_4&#8243; _builder_version=\u00bb4.27.4&#8243; _module_preset=\u00bbdefault\u00bb global_colors_info=\u00bb{}\u00bb][et_pb_image src=\u00bbhttps:\/\/mirolab.cat\/wp-content\/uploads\/2025\/10\/Mirolab_icono.webp\u00bb alt=\u00bbMir\u00f3Lab icono\u00bb title_text=\u00bbMir\u00f3Lab icono\u00bb align=\u00bbcenter\u00bb src_last_edited=\u00bboff|phone\u00bb _builder_version=\u00bb4.27.4&#8243; _module_preset=\u00bbdefault\u00bb max_width=\u00bb160px\u00bb sticky_position=\u00bbtop\u00bb sticky_offset_top=\u00bb30px\u00bb sticky_limit_bottom=\u00bbsection\u00bb scroll_rotating_enable=\u00bbon\u00bb scroll_rotating=\u00bb0|50|50|100|0\u00b0|180\u00b0|360\u00b0\u00bb sticky_position_tablet=\u00bbtop\u00bb sticky_position_phone=\u00bbnone\u00bb sticky_position_last_edited=\u00bbon|desktop\u00bb global_colors_info=\u00bb{}\u00bb][\/et_pb_image][et_pb_text _builder_version=\u00bb4.27.5&#8243; _module_preset=\u00bbdefault\u00bb text_font=\u00bbUrbanist|700|||||||\u00bb text_text_color=\u00bb#37322E\u00bb text_font_size=\u00bb28px\u00bb header_text_align=\u00bbcenter\u00bb text_orientation=\u00bbcenter\u00bb custom_margin=\u00bb||70px||false|false\u00bb global_colors_info=\u00bb{}\u00bb]<\/p>\n<p>MIR\u00d3LAB<\/p>\n<p>[\/et_pb_text][et_pb_text _builder_version=\u00bb4.27.5&#8243; _module_preset=\u00bbdefault\u00bb text_font=\u00bb|||on|||||\u00bb header_text_align=\u00bbcenter\u00bb header_text_color=\u00bb#37322E\u00bb header_font_size=\u00bb50px\u00bb header_line_height=\u00bb1.1em\u00bb custom_margin=\u00bb||10px||false|false\u00bb custom_padding=\u00bb||||false|false\u00bb sticky_limit_bottom=\u00bbsection\u00bb header_font_size_tablet=\u00bb50px\u00bb header_font_size_phone=\u00bb40px\u00bb header_font_size_last_edited=\u00bbon|phone\u00bb global_colors_info=\u00bb{}\u00bb]<\/p>\n<h1>Laboratorio de salud funcional y longevidad en Barcelona<\/h1>\n<p>[\/et_pb_text][et_pb_button button_url=\u00bb@ET-DC@eyJkeW5hbWljIjp0cnVlLCJjb250ZW50IjoicG9zdF9saW5rX3VybF9wYWdlIiwic2V0dGluZ3MiOnsicG9zdF9pZCI6IjI0OCIsImVuYWJsZV9odG1sIjoib2ZmIn19@\u00bb button_text=\u00bbReserva el Tour\u00bb button_alignment=\u00bbcenter\u00bb _builder_version=\u00bb4.27.5&#8243; _dynamic_attributes=\u00bbbutton_url\u00bb _module_preset=\u00bbdefault\u00bb global_colors_info=\u00bb{}\u00bb][\/et_pb_button][\/et_pb_column][\/et_pb_row][et_pb_row _builder_version=\u00bb4.27.5&#8243; _module_preset=\u00bbdefault\u00bb custom_padding=\u00bb||10px|||\u00bb global_colors_info=\u00bb{}\u00bb][et_pb_column type=\u00bb4_4&#8243; _builder_version=\u00bb4.27.5&#8243; _module_preset=\u00bbdefault\u00bb global_colors_info=\u00bb{}\u00bb][dsm_image_carousel gallery_ids=\u00bb1183,1184,1185,1187,1188&#8243; slide_to_show=\u00bb3&#8243; speed=\u00bb1070&#8243; autoplay_speed=\u00bb3295&#8243; pause_on_hover=\u00bbon\u00bb arrows=\u00bboff\u00bb dots=\u00bboff\u00bb show_lightbox=\u00bbon\u00bb show_lightbox_gallery=\u00bbon\u00bb slide_to_show_tablet=\u00bb3&#8243; slide_to_show_phone=\u00bb1&#8243; slide_to_show_last_edited=\u00bbon|phone\u00bb _builder_version=\u00bb4.27.5&#8243; _module_preset=\u00bbdefault\u00bb global_colors_info=\u00bb{}\u00bb][\/dsm_image_carousel][\/et_pb_column][\/et_pb_row][et_pb_row _builder_version=\u00bb4.27.4&#8243; _module_preset=\u00bbdefault\u00bb custom_padding=\u00bb6px||32px|||\u00bb global_colors_info=\u00bb{}\u00bb][et_pb_column type=\u00bb4_4&#8243; _builder_version=\u00bb4.27.4&#8243; _module_preset=\u00bbdefault\u00bb global_colors_info=\u00bb{}\u00bb][et_pb_text _builder_version=\u00bb4.27.5&#8243; _module_preset=\u00bbdefault\u00bb text_font=\u00bb||||||||\u00bb text_orientation=\u00bbcenter\u00bb max_width=\u00bb620px\u00bb module_alignment=\u00bbcenter\u00bb text_font_size_tablet=\u00bb18px\u00bb text_font_size_phone=\u00bb16px\u00bb text_font_size_last_edited=\u00bboff|desktop\u00bb global_colors_info=\u00bb{}\u00bb]<\/p>\n<p>MIR\u00d3LAB es el primer laboratorio de salud funcional y longevidad de Barcelona, nace como arteria del CEM Joan Mir\u00f3, un equipamiento de refrencia que expresa el compromiso de la ciudad con el progreso, la innovaci\u00f3n y el bienestar colectivo.<\/p>\n<p>Barcelona ha sido siempre una ciudad pionera en deporte, salud y modelo p\u00fablico. Con esta misma visi\u00f3n, MIR\u00d3LAB aparece como un espacio l\u00edder que une tecnolog\u00eda, ciencia, entrenamiento y consciencia, para ofrecer una experiencia personalizada y transformadora.<\/p>\n<p>Gracias a diversas herramientas de evaluaci\u00f3n cient\u00edficas, podemos acceder a datos reales de tu cuerpo -como tu metabolismo, el consumo de ox\u00edgeno o la flexibilidad energ\u00e9tica- para entender lo que necesitas, interpretar lo que te pasa y actuar con precisi\u00f3n. El objetivo: vivir m\u00e1s y mejor, con salud y autonom\u00eda.<\/p>\n<p>Nuestra base p\u00fablica es una garant\u00eda de acceso \u00e9tico y transparente, pero tambi\u00e9n un puente hacia la colaboraci\u00f3n con universidades, centros m\u00e9dicos y proyectos de investigaci\u00f1on que situan al laboratorio en la vanguardia de la salud funcional y la lingevidad activa.<\/p>\n<p>[\/et_pb_text][\/et_pb_column][\/et_pb_row][\/et_pb_section][et_pb_section fb_built=\u00bb1&#8243; _builder_version=\u00bb4.27.5&#8243; _module_preset=\u00bbdefault\u00bb background_image=\u00bbhttps:\/\/mirolab.cat\/wp-content\/uploads\/2026\/01\/Textura-03_fondo.webp\u00bb parallax=\u00bbon\u00bb parallax_method=\u00bboff\u00bb custom_padding=\u00bb180px||180px||true|false\u00bb da_disable_devices=\u00bboff|off|off\u00bb global_colors_info=\u00bb{}\u00bb da_is_popup=\u00bboff\u00bb da_exit_intent=\u00bboff\u00bb da_has_close=\u00bbon\u00bb da_alt_close=\u00bboff\u00bb da_dark_close=\u00bboff\u00bb da_not_modal=\u00bbon\u00bb da_is_singular=\u00bboff\u00bb da_with_loader=\u00bboff\u00bb da_has_shadow=\u00bbon\u00bb][et_pb_row _builder_version=\u00bb4.27.5&#8243; _module_preset=\u00bbdefault\u00bb background_enable_image=\u00bboff\u00bb parallax=\u00bbon\u00bb parallax_method=\u00bboff\u00bb custom_padding=\u00bb||||false|false\u00bb global_colors_info=\u00bb{}\u00bb][et_pb_column type=\u00bb4_4&#8243; _builder_version=\u00bb4.27.5&#8243; _module_preset=\u00bbdefault\u00bb global_colors_info=\u00bb{}\u00bb][et_pb_text _builder_version=\u00bb4.27.5&#8243; _module_preset=\u00bbdefault\u00bb text_font=\u00bbCormorant Garamond|500||on|||||\u00bb text_font_size=\u00bb24px\u00bb text_line_height=\u00bb1.1em\u00bb header_3_text_color=\u00bb#F8F1EC\u00bb header_4_font=\u00bb|300||on|||||\u00bb header_4_text_color=\u00bb#F8F1EC\u00bb header_4_font_size=\u00bb30px\u00bb header_4_line_height=\u00bb1.4em\u00bb text_orientation=\u00bbcenter\u00bb background_layout=\u00bbdark\u00bb max_width=\u00bb580px\u00bb module_alignment=\u00bbcenter\u00bb global_colors_info=\u00bb{}\u00bb]<\/p>\n<p>Cada persona es \u00fanica y cada dato tiene un prop\u00f3sito. Aqu\u00ed, cada paso cuenta.<\/p>\n<p>[\/et_pb_text][\/et_pb_column][\/et_pb_row][\/et_pb_section]<\/p>\n","protected":false},"excerpt":{"rendered":"<p>MIR\u00d3LABLaboratorio de salud funcional y longevidad en Barcelona<div class=\"et_pb_module dsm_image_carousel dsm_image_carousel_0  dsm_image_carousel_arrow_outside dsm_image_carousel_arrow_mobile_inside \">\n\t\t\t\t\n\t\t\t\t\n\t\t\t\t\n\t\t\t\t\n\t\t\t\t\n\t\t\t\t\n\t\t\t\t<div class=\"et_pb_module_inner\">\n\t\t\t\t\t<div class=\"swiper-container dsm_image_carousel_container\" dir=\"ltr\" data-effect=\"default\"\n\t\t\tdata-slider-effect-shadows=\"false\"\n\t\t\tdata-slider-effect-coverflow-rotate=\"30\"\n\t\t\tdata-slider-effect-coverflow-depth=\"0\"\n\t\t\tdata-loop=\"true\"\n\t\t\tdata-slide-to-show=\"3\"\n\t\t\tdata-slide-to-show-tablet=\"3\"\n\t\t\tdata-slide-to-show-phone=\"1\"\n\t\t\tdata-slide-to-scroll=\"1\"\n\t\t\tdata-slide-to-scroll-tablet=\"1\"\n\t\t\tdata-slide-to-scroll-phone=\"1\"\n\t\t\tdata-space-between=\"15\"\n\t\t\tdata-space-between-tablet=\"15\"\n\t\t\tdata-space-between-phone=\"15\"\n\t\t\tdata-slide-row=\"1\"\n\t\t\tdata-centered-slides=\"false\"\n\t\t\tdata-speed=\"1070\"\n\t\t\tdata-autoplay=\"true\"\n\t\t\tdata-autoplay-speed=\"3295\"\n\t\t\tdata-touch-move=\"true\"\n\t\t\tdata-grab=\"true\"\n\t\t\tdata-pause-on-hover=\"true\"\n\t\t\tdata-show-lightbox=\"true\"\n\t\t\tdata-lightbox-gallery=\"true\"\n\t\t\tdata-lightbox-caption=\"false\"\n\t\t\tdata-infinite-scrolling=\"false\"\n\t\t\t><div class=\"swiper-wrapper\"><div class=\"swiper-slide dsm_image_carousel_item\"><a class=\"dsm_image_carousel_lightbox\" href=\"https:\/\/mirolab.cat\/wp-content\/uploads\/2026\/01\/MiroLAB-01.webp\" data-mfp-src=\"https:\/\/mirolab.cat\/wp-content\/uploads\/2026\/01\/MiroLAB-01.webp\"><img loading=\"lazy\" decoding=\"async\" src=\"https:\/\/mirolab.cat\/wp-content\/uploads\/2026\/01\/MiroLAB-01.webp\" alt=\"\" title=\"\" width=\"1080\" height=\"720\" data-dsm-image-description=\"\" srcset=\"https:\/\/mirolab.cat\/wp-content\/uploads\/2026\/01\/MiroLAB-01.webp 1080w, https:\/\/mirolab.cat\/wp-content\/uploads\/2026\/01\/MiroLAB-01-980x653.webp 980w, https:\/\/mirolab.cat\/wp-content\/uploads\/2026\/01\/MiroLAB-01-480x320.webp 480w\" sizes=\"(min-width: 0px) and (max-width: 480px) 480px, (min-width: 481px) and (max-width: 980px) 980px, (min-width: 981px) 1080px, 100vw\" class=\"swiper-lazy\" \/><\/a><\/div><div class=\"swiper-slide dsm_image_carousel_item\"><a class=\"dsm_image_carousel_lightbox\" href=\"https:\/\/mirolab.cat\/wp-content\/uploads\/2026\/01\/MiroLAB-02.webp\" data-mfp-src=\"https:\/\/mirolab.cat\/wp-content\/uploads\/2026\/01\/MiroLAB-02.webp\"><img loading=\"lazy\" decoding=\"async\" src=\"https:\/\/mirolab.cat\/wp-content\/uploads\/2026\/01\/MiroLAB-02.webp\" alt=\"\" title=\"\" width=\"1080\" height=\"720\" data-dsm-image-description=\"\" srcset=\"https:\/\/mirolab.cat\/wp-content\/uploads\/2026\/01\/MiroLAB-02.webp 1080w, https:\/\/mirolab.cat\/wp-content\/uploads\/2026\/01\/MiroLAB-02-980x653.webp 980w, https:\/\/mirolab.cat\/wp-content\/uploads\/2026\/01\/MiroLAB-02-480x320.webp 480w\" sizes=\"(min-width: 0px) and (max-width: 480px) 480px, (min-width: 481px) and (max-width: 980px) 980px, (min-width: 981px) 1080px, 100vw\" class=\"swiper-lazy\" \/><\/a><\/div><div class=\"swiper-slide dsm_image_carousel_item\"><a class=\"dsm_image_carousel_lightbox\" href=\"https:\/\/mirolab.cat\/wp-content\/uploads\/2026\/01\/MiroLAB-03.webp\" data-mfp-src=\"https:\/\/mirolab.cat\/wp-content\/uploads\/2026\/01\/MiroLAB-03.webp\"><img loading=\"lazy\" decoding=\"async\" src=\"https:\/\/mirolab.cat\/wp-content\/uploads\/2026\/01\/MiroLAB-03.webp\" alt=\"\" title=\"\" width=\"1080\" height=\"720\" data-dsm-image-description=\"\" srcset=\"https:\/\/mirolab.cat\/wp-content\/uploads\/2026\/01\/MiroLAB-03.webp 1080w, https:\/\/mirolab.cat\/wp-content\/uploads\/2026\/01\/MiroLAB-03-980x653.webp 980w, https:\/\/mirolab.cat\/wp-content\/uploads\/2026\/01\/MiroLAB-03-480x320.webp 480w\" sizes=\"(min-width: 0px) and (max-width: 480px) 480px, (min-width: 481px) and (max-width: 980px) 980px, (min-width: 981px) 1080px, 100vw\" class=\"swiper-lazy\" \/><\/a><\/div><div class=\"swiper-slide dsm_image_carousel_item\"><a class=\"dsm_image_carousel_lightbox\" href=\"https:\/\/mirolab.cat\/wp-content\/uploads\/2026\/01\/MiroLAB-04.webp\" data-mfp-src=\"https:\/\/mirolab.cat\/wp-content\/uploads\/2026\/01\/MiroLAB-04.webp\"><img loading=\"lazy\" decoding=\"async\" src=\"https:\/\/mirolab.cat\/wp-content\/uploads\/2026\/01\/MiroLAB-04.webp\" alt=\"\" title=\"\" width=\"1080\" height=\"720\" data-dsm-image-description=\"\" srcset=\"https:\/\/mirolab.cat\/wp-content\/uploads\/2026\/01\/MiroLAB-04.webp 1080w, https:\/\/mirolab.cat\/wp-content\/uploads\/2026\/01\/MiroLAB-04-980x653.webp 980w, https:\/\/mirolab.cat\/wp-content\/uploads\/2026\/01\/MiroLAB-04-480x320.webp 480w\" sizes=\"(min-width: 0px) and (max-width: 480px) 480px, (min-width: 481px) and (max-width: 980px) 980px, (min-width: 981px) 1080px, 100vw\" class=\"swiper-lazy\" \/><\/a><\/div><div class=\"swiper-slide dsm_image_carousel_item\"><a class=\"dsm_image_carousel_lightbox\" href=\"https:\/\/mirolab.cat\/wp-content\/uploads\/2026\/01\/MiroLAB-05.webp\" data-mfp-src=\"https:\/\/mirolab.cat\/wp-content\/uploads\/2026\/01\/MiroLAB-05.webp\"><img loading=\"lazy\" decoding=\"async\" src=\"https:\/\/mirolab.cat\/wp-content\/uploads\/2026\/01\/MiroLAB-05.webp\" alt=\"\" title=\"\" width=\"1080\" height=\"720\" data-dsm-image-description=\"\" srcset=\"https:\/\/mirolab.cat\/wp-content\/uploads\/2026\/01\/MiroLAB-05.webp 1080w, https:\/\/mirolab.cat\/wp-content\/uploads\/2026\/01\/MiroLAB-05-980x653.webp 980w, https:\/\/mirolab.cat\/wp-content\/uploads\/2026\/01\/MiroLAB-05-480x320.webp 480w\" sizes=\"(min-width: 0px) and (max-width: 480px) 480px, (min-width: 481px) and (max-width: 980px) 980px, (min-width: 981px) 1080px, 100vw\" class=\"swiper-lazy\" \/><\/a><\/div><\/div><\/div>\n\t\t\t\t<\/div>\n\t\t\t<\/div>MIR\u00d3LAB es el primer laboratorio de salud funcional y longevidad de Barcelona, nace como arteria del CEM Joan Mir\u00f3, un equipamiento de refrencia que expresa el compromiso de la ciudad con el progreso, [&hellip;]<\/p>\n","protected":false},"author":1,"featured_media":427,"parent":0,"menu_order":0,"comment_status":"closed","ping_status":"closed","template":"","meta":{"_acf_changed":false,"_et_pb_use_builder":"on","_et_pb_old_content":"","_et_gb_content_width":"","footnotes":""},"class_list":["post-432","page","type-page","status-publish","has-post-thumbnail","hentry"],"acf":[],"yoast_head":"<!-- This site is optimized with the Yoast SEO plugin v26.3 - https:\/\/yoast.com\/wordpress\/plugins\/seo\/ -->\n<title>MiroLab Barcelona Innova Lab Sports - MiroLab Barcelona<\/title>\n<meta name=\"description\" content=\"MIR\u00d3LAB, estudio de rendimiento y salud en Barcelona. Laboratorio de salud funcional y longevidad con base cient\u00edfica y enfoque individualizado.\" \/>\n<meta name=\"robots\" content=\"index, follow, max-snippet:-1, max-image-preview:large, max-video-preview:-1\" \/>\n<link rel=\"canonical\" href=\"https:\/\/mirolab.cat\/es\/\" \/>\n<meta property=\"og:locale\" content=\"es_ES\" \/>\n<meta property=\"og:type\" content=\"article\" \/>\n<meta property=\"og:title\" content=\"MiroLab Barcelona Innova Lab Sports - MiroLab Barcelona\" \/>\n<meta property=\"og:description\" content=\"MIR\u00d3LAB, estudio de rendimiento y salud en Barcelona. Laboratorio de salud funcional y longevidad con base cient\u00edfica y enfoque individualizado.\" \/>\n<meta property=\"og:url\" content=\"https:\/\/mirolab.cat\/es\/\" \/>\n<meta property=\"og:site_name\" content=\"MiroLab Barcelona\" \/>\n<meta property=\"article:modified_time\" content=\"2026-03-06T07:30:15+00:00\" \/>\n<meta property=\"og:image\" content=\"https:\/\/mirolab.cat\/wp-content\/uploads\/2025\/10\/mirolab_destacada.webp\" \/>\n\t<meta property=\"og:image:width\" content=\"526\" \/>\n\t<meta property=\"og:image:height\" content=\"416\" \/>\n\t<meta property=\"og:image:type\" content=\"image\/webp\" \/>\n<meta name=\"twitter:card\" content=\"summary_large_image\" \/>\n<meta name=\"twitter:label1\" content=\"Tiempo de lectura\" \/>\n\t<meta name=\"twitter:data1\" content=\"6 minutos\" \/>\n<script type=\"application\/ld+json\" class=\"yoast-schema-graph\">{\"@context\":\"https:\/\/schema.org\",\"@graph\":[{\"@type\":\"WebPage\",\"@id\":\"https:\/\/mirolab.cat\/es\/\",\"url\":\"https:\/\/mirolab.cat\/es\/\",\"name\":\"MiroLab Barcelona Innova Lab Sports - MiroLab Barcelona\",\"isPartOf\":{\"@id\":\"https:\/\/mirolab.cat\/es\/#website\"},\"primaryImageOfPage\":{\"@id\":\"https:\/\/mirolab.cat\/es\/#primaryimage\"},\"image\":{\"@id\":\"https:\/\/mirolab.cat\/es\/#primaryimage\"},\"thumbnailUrl\":\"https:\/\/mirolab.cat\/wp-content\/uploads\/2025\/10\/mirolab_destacada.webp\",\"datePublished\":\"2025-11-08T19:39:15+00:00\",\"dateModified\":\"2026-03-06T07:30:15+00:00\",\"description\":\"MIR\u00d3LAB, estudio de rendimiento y salud en Barcelona. Laboratorio de salud funcional y longevidad con base cient\u00edfica y enfoque individualizado.\",\"breadcrumb\":{\"@id\":\"https:\/\/mirolab.cat\/es\/#breadcrumb\"},\"inLanguage\":\"es\",\"potentialAction\":[{\"@type\":\"ReadAction\",\"target\":[\"https:\/\/mirolab.cat\/es\/\"]}]},{\"@type\":\"ImageObject\",\"inLanguage\":\"es\",\"@id\":\"https:\/\/mirolab.cat\/es\/#primaryimage\",\"url\":\"https:\/\/mirolab.cat\/wp-content\/uploads\/2025\/10\/mirolab_destacada.webp\",\"contentUrl\":\"https:\/\/mirolab.cat\/wp-content\/uploads\/2025\/10\/mirolab_destacada.webp\",\"width\":526,\"height\":416,\"caption\":\"Mir\u00f3Lab destacada\"},{\"@type\":\"BreadcrumbList\",\"@id\":\"https:\/\/mirolab.cat\/es\/#breadcrumb\",\"itemListElement\":[{\"@type\":\"ListItem\",\"position\":1,\"name\":\"Inici\",\"item\":\"https:\/\/mirolab.cat\/es\/mirolab-barcelona-innova-lab-sports\/\"},{\"@type\":\"ListItem\",\"position\":2,\"name\":\"MiroLab Barcelona Innova Lab Sports\"}]},{\"@type\":\"WebSite\",\"@id\":\"https:\/\/mirolab.cat\/es\/#website\",\"url\":\"https:\/\/mirolab.cat\/es\/\",\"name\":\"MiroLab Barcelona\",\"description\":\"Rendiment i salut basats en dades.\",\"potentialAction\":[{\"@type\":\"SearchAction\",\"target\":{\"@type\":\"EntryPoint\",\"urlTemplate\":\"https:\/\/mirolab.cat\/es\/?s={search_term_string}\"},\"query-input\":{\"@type\":\"PropertyValueSpecification\",\"valueRequired\":true,\"valueName\":\"search_term_string\"}}],\"inLanguage\":\"es\"}]}<\/script>\n<!-- \/ Yoast SEO plugin. -->","yoast_head_json":{"title":"MiroLab Barcelona Innova Lab Sports - MiroLab Barcelona","description":"MIR\u00d3LAB, estudio de rendimiento y salud en Barcelona. Laboratorio de salud funcional y longevidad con base cient\u00edfica y enfoque individualizado.","robots":{"index":"index","follow":"follow","max-snippet":"max-snippet:-1","max-image-preview":"max-image-preview:large","max-video-preview":"max-video-preview:-1"},"canonical":"https:\/\/mirolab.cat\/es\/","og_locale":"es_ES","og_type":"article","og_title":"MiroLab Barcelona Innova Lab Sports - MiroLab Barcelona","og_description":"MIR\u00d3LAB, estudio de rendimiento y salud en Barcelona. Laboratorio de salud funcional y longevidad con base cient\u00edfica y enfoque individualizado.","og_url":"https:\/\/mirolab.cat\/es\/","og_site_name":"MiroLab Barcelona","article_modified_time":"2026-03-06T07:30:15+00:00","og_image":[{"width":526,"height":416,"url":"https:\/\/mirolab.cat\/wp-content\/uploads\/2025\/10\/mirolab_destacada.webp","type":"image\/webp"}],"twitter_card":"summary_large_image","twitter_misc":{"Tiempo de lectura":"6 minutos"},"schema":{"@context":"https:\/\/schema.org","@graph":[{"@type":"WebPage","@id":"https:\/\/mirolab.cat\/es\/","url":"https:\/\/mirolab.cat\/es\/","name":"MiroLab Barcelona Innova Lab Sports - MiroLab Barcelona","isPartOf":{"@id":"https:\/\/mirolab.cat\/es\/#website"},"primaryImageOfPage":{"@id":"https:\/\/mirolab.cat\/es\/#primaryimage"},"image":{"@id":"https:\/\/mirolab.cat\/es\/#primaryimage"},"thumbnailUrl":"https:\/\/mirolab.cat\/wp-content\/uploads\/2025\/10\/mirolab_destacada.webp","datePublished":"2025-11-08T19:39:15+00:00","dateModified":"2026-03-06T07:30:15+00:00","description":"MIR\u00d3LAB, estudio de rendimiento y salud en Barcelona. Laboratorio de salud funcional y longevidad con base cient\u00edfica y enfoque individualizado.","breadcrumb":{"@id":"https:\/\/mirolab.cat\/es\/#breadcrumb"},"inLanguage":"es","potentialAction":[{"@type":"ReadAction","target":["https:\/\/mirolab.cat\/es\/"]}]},{"@type":"ImageObject","inLanguage":"es","@id":"https:\/\/mirolab.cat\/es\/#primaryimage","url":"https:\/\/mirolab.cat\/wp-content\/uploads\/2025\/10\/mirolab_destacada.webp","contentUrl":"https:\/\/mirolab.cat\/wp-content\/uploads\/2025\/10\/mirolab_destacada.webp","width":526,"height":416,"caption":"Mir\u00f3Lab destacada"},{"@type":"BreadcrumbList","@id":"https:\/\/mirolab.cat\/es\/#breadcrumb","itemListElement":[{"@type":"ListItem","position":1,"name":"Inici","item":"https:\/\/mirolab.cat\/es\/mirolab-barcelona-innova-lab-sports\/"},{"@type":"ListItem","position":2,"name":"MiroLab Barcelona Innova Lab Sports"}]},{"@type":"WebSite","@id":"https:\/\/mirolab.cat\/es\/#website","url":"https:\/\/mirolab.cat\/es\/","name":"MiroLab Barcelona","description":"Rendiment i salut basats en dades.","potentialAction":[{"@type":"SearchAction","target":{"@type":"EntryPoint","urlTemplate":"https:\/\/mirolab.cat\/es\/?s={search_term_string}"},"query-input":{"@type":"PropertyValueSpecification","valueRequired":true,"valueName":"search_term_string"}}],"inLanguage":"es"}]}},"_links":{"self":[{"href":"https:\/\/mirolab.cat\/es\/wp-json\/wp\/v2\/pages\/432","targetHints":{"allow":["GET"]}}],"collection":[{"href":"https:\/\/mirolab.cat\/es\/wp-json\/wp\/v2\/pages"}],"about":[{"href":"https:\/\/mirolab.cat\/es\/wp-json\/wp\/v2\/types\/page"}],"author":[{"embeddable":true,"href":"https:\/\/mirolab.cat\/es\/wp-json\/wp\/v2\/users\/1"}],"replies":[{"embeddable":true,"href":"https:\/\/mirolab.cat\/es\/wp-json\/wp\/v2\/comments?post=432"}],"version-history":[{"count":39,"href":"https:\/\/mirolab.cat\/es\/wp-json\/wp\/v2\/pages\/432\/revisions"}],"predecessor-version":[{"id":2161,"href":"https:\/\/mirolab.cat\/es\/wp-json\/wp\/v2\/pages\/432\/revisions\/2161"}],"wp:featuredmedia":[{"embeddable":true,"href":"https:\/\/mirolab.cat\/es\/wp-json\/wp\/v2\/media\/427"}],"wp:attachment":[{"href":"https:\/\/mirolab.cat\/es\/wp-json\/wp\/v2\/media?parent=432"}],"curies":[{"name":"wp","href":"https:\/\/api.w.org\/{rel}","templated":true}]}}