{"id":1774,"date":"2026-01-08T09:07:41","date_gmt":"2026-01-08T08:07:41","guid":{"rendered":"https:\/\/mirolab.cat\/tour-mirolab\/"},"modified":"2026-03-30T19:01:09","modified_gmt":"2026-03-30T17:01:09","slug":"tour-mirolab","status":"publish","type":"page","link":"https:\/\/mirolab.cat\/es\/tour-mirolab\/","title":{"rendered":"Tour Mir\u00f3lab"},"content":{"rendered":"<p>[et_pb_section fb_built=\u00bb1&#8243; _builder_version=\u00bb4.27.5&#8243; _module_preset=\u00bbdefault\u00bb background_color=\u00bbrgba(0,0,0,0.81)\u00bb background_image=\u00bbhttps:\/\/mirolab.cat\/wp-content\/uploads\/2026\/01\/fondo_tour.webp\u00bb background_blend=\u00bboverlay\u00bb custom_padding=\u00bb65px||135px||false|false\u00bb hover_enabled=\u00bb0&#8243; background_last_edited=\u00bboff|desktop\u00bb background_image_phone=\u00bbhttps:\/\/mirolab.cat\/wp-content\/uploads\/2025\/11\/servei-valoracio-inicial-mb.webp\u00bb background_enable_image_phone=\u00bbon\u00bb da_disable_devices=\u00bboff|off|off\u00bb global_colors_info=\u00bb{}\u00bb sticky_enabled=\u00bb0&#8243; da_is_popup=\u00bboff\u00bb da_exit_intent=\u00bboff\u00bb da_has_close=\u00bbon\u00bb da_alt_close=\u00bboff\u00bb da_dark_close=\u00bboff\u00bb da_not_modal=\u00bbon\u00bb da_is_singular=\u00bboff\u00bb da_with_loader=\u00bboff\u00bb da_has_shadow=\u00bbon\u00bb][et_pb_row module_class=\u00bbfila-central\u00bb _builder_version=\u00bb4.27.5&#8243; _module_preset=\u00bbdefault\u00bb z_index=\u00bb0&#8243; width=\u00bb90%\u00bb max_width=\u00bb90%\u00bb custom_margin_tablet=\u00bb15vh|auto||auto|false|false\u00bb custom_margin_phone=\u00bb7vh||||false|false\u00bb custom_margin_last_edited=\u00bboff|desktop\u00bb sticky_limit_bottom=\u00bbbody\u00bb global_colors_info=\u00bb{}\u00bb][et_pb_column type=\u00bb4_4&#8243; _builder_version=\u00bb4.27.4&#8243; _module_preset=\u00bbdefault\u00bb global_colors_info=\u00bb{}\u00bb][et_pb_image src=\u00bbhttps:\/\/mirolab.cat\/wp-content\/uploads\/2025\/10\/Mirolab_icono.webp\u00bb alt=\u00bbMir\u00f3Lab icono\u00bb title_text=\u00bbMir\u00f3Lab icono\u00bb align=\u00bbcenter\u00bb _builder_version=\u00bb4.27.4&#8243; _module_preset=\u00bbdefault\u00bb max_width=\u00bb90px\u00bb scroll_rotating_enable=\u00bbon\u00bb scroll_rotating=\u00bb0|43|47|100|90|0|180\u00b0\u00bb global_colors_info=\u00bb{}\u00bb][\/et_pb_image][et_pb_text _builder_version=\u00bb4.27.6&#8243; _module_preset=\u00bbdefault\u00bb header_font=\u00bbBodoni Moda|500||on|||||\u00bb header_text_color=\u00bb#FFFFFF\u00bb header_font_size=\u00bb70px\u00bb header_2_font=\u00bbCormorant Garamond|300||on|||||\u00bb header_2_text_color=\u00bb#FFFFFF\u00bb header_2_font_size=\u00bb20px\u00bb header_2_line_height=\u00bb1.2em\u00bb text_orientation=\u00bbcenter\u00bb animation_style=\u00bbslide\u00bb animation_duration=\u00bb1300ms\u00bb animation_intensity_slide=\u00bb10%\u00bb hover_enabled=\u00bb0&#8243; header_font_size_tablet=\u00bb60px\u00bb header_font_size_phone=\u00bb34px\u00bb header_font_size_last_edited=\u00bbon|phone\u00bb header_2_font_tablet=\u00bbUrbanist|100||on|||||\u00bb header_2_font_phone=\u00bbUrbanist|500||on|||||\u00bb header_2_font_last_edited=\u00bbon|phone\u00bb header_2_font_size_tablet=\u00bb30px\u00bb header_2_font_size_phone=\u00bb18px\u00bb header_2_font_size_last_edited=\u00bbon|phone\u00bb global_colors_info=\u00bb{}\u00bb sticky_enabled=\u00bb0&#8243;]<\/p>\n<h1>Tour Mir\u00f3lab<\/h1>\n<p>[\/et_pb_text][et_pb_button button_url=\u00bb#formulari\u00bb button_text=\u00bbReservar\u00bb button_alignment=\u00bbcenter\u00bb _builder_version=\u00bb4.27.5&#8243; _module_preset=\u00bbdefault\u00bb global_colors_info=\u00bb{}\u00bb][\/et_pb_button][\/et_pb_column][\/et_pb_row][\/et_pb_section][et_pb_section fb_built=\u00bb1&#8243; _builder_version=\u00bb4.27.5&#8243; _module_preset=\u00bbdefault\u00bb background_enable_color=\u00bboff\u00bb background_enable_image=\u00bboff\u00bb background_blend=\u00bboverlay\u00bb custom_padding=\u00bb43px||150px||false|false\u00bb da_disable_devices=\u00bboff|off|off\u00bb global_colors_info=\u00bb{}\u00bb da_is_popup=\u00bboff\u00bb da_exit_intent=\u00bboff\u00bb da_has_close=\u00bbon\u00bb da_alt_close=\u00bboff\u00bb da_dark_close=\u00bboff\u00bb da_not_modal=\u00bbon\u00bb da_is_singular=\u00bboff\u00bb da_with_loader=\u00bboff\u00bb da_has_shadow=\u00bbon\u00bb][et_pb_row _builder_version=\u00bb4.27.5&#8243; _module_preset=\u00bbdefault\u00bb global_colors_info=\u00bb{}\u00bb][et_pb_column type=\u00bb4_4&#8243; _builder_version=\u00bb4.27.5&#8243; _module_preset=\u00bbdefault\u00bb global_colors_info=\u00bb{}\u00bb][et_pb_text _builder_version=\u00bb4.27.6&#8243; _module_preset=\u00bbdefault\u00bb header_2_font=\u00bbBodoni Moda|||on|||||\u00bb header_2_text_align=\u00bbcenter\u00bb header_2_font_size=\u00bb35px\u00bb header_2_line_height=\u00bb1.2em\u00bb hover_enabled=\u00bb0&#8243; header_font_size_tablet=\u00bb\u00bb header_font_size_phone=\u00bb32px\u00bb header_font_size_last_edited=\u00bbon|phone\u00bb header_2_font_size_tablet=\u00bb40px\u00bb header_2_font_size_phone=\u00bb27px\u00bb header_2_font_size_last_edited=\u00bbon|phone\u00bb global_colors_info=\u00bb{}\u00bb sticky_enabled=\u00bb0&#8243;]<\/p>\n<h2>Reserva tu visita. <br \/>Conoce el m\u00e9todo y comienza a vivir la experiencia<\/h2>\n<p>[\/et_pb_text][\/et_pb_column][\/et_pb_row][et_pb_row column_structure=\u00bb1_2,1_2&#8243; _builder_version=\u00bb4.27.5&#8243; _module_preset=\u00bbdefault\u00bb custom_padding=\u00bb0px||||false|false\u00bb global_colors_info=\u00bb{}\u00bb][et_pb_column type=\u00bb1_2&#8243; _builder_version=\u00bb4.27.5&#8243; _module_preset=\u00bbdefault\u00bb global_colors_info=\u00bb{}\u00bb][et_pb_text _builder_version=\u00bb4.27.6&#8243; _module_preset=\u00bbdefault\u00bb text_font=\u00bb|300|||||||\u00bb text_text_color=\u00bb#37322E\u00bb header_font=\u00bbBodoni Moda|700||on|||||\u00bb header_line_height=\u00bb1.1em\u00bb header_2_font=\u00bbCormorant Garamond|||on|||||\u00bb header_2_text_align=\u00bbleft\u00bb header_2_font_size=\u00bb30px\u00bb header_2_line_height=\u00bb1.1em\u00bb custom_margin=\u00bb||||false|false\u00bb animation_style=\u00bbslide\u00bb animation_direction=\u00bbbottom\u00bb animation_duration=\u00bb1250ms\u00bb animation_intensity_slide=\u00bb10%\u00bb header_2_font_tablet=\u00bbCormorant Garamond|||on|||||\u00bb header_2_font_phone=\u00bbCormorant Garamond|||on|||||\u00bb header_2_font_last_edited=\u00bbon|phone\u00bb header_2_text_align_tablet=\u00bbleft\u00bb header_2_text_align_phone=\u00bbcenter\u00bb header_2_text_align_last_edited=\u00bbon|phone\u00bb header_2_font_size_tablet=\u00bb30px\u00bb header_2_font_size_phone=\u00bb24px\u00bb header_2_font_size_last_edited=\u00bbon|phone\u00bb text_orientation_tablet=\u00bb\u00bb text_orientation_phone=\u00bbcenter\u00bb text_orientation_last_edited=\u00bbon|phone\u00bb global_colors_info=\u00bb{}\u00bb]<\/p>\n<h2>Descobre Mir\u00f3lab<\/h2>\n<p>Ven a ver como la ciencia, la tecnolog\u00eda y el entrenamiento se conectan para entender a tu cuerpo como nunca antes.<\/p>\n<p>En esta visita descubrir\u00e1s como trabajamos la salud funcional, cuales son las pruebas que utilizamos y porque entrenar con datos lo cambia todo. Es una experiencia para entender como funciona este nuevo espacio del Joan Mir\u00f3. <\/p>\n<p>[\/et_pb_text][et_pb_text _builder_version=\u00bb4.27.6&#8243; _module_preset=\u00bbdefault\u00bb text_font=\u00bb|300|||||||\u00bb text_text_color=\u00bb#37322E\u00bb header_font=\u00bbBodoni Moda|700||on|||||\u00bb header_line_height=\u00bb1.1em\u00bb header_2_font=\u00bbCormorant Garamond|||on|||||\u00bb header_2_text_align=\u00bbleft\u00bb header_2_font_size=\u00bb30px\u00bb header_2_line_height=\u00bb1.1em\u00bb custom_margin=\u00bb||||false|false\u00bb animation_style=\u00bbslide\u00bb animation_direction=\u00bbbottom\u00bb animation_duration=\u00bb1250ms\u00bb animation_intensity_slide=\u00bb10%\u00bb header_2_font_tablet=\u00bbCormorant Garamond|||on|||||\u00bb header_2_font_phone=\u00bbCormorant Garamond|||on|||||\u00bb header_2_font_last_edited=\u00bbon|phone\u00bb header_2_text_align_tablet=\u00bbleft\u00bb header_2_text_align_phone=\u00bbcenter\u00bb header_2_text_align_last_edited=\u00bbon|phone\u00bb header_2_font_size_tablet=\u00bb30px\u00bb header_2_font_size_phone=\u00bb24px\u00bb header_2_font_size_last_edited=\u00bbon|phone\u00bb text_orientation_tablet=\u00bb\u00bb text_orientation_phone=\u00bbcenter\u00bb text_orientation_last_edited=\u00bbon|phone\u00bb global_colors_info=\u00bb{}\u00bb]<\/p>\n<h2>Qu\u00e9 haremos en la visita<\/h2>\n<p>Un recorrido guiado por MIR\u00d3LAB. Conocer\u00e1s el espacio, las herramientas y el m\u00e9tido que nos permite individualizar el entrenamiento con criterio cient\u00edfico. Explicaci\u00f3n clara. Te explicamos como funcionan las pruebas, los servicios y como se integran dentro de tu entrenamiento habitual en el CEM Joan Mir\u00f3.   <\/p>\n<p>[\/et_pb_text][et_pb_text _builder_version=\u00bb4.27.6&#8243; _module_preset=\u00bbdefault\u00bb text_font=\u00bb|300|||||||\u00bb text_text_color=\u00bb#37322E\u00bb header_font=\u00bbBodoni Moda|700||on|||||\u00bb header_line_height=\u00bb1.1em\u00bb header_2_font=\u00bbCormorant Garamond|||on|||||\u00bb header_2_text_align=\u00bbleft\u00bb header_2_font_size=\u00bb30px\u00bb header_2_line_height=\u00bb1.1em\u00bb custom_margin=\u00bb||||false|false\u00bb animation_style=\u00bbslide\u00bb animation_direction=\u00bbbottom\u00bb animation_duration=\u00bb1250ms\u00bb animation_intensity_slide=\u00bb10%\u00bb header_2_font_tablet=\u00bbCormorant Garamond|||on|||||\u00bb header_2_font_phone=\u00bbCormorant Garamond|||on|||||\u00bb header_2_font_last_edited=\u00bbon|phone\u00bb header_2_text_align_tablet=\u00bbleft\u00bb header_2_text_align_phone=\u00bbcenter\u00bb header_2_text_align_last_edited=\u00bbon|phone\u00bb header_2_font_size_tablet=\u00bb30px\u00bb header_2_font_size_phone=\u00bb24px\u00bb header_2_font_size_last_edited=\u00bbon|phone\u00bb text_orientation_tablet=\u00bb\u00bb text_orientation_phone=\u00bbcenter\u00bb text_orientation_last_edited=\u00bbon|phone\u00bb global_colors_info=\u00bb{}\u00bb]<\/p>\n<h2>Detalles pr\u00e1cticos<\/h2>\n<p>Duraci\u00f3n: 25 minutos aprox.<br \/><strong>Puntualidad: <\/strong><br \/><strong>Confirmaci\u00f3n<\/strong>: Una vez hecha la reserva, recibir\u00e1s un correo con todos los detalles de la visita.<\/p>\n<p>[\/et_pb_text][et_pb_text _builder_version=\u00bb4.27.6&#8243; _module_preset=\u00bbdefault\u00bb text_font=\u00bb|300|||||||\u00bb text_text_color=\u00bb#37322E\u00bb header_font=\u00bbBodoni Moda|700||on|||||\u00bb header_line_height=\u00bb1.1em\u00bb header_2_font=\u00bbCormorant Garamond||||||||\u00bb header_2_font_size=\u00bb30px\u00bb header_2_line_height=\u00bb1.1em\u00bb header_3_font=\u00bbBodoni Moda|700|||||||\u00bb header_3_text_color=\u00bb#37322E\u00bb header_3_line_height=\u00bb1.2em\u00bb custom_margin=\u00bb||||false|false\u00bb animation_style=\u00bbslide\u00bb animation_direction=\u00bbbottom\u00bb animation_duration=\u00bb1250ms\u00bb animation_intensity_slide=\u00bb10%\u00bb header_3_text_align_tablet=\u00bb\u00bb header_3_text_align_phone=\u00bbcenter\u00bb header_3_text_align_last_edited=\u00bbon|phone\u00bb global_colors_info=\u00bb{}\u00bb]<\/p>\n<h3>La salud no es intuici\u00f3n. Es conocimiento. Ven a descubir como entrenar con sentido.  <\/h3>\n<p>[\/et_pb_text][\/et_pb_column][et_pb_column type=\u00bb1_2&#8243; _builder_version=\u00bb4.27.5&#8243; _module_preset=\u00bbdefault\u00bb global_colors_info=\u00bb{}\u00bb][et_pb_divider show_divider=\u00bboff\u00bb module_id=\u00bbformulari\u00bb _builder_version=\u00bb4.27.5&#8243; _module_preset=\u00bbdefault\u00bb custom_padding=\u00bb15px||||false|false\u00bb global_colors_info=\u00bb{}\u00bb][\/et_pb_divider][divi_step_booking _builder_version=\u00bb4.27.5&#8243; _module_preset=\u00bbdefault\u00bb custom_margin=\u00bb-30px||||false|false\u00bb global_colors_info=\u00bb{}\u00bb][\/divi_step_booking][\/et_pb_column][\/et_pb_row][\/et_pb_section]<\/p>\n","protected":false},"excerpt":{"rendered":"<p>Tour Mir\u00f3labReserva tu visita. Conoce el m\u00e9todo y comienza a vivir la experienciaDescobre Mir\u00f3lab Ven a ver como la ciencia, la tecnolog\u00eda y el entrenamiento se conectan para entender a tu cuerpo como nunca antes. En esta visita descubrir\u00e1s como trabajamos la salud funcional, cuales son las pruebas que utilizamos y porque entrenar con datos [&hellip;]<\/p>\n","protected":false},"author":1,"featured_media":427,"parent":0,"menu_order":0,"comment_status":"closed","ping_status":"closed","template":"","meta":{"_acf_changed":false,"_et_pb_use_builder":"on","_et_pb_old_content":"","_et_gb_content_width":"","footnotes":""},"class_list":["post-1774","page","type-page","status-publish","has-post-thumbnail","hentry"],"acf":[],"yoast_head":"<!-- This site is optimized with the Yoast SEO plugin v26.3 - https:\/\/yoast.com\/wordpress\/plugins\/seo\/ -->\n<title>Tour Mir\u00f3lab - MiroLab Barcelona<\/title>\n<meta name=\"description\" content=\"Reserva un tour presencial a Mir\u00f3lab i descobreix el nostre m\u00e8tode, les instal\u00b7lacions i l\u2019enfoc cient\u00edfic per a la salut i la longevitat\" \/>\n<meta name=\"robots\" content=\"index, follow, max-snippet:-1, max-image-preview:large, max-video-preview:-1\" \/>\n<link rel=\"canonical\" href=\"https:\/\/mirolab.cat\/es\/tour-mirolab\/\" \/>\n<meta property=\"og:locale\" content=\"es_ES\" \/>\n<meta property=\"og:type\" content=\"article\" \/>\n<meta property=\"og:title\" content=\"Tour Mir\u00f3lab - MiroLab Barcelona\" \/>\n<meta property=\"og:description\" content=\"Reserva un tour presencial a Mir\u00f3lab i descobreix el nostre m\u00e8tode, les instal\u00b7lacions i l\u2019enfoc cient\u00edfic per a la salut i la longevitat\" \/>\n<meta property=\"og:url\" content=\"https:\/\/mirolab.cat\/es\/tour-mirolab\/\" \/>\n<meta property=\"og:site_name\" content=\"MiroLab Barcelona\" \/>\n<meta property=\"article:modified_time\" content=\"2026-03-30T17:01:09+00:00\" \/>\n<meta property=\"og:image\" content=\"https:\/\/mirolab.cat\/wp-content\/uploads\/2025\/10\/mirolab_destacada.webp\" \/>\n\t<meta property=\"og:image:width\" content=\"526\" \/>\n\t<meta property=\"og:image:height\" content=\"416\" \/>\n\t<meta property=\"og:image:type\" content=\"image\/webp\" \/>\n<meta name=\"twitter:card\" content=\"summary_large_image\" \/>\n<meta name=\"twitter:label1\" content=\"Tiempo de lectura\" \/>\n\t<meta name=\"twitter:data1\" content=\"6 minutos\" \/>\n<script type=\"application\/ld+json\" class=\"yoast-schema-graph\">{\"@context\":\"https:\/\/schema.org\",\"@graph\":[{\"@type\":\"WebPage\",\"@id\":\"https:\/\/mirolab.cat\/es\/tour-mirolab\/\",\"url\":\"https:\/\/mirolab.cat\/es\/tour-mirolab\/\",\"name\":\"Tour Mir\u00f3lab - MiroLab Barcelona\",\"isPartOf\":{\"@id\":\"https:\/\/mirolab.cat\/es\/#website\"},\"primaryImageOfPage\":{\"@id\":\"https:\/\/mirolab.cat\/es\/tour-mirolab\/#primaryimage\"},\"image\":{\"@id\":\"https:\/\/mirolab.cat\/es\/tour-mirolab\/#primaryimage\"},\"thumbnailUrl\":\"https:\/\/mirolab.cat\/wp-content\/uploads\/2025\/10\/mirolab_destacada.webp\",\"datePublished\":\"2026-01-08T08:07:41+00:00\",\"dateModified\":\"2026-03-30T17:01:09+00:00\",\"description\":\"Reserva un tour presencial a Mir\u00f3lab i descobreix el nostre m\u00e8tode, les instal\u00b7lacions i l\u2019enfoc cient\u00edfic per a la salut i la longevitat\",\"breadcrumb\":{\"@id\":\"https:\/\/mirolab.cat\/es\/tour-mirolab\/#breadcrumb\"},\"inLanguage\":\"es\",\"potentialAction\":[{\"@type\":\"ReadAction\",\"target\":[\"https:\/\/mirolab.cat\/es\/tour-mirolab\/\"]}]},{\"@type\":\"ImageObject\",\"inLanguage\":\"es\",\"@id\":\"https:\/\/mirolab.cat\/es\/tour-mirolab\/#primaryimage\",\"url\":\"https:\/\/mirolab.cat\/wp-content\/uploads\/2025\/10\/mirolab_destacada.webp\",\"contentUrl\":\"https:\/\/mirolab.cat\/wp-content\/uploads\/2025\/10\/mirolab_destacada.webp\",\"width\":526,\"height\":416,\"caption\":\"Mir\u00f3Lab destacada\"},{\"@type\":\"BreadcrumbList\",\"@id\":\"https:\/\/mirolab.cat\/es\/tour-mirolab\/#breadcrumb\",\"itemListElement\":[{\"@type\":\"ListItem\",\"position\":1,\"name\":\"Inici\",\"item\":\"https:\/\/mirolab.cat\/es\/mirolab-barcelona-innova-lab-sports\/\"},{\"@type\":\"ListItem\",\"position\":2,\"name\":\"Tour Mir\u00f3lab\"}]},{\"@type\":\"WebSite\",\"@id\":\"https:\/\/mirolab.cat\/es\/#website\",\"url\":\"https:\/\/mirolab.cat\/es\/\",\"name\":\"MiroLab Barcelona\",\"description\":\"Rendiment i salut basats en dades.\",\"potentialAction\":[{\"@type\":\"SearchAction\",\"target\":{\"@type\":\"EntryPoint\",\"urlTemplate\":\"https:\/\/mirolab.cat\/es\/?s={search_term_string}\"},\"query-input\":{\"@type\":\"PropertyValueSpecification\",\"valueRequired\":true,\"valueName\":\"search_term_string\"}}],\"inLanguage\":\"es\"}]}<\/script>\n<!-- \/ Yoast SEO plugin. -->","yoast_head_json":{"title":"Tour Mir\u00f3lab - MiroLab Barcelona","description":"Reserva un tour presencial a Mir\u00f3lab i descobreix el nostre m\u00e8tode, les instal\u00b7lacions i l\u2019enfoc cient\u00edfic per a la salut i la longevitat","robots":{"index":"index","follow":"follow","max-snippet":"max-snippet:-1","max-image-preview":"max-image-preview:large","max-video-preview":"max-video-preview:-1"},"canonical":"https:\/\/mirolab.cat\/es\/tour-mirolab\/","og_locale":"es_ES","og_type":"article","og_title":"Tour Mir\u00f3lab - MiroLab Barcelona","og_description":"Reserva un tour presencial a Mir\u00f3lab i descobreix el nostre m\u00e8tode, les instal\u00b7lacions i l\u2019enfoc cient\u00edfic per a la salut i la longevitat","og_url":"https:\/\/mirolab.cat\/es\/tour-mirolab\/","og_site_name":"MiroLab Barcelona","article_modified_time":"2026-03-30T17:01:09+00:00","og_image":[{"width":526,"height":416,"url":"https:\/\/mirolab.cat\/wp-content\/uploads\/2025\/10\/mirolab_destacada.webp","type":"image\/webp"}],"twitter_card":"summary_large_image","twitter_misc":{"Tiempo de lectura":"6 minutos"},"schema":{"@context":"https:\/\/schema.org","@graph":[{"@type":"WebPage","@id":"https:\/\/mirolab.cat\/es\/tour-mirolab\/","url":"https:\/\/mirolab.cat\/es\/tour-mirolab\/","name":"Tour Mir\u00f3lab - MiroLab Barcelona","isPartOf":{"@id":"https:\/\/mirolab.cat\/es\/#website"},"primaryImageOfPage":{"@id":"https:\/\/mirolab.cat\/es\/tour-mirolab\/#primaryimage"},"image":{"@id":"https:\/\/mirolab.cat\/es\/tour-mirolab\/#primaryimage"},"thumbnailUrl":"https:\/\/mirolab.cat\/wp-content\/uploads\/2025\/10\/mirolab_destacada.webp","datePublished":"2026-01-08T08:07:41+00:00","dateModified":"2026-03-30T17:01:09+00:00","description":"Reserva un tour presencial a Mir\u00f3lab i descobreix el nostre m\u00e8tode, les instal\u00b7lacions i l\u2019enfoc cient\u00edfic per a la salut i la longevitat","breadcrumb":{"@id":"https:\/\/mirolab.cat\/es\/tour-mirolab\/#breadcrumb"},"inLanguage":"es","potentialAction":[{"@type":"ReadAction","target":["https:\/\/mirolab.cat\/es\/tour-mirolab\/"]}]},{"@type":"ImageObject","inLanguage":"es","@id":"https:\/\/mirolab.cat\/es\/tour-mirolab\/#primaryimage","url":"https:\/\/mirolab.cat\/wp-content\/uploads\/2025\/10\/mirolab_destacada.webp","contentUrl":"https:\/\/mirolab.cat\/wp-content\/uploads\/2025\/10\/mirolab_destacada.webp","width":526,"height":416,"caption":"Mir\u00f3Lab destacada"},{"@type":"BreadcrumbList","@id":"https:\/\/mirolab.cat\/es\/tour-mirolab\/#breadcrumb","itemListElement":[{"@type":"ListItem","position":1,"name":"Inici","item":"https:\/\/mirolab.cat\/es\/mirolab-barcelona-innova-lab-sports\/"},{"@type":"ListItem","position":2,"name":"Tour Mir\u00f3lab"}]},{"@type":"WebSite","@id":"https:\/\/mirolab.cat\/es\/#website","url":"https:\/\/mirolab.cat\/es\/","name":"MiroLab Barcelona","description":"Rendiment i salut basats en dades.","potentialAction":[{"@type":"SearchAction","target":{"@type":"EntryPoint","urlTemplate":"https:\/\/mirolab.cat\/es\/?s={search_term_string}"},"query-input":{"@type":"PropertyValueSpecification","valueRequired":true,"valueName":"search_term_string"}}],"inLanguage":"es"}]}},"_links":{"self":[{"href":"https:\/\/mirolab.cat\/es\/wp-json\/wp\/v2\/pages\/1774","targetHints":{"allow":["GET"]}}],"collection":[{"href":"https:\/\/mirolab.cat\/es\/wp-json\/wp\/v2\/pages"}],"about":[{"href":"https:\/\/mirolab.cat\/es\/wp-json\/wp\/v2\/types\/page"}],"author":[{"embeddable":true,"href":"https:\/\/mirolab.cat\/es\/wp-json\/wp\/v2\/users\/1"}],"replies":[{"embeddable":true,"href":"https:\/\/mirolab.cat\/es\/wp-json\/wp\/v2\/comments?post=1774"}],"version-history":[{"count":12,"href":"https:\/\/mirolab.cat\/es\/wp-json\/wp\/v2\/pages\/1774\/revisions"}],"predecessor-version":[{"id":2320,"href":"https:\/\/mirolab.cat\/es\/wp-json\/wp\/v2\/pages\/1774\/revisions\/2320"}],"wp:featuredmedia":[{"embeddable":true,"href":"https:\/\/mirolab.cat\/es\/wp-json\/wp\/v2\/media\/427"}],"wp:attachment":[{"href":"https:\/\/mirolab.cat\/es\/wp-json\/wp\/v2\/media?parent=1774"}],"curies":[{"name":"wp","href":"https:\/\/api.w.org\/{rel}","templated":true}]}}